{"id":672,"date":"2024-04-29T12:36:09","date_gmt":"2024-04-29T10:36:09","guid":{"rendered":"https:\/\/2024.wydawnictwo-sqda.pl\/?post_type=product&#038;p=672"},"modified":"2026-04-20T12:01:32","modified_gmt":"2026-04-20T10:01:32","slug":"plwytyczne-do-certyfikacji-na-zgodnosc-ze-standardem-iatf-16949-wydanie-szoste-2025-polska-wersja-jezykowa","status":"publish","type":"product","link":"https:\/\/wydawnictwo-sqda.pl\/en\/product\/plwytyczne-do-certyfikacji-na-zgodnosc-ze-standardem-iatf-16949-wydanie-szoste-2025-polska-wersja-jezykowa\/","title":{"rendered":"Wytyczne do certyfikacji na zgodno\u015b\u0107 ze standardem IATF 16949, wydanie sz\u00f3ste, 2025. [PL]"},"content":{"rendered":"<p>\"Guidelines for certification of compliance with the IATF 16949 standard, sixth edition\" are binding on the certification body and its clients, and should be implemented by both the body and its clients. The manual describes the requirements for certification bodies, requirements for the legal agreement between the client and the certification body, requirements for the audit carried out at the client's premises, requirements for the certification process and the certificate withdrawal process.<\/p>\n<p>The new, sixth edition of the \"Principles\" includes new terms and definitions, including: in Chapter 10, as well as a number of new requirements applicable in the automotive industry.<\/p>","protected":false},"excerpt":{"rendered":"<p>Podr\u0119cznik \u201eWytyczne do certyfikacji na zgodno\u015b\u0107 ze standardem IATF 16949\u201d wydanie sz\u00f3ste, zawieraj\u0105cy zasady uzyskania i utrzymania uprawnie\u0144 IATF oraz wytyczne do certyfikacji na zgodno\u015b\u0107 ze standardem IATF 16949, zast\u0119puje \u201eWytyczne do certyfikacji na zgodno\u015b\u0107 ze standardem IATF 16949 wydanie pi\u0105te\u201d oraz wszelkie zwi\u0105zane z wydaniem pi\u0105tym SI i FAQ.<\/p>","protected":false},"featured_media":702,"comment_status":"closed","ping_status":"closed","template":"","meta":[],"product_brand":[],"product_cat":[20,37],"product_tag":[],"class_list":{"0":"post-672","1":"product","2":"type-product","3":"status-publish","4":"has-post-thumbnail","6":"product_cat-publikacje-iatf","7":"product_cat-polskojezyczne","9":"first","10":"instock","11":"taxable","12":"shipping-taxable","13":"purchasable","14":"product-type-simple"},"meta_box":{"wyd_pdf_title":"Pobierz errat\u0119","wyd_pdf":"https:\/\/wydawnictwo-sqda.pl\/produkt\/errata-do-polskiego-wydania-wytyczne-do-certyfikacji-na-zgodnosc-ze-standardem-iatf-16949-wydanie-6\/","wyd_pdf_title_2":"Pobierz wykaz najwa\u017cniejszych zmian","wyd_pdf_2":"https:\/\/wydawnictwo-sqda.pl\/produkt\/wykaz-najwazniejszych-zmian-wytyczne-do-certyfikacji-na-zgodnosc-ze-standardem-iatf-16949-wydanie-6-pl\/","show_price_check":"0","free_gifts":[],"trans_content_long":"<p>\"Guidelines for certification of compliance with the IATF 16949 standard, sixth edition\" are binding on the certification body and its clients, and should be implemented by both the body and its clients. The manual describes the requirements for certification bodies, requirements for the legal agreement between the client and the certification body, requirements for the audit carried out at the client's premises, requirements for the certification process and the certificate withdrawal process.<\/p>\n<p>The new, sixth edition of the \"Principles\" includes new terms and definitions, including: in Chapter 10, as well as a number of new requirements applicable in the automotive industry.<\/p>\n","trans_content_short":"<p>The Manual \"Guidelines for certification in accordance with the IATF 16949 standard\", sixth edition, containing the rules for obtaining and maintaining IATF qualifications and guidelines for certification in accordance with the IATF 16949 standard, replaces the \"Guidelines for certification in accordance with the IATF 16949 standard, fifth edition\" and all related with 5th Edition SI and FAQ.<\/p>\n","id_wpisu":"","powiazane_szkolenia":""},"tiered_pricing_type":"fixed","tiered_pricing_fixed_rules":[],"tiered_pricing_product_settings":{"layout":"default","base_unit_name":{"singular":null,"plural":null},"default_variation":null},"tiered_pricing_minimum_quantity":null,"tiered_pricing_roles_data":[],"tiered_pricing_percentage_rules":[],"_links":{"self":[{"href":"https:\/\/wydawnictwo-sqda.pl\/en\/wp-json\/wp\/v2\/product\/672","targetHints":{"allow":["GET"]}}],"collection":[{"href":"https:\/\/wydawnictwo-sqda.pl\/en\/wp-json\/wp\/v2\/product"}],"about":[{"href":"https:\/\/wydawnictwo-sqda.pl\/en\/wp-json\/wp\/v2\/types\/product"}],"replies":[{"embeddable":true,"href":"https:\/\/wydawnictwo-sqda.pl\/en\/wp-json\/wp\/v2\/comments?post=672"}],"wp:featuredmedia":[{"embeddable":true,"href":"https:\/\/wydawnictwo-sqda.pl\/en\/wp-json\/wp\/v2\/media\/702"}],"wp:attachment":[{"href":"https:\/\/wydawnictwo-sqda.pl\/en\/wp-json\/wp\/v2\/media?parent=672"}],"wp:term":[{"taxonomy":"product_brand","embeddable":true,"href":"https:\/\/wydawnictwo-sqda.pl\/en\/wp-json\/wp\/v2\/product_brand?post=672"},{"taxonomy":"product_cat","embeddable":true,"href":"https:\/\/wydawnictwo-sqda.pl\/en\/wp-json\/wp\/v2\/product_cat?post=672"},{"taxonomy":"product_tag","embeddable":true,"href":"https:\/\/wydawnictwo-sqda.pl\/en\/wp-json\/wp\/v2\/product_tag?post=672"}],"curies":[{"name":"wp","href":"https:\/\/api.w.org\/{rel}","templated":true}]}}