{"id":670,"date":"2024-04-29T12:36:09","date_gmt":"2024-04-29T10:36:09","guid":{"rendered":"https:\/\/2024.wydawnictwo-sqda.pl\/?post_type=product&#038;p=670"},"modified":"2024-05-21T15:01:45","modified_gmt":"2024-05-21T13:01:45","slug":"plvda-6-32023-zatwierdzona-interpretacje-si-i-czesto-zadawane-pytania-faqenprzemysl-motoryzacyjny-wykaz-stosowanych-skrotow-branzowych","status":"publish","type":"product","link":"https:\/\/wydawnictwo-sqda.pl\/en\/product\/plvda-6-32023-zatwierdzona-interpretacje-si-i-czesto-zadawane-pytania-faqenprzemysl-motoryzacyjny-wykaz-stosowanych-skrotow-branzowych\/","title":{"rendered":"VDA 6.3:2023 \u201cZatwierdzona interpretacje\u201d \u2013 SI i \u201cCz\u0119sto Zadawane Pytania\u201d \u2013 FAQ"},"content":{"rendered":"<p>\u201eZatwierdzona interpretacja\u201d (SI) zmienia interpretacj\u0119 zasady lub wymagania, staj\u0105c si\u0119 nast\u0119pnie podstaw\u0105 ustalenia niezgodno\u015bci.<\/p>\n<p>\u201cCz\u0119sto Zadawane Pytania\u201d s\u0105 obja\u015bnieniem istniej\u0105cych zasad lub wymaga\u0144.<\/p>\n<p>Obowi\u0105zuj\u0105 one od dnia publikacji.<\/p>","protected":false},"excerpt":{"rendered":"<p>Wydanie 4 zmienione, stycze\u0144 2023<\/p>","protected":false},"featured_media":700,"comment_status":"closed","ping_status":"closed","template":"","meta":[],"product_brand":[],"product_cat":[65,37,55,91],"product_tag":[],"class_list":{"0":"post-670","1":"product","2":"type-product","3":"status-publish","4":"has-post-thumbnail","6":"product_cat-publikacje-sqd-alliance","7":"product_cat-polskojezyczne","8":"product_cat-e-book","9":"product_cat-bezplatne","11":"first","12":"instock","13":"downloadable","14":"virtual","15":"taxable","16":"purchasable","17":"product-type-simple"},"meta_box":{"wyd_pdf_title":"","wyd_pdf":"","wyd_pdf_title_2":"","wyd_pdf_2":"","show_price_check":"","free_gifts":[],"trans_content_long":"<p>\"Przemys\u0142 motoryzacyjny - wykaz stosowanych skr\u00f3t\u00f3w bran\u017cowych\u201d is a short list of acronyms that you deal with on a daily basis, useful in any automotive plant. The tabular summary, the expansion of the abbreviation in the original language with a translation into Polish will be useful not only for a novice engineer, but also for every employee who uses specific requirements and customer forms or reference manuals and many others in their work. The sources for the creation of this list were, among others: ISO 9000:2015, ISO 9001:2015, IATF 16949:2016, AIAG and VDA reference manuals, etc.\"Przemys\u0142 motoryzacyjny - wykaz stosowanych skr\u00f3t\u00f3w bran\u017cowych\u201d is a short list of acronyms that you deal with on a daily basis, useful in any automotive plant. The tabular summary, the expansion of the abbreviation in the original language with a translation into Polish will be useful not only for a novice engineer, but also for every employee who uses specific requirements and customer forms or reference manuals and many others in their work. The sources for the creation of this list were, among others: ISO 9000:2015, ISO 9001:2015, IATF 16949:2016, AIAG and VDA reference manuals, etc.<\/p>\n","trans_content_short":"<p>Edition 4 revised, January 2023<\/p>\n","id_wpisu":"","powiazane_szkolenia":""},"tiered_pricing_type":"fixed","tiered_pricing_fixed_rules":[],"tiered_pricing_product_settings":{"layout":"default","base_unit_name":{"singular":null,"plural":null},"default_variation":null},"tiered_pricing_minimum_quantity":null,"tiered_pricing_roles_data":[],"tiered_pricing_percentage_rules":[],"_links":{"self":[{"href":"https:\/\/wydawnictwo-sqda.pl\/en\/wp-json\/wp\/v2\/product\/670","targetHints":{"allow":["GET"]}}],"collection":[{"href":"https:\/\/wydawnictwo-sqda.pl\/en\/wp-json\/wp\/v2\/product"}],"about":[{"href":"https:\/\/wydawnictwo-sqda.pl\/en\/wp-json\/wp\/v2\/types\/product"}],"replies":[{"embeddable":true,"href":"https:\/\/wydawnictwo-sqda.pl\/en\/wp-json\/wp\/v2\/comments?post=670"}],"wp:featuredmedia":[{"embeddable":true,"href":"https:\/\/wydawnictwo-sqda.pl\/en\/wp-json\/wp\/v2\/media\/700"}],"wp:attachment":[{"href":"https:\/\/wydawnictwo-sqda.pl\/en\/wp-json\/wp\/v2\/media?parent=670"}],"wp:term":[{"taxonomy":"product_brand","embeddable":true,"href":"https:\/\/wydawnictwo-sqda.pl\/en\/wp-json\/wp\/v2\/product_brand?post=670"},{"taxonomy":"product_cat","embeddable":true,"href":"https:\/\/wydawnictwo-sqda.pl\/en\/wp-json\/wp\/v2\/product_cat?post=670"},{"taxonomy":"product_tag","embeddable":true,"href":"https:\/\/wydawnictwo-sqda.pl\/en\/wp-json\/wp\/v2\/product_tag?post=670"}],"curies":[{"name":"wp","href":"https:\/\/api.w.org\/{rel}","templated":true}]}}