{"id":668,"date":"2024-04-29T12:36:09","date_gmt":"2024-04-29T10:36:09","guid":{"rendered":"https:\/\/2024.wydawnictwo-sqda.pl\/?post_type=product&#038;p=668"},"modified":"2026-03-19T14:11:14","modified_gmt":"2026-03-19T13:11:14","slug":"plvda-4-zapewnienie-jakosci-na-mapie-procesow-rozdzial-2-analizy-ryzyka","status":"publish","type":"product","link":"https:\/\/wydawnictwo-sqda.pl\/en\/product\/plvda-4-zapewnienie-jakosci-na-mapie-procesow-rozdzial-2-analizy-ryzyka\/","title":{"rendered":"VDA 4 &#8211; Zapewnienie jako\u015bci na mapie proces\u00f3w. Rozdzia\u0142 2: Analizy ryzyka"},"content":{"rendered":"<p>Post\u0119puj\u0105cy rozw\u00f3j zarz\u0105dzania jako\u015bci\u0105 w przemy\u015ble motoryzacyjnym wymaga\u0142 pe\u0142nej rewizji tomu <strong>VDA 4<\/strong>, zar\u00f3wno pod wzgl\u0119dem tre\u015bci, jak i kwestii redakcyjnych.<\/p>\n<p>Zmiany tre\u015bci dokonano g\u0142\u00f3wnie w nast\u0119puj\u0105cych obszarach:<br \/>\n\u2022 integracja rozdzia\u0142u dotycz\u0105cego metody 5x dlaczego (5-Why),<br \/>\n\u2022 integracja modelu wyboru metody z dawnego tomu VDA 14,<br \/>\n\u2022 streszczenie metody FMEA i 8D ze wzgl\u0119du na ich przeniesienie do szczeg\u00f3\u0142owych i niezale\u017cnych tom\u00f3w VDA,<br \/>\n\u2022 integracja dalszego rozwoju i nowych spostrze\u017ce\u0144 w opisach r\u00f3\u017cnych metod,<br \/>\n\u2022 likwidacja struktury ko\u0142onotatnika: to wydanie jest dost\u0119pne w formie monografii wydanej w czterech tomach, co pomaga poprawi\u0107 przejrzysto\u015b\u0107 i \u0142atwo\u015b\u0107 odniesienia.<\/p>\n<p>Przegl\u0105d rozdzia\u0142\u00f3w tomu <strong>VDA 4 \u2013 Zapewnienie jako\u015bci na mapie proces\u00f3w<\/strong><\/p>\n<p><strong>Rozdzia\u0142 1: Og\u00f3lne<\/strong><br \/>\nPrzegl\u0105d metod, podstawowe narz\u0119dzia, procesy rozwoju.<\/p>\n<p><strong>Rozdzia\u0142 2: Analizy ryzyka<\/strong><br \/>\nAnaliza drzewa b\u0142\u0119d\u00f3w (FTA), analiza rodzaju i skutk\u00f3w b\u0142\u0119du (FMEA), analiza SWOT (mocne strony \u2013 s\u0142abe strony \/ szanse \u2013 zagro\u017cenia).<\/p>\n<p><strong>Rozdzia\u0142 3: Metody<\/strong><br \/>\nProjektowanie dla proces\u00f3w wytwarzania i monta\u017cowych DFMA (ang. Design for Manufacturing and Assembly), model projektowania wspomaganego cyfrowo DMU (ang. Digital Mock-Up), projektowanie eksperyment\u00f3w DoE (ang. Design of Experiments) \u2013 metoda przeprowadzania pr\u00f3b, analiza wykonalno\u015bci, Poka-Yoke, dopasowanie funkcji jako\u015bci QFD (ang. Quality Function Deployment), teoria nowatorskiego rozwi\u0105zywania problem\u00f3w TRIZ, ekonomiczne projektowanie procesu i kontrola procesu, metoda 8D, metoda 5x dlaczego (5 Why), wyb\u00f3r zapobiegawczych metod zarz\u0105dzania jako\u015bci\u0105.<\/p>\n<p><strong>Rozdzia\u0142 4: Modele post\u0119powania<\/strong><br \/>\nSix Sigma, projektowanie proces\u00f3w dla Six Sigma DFSS (ang. Design for Six Sigma), tolerowanie proces\u00f3w w aspekcie ekonomicznym. <strong>Wersja w j\u0119zyku polskim. <\/strong><\/p>","protected":false},"excerpt":{"rendered":"<p>VDA 4, Zapewnienie jako\u015bci na mapie proces\u00f3w Rozdzia\u0142 2: Og\u00f3lne, wydanie 3., sierpie\u0144 2020.<\/p>\n<p>Wersja w j\u0119zyku <strong>polskim.<\/strong><\/p>","protected":false},"featured_media":698,"comment_status":"closed","ping_status":"closed","template":"","meta":[],"product_brand":[],"product_cat":[19,37],"product_tag":[],"class_list":{"0":"post-668","1":"product","2":"type-product","3":"status-publish","4":"has-post-thumbnail","6":"product_cat-publikacje-vda","7":"product_cat-polskojezyczne","9":"first","10":"instock","11":"taxable","12":"shipping-taxable","13":"purchasable","14":"product-type-simple"},"meta_box":{"wyd_pdf_title":"","wyd_pdf":"","wyd_pdf_title_2":"","wyd_pdf_2":"","show_price_check":"0","free_gifts":[],"trans_content_long":"<p>The advancing developments in quality management in the automotive industry have required a complete revision of the VDA volume 4 both with regard to content as well as editorial.<\/p>\n<p>Changes in content were mainly made in the following areas:<\/p>\n<ul>\n<li>Integration of a chapter on the 5 Why method<\/li>\n<li>Integration of the method selection model from the former VDA volume 14<\/li>\n<li>Summaries of the methods FMEA and 8D due to their transfer as detailed, independent VDA volumes<\/li>\n<li>Integration of further developments and new perceptions for various method descriptions<\/li>\n<li>Dissolving the ring-binder structure: This volume is now available as a monograph available in four sections, which improves clarity and easy referencing.<\/li>\n<\/ul>\n<p>Overview of the Sections of VDA Volume 4 \u2013 Quality Assurance in the Process Landscape:<\/p>\n<p><strong>Section 1:<\/strong> General. Methods Overview, Elementary Aids, Development Processes<\/p>\n<p><strong>Section 2:<\/strong> Risk Analyses. Fault Tree Analysis \u2013 FTA, Failure Mode and Effects Analysis (FMEA), SWOT Analysis (Strengths \u2013 Weaknesses \u2013 Opportunities \u2013 Threats)<\/p>\n<p><strong>Section 3:<\/strong> Methods. Design for Manufacturing and Assembly (DFMA), Digital Mock-Up (DMU), Design of Experiments (DoE) \u2013 Trial Methodology, Manufacturing Feasibility Analysis, POKA YOKE, Quality Function Deployment (QFD), TRIZ, Economical Process Design and Process Control, 8D Method, 5 Why Method, Selection of Preventive Quality Management Methods<\/p>\n<p><strong>Section 4:<\/strong> Process Models. Six Sigma, Design for Six Sigma (DFSS), Industrial Tolerance ProcessThe advancing developments in quality management in the automotive industry have required a complete revision of the VDA volume 4 both with regard to content as well as editorial.<\/p>\n","trans_content_short":"<p>Volume in<strong> Polish <\/strong>language. Volume 4 - Quality Assurance in the Process Landscape. Section 2: Risk analyses, 3rd edition, August 2021.<\/p>\n","id_wpisu":"","powiazane_szkolenia":""},"tiered_pricing_type":"fixed","tiered_pricing_fixed_rules":[],"tiered_pricing_product_settings":{"layout":"default","base_unit_name":{"singular":null,"plural":null},"default_variation":null},"tiered_pricing_minimum_quantity":null,"tiered_pricing_roles_data":[],"tiered_pricing_percentage_rules":[],"_links":{"self":[{"href":"https:\/\/wydawnictwo-sqda.pl\/en\/wp-json\/wp\/v2\/product\/668","targetHints":{"allow":["GET"]}}],"collection":[{"href":"https:\/\/wydawnictwo-sqda.pl\/en\/wp-json\/wp\/v2\/product"}],"about":[{"href":"https:\/\/wydawnictwo-sqda.pl\/en\/wp-json\/wp\/v2\/types\/product"}],"replies":[{"embeddable":true,"href":"https:\/\/wydawnictwo-sqda.pl\/en\/wp-json\/wp\/v2\/comments?post=668"}],"wp:featuredmedia":[{"embeddable":true,"href":"https:\/\/wydawnictwo-sqda.pl\/en\/wp-json\/wp\/v2\/media\/698"}],"wp:attachment":[{"href":"https:\/\/wydawnictwo-sqda.pl\/en\/wp-json\/wp\/v2\/media?parent=668"}],"wp:term":[{"taxonomy":"product_brand","embeddable":true,"href":"https:\/\/wydawnictwo-sqda.pl\/en\/wp-json\/wp\/v2\/product_brand?post=668"},{"taxonomy":"product_cat","embeddable":true,"href":"https:\/\/wydawnictwo-sqda.pl\/en\/wp-json\/wp\/v2\/product_cat?post=668"},{"taxonomy":"product_tag","embeddable":true,"href":"https:\/\/wydawnictwo-sqda.pl\/en\/wp-json\/wp\/v2\/product_tag?post=668"}],"curies":[{"name":"wp","href":"https:\/\/api.w.org\/{rel}","templated":true}]}}