{"id":667,"date":"2024-04-29T12:36:09","date_gmt":"2024-04-29T10:36:09","guid":{"rendered":"https:\/\/2024.wydawnictwo-sqda.pl\/?post_type=product&#038;p=667"},"modified":"2024-10-18T16:38:38","modified_gmt":"2024-10-18T14:38:38","slug":"plvda-5-praxishandbuchenband-05-praxishandbuch","status":"publish","type":"product","link":"https:\/\/wydawnictwo-sqda.pl\/en\/product\/plvda-5-praxishandbuchenband-05-praxishandbuch\/","title":{"rendered":"VDA 5 Praxishandbuch"},"content":{"rendered":"<p>Ten praktyczny podr\u0119cznik VDA 5 zosta\u0142 opracowany jako uzupe\u0142nienie nowego tomu 5 VDA, wydanie 3 2021. Znajomo\u015b\u0107 tomu 5 VDA, w kt\u00f3rym szczeg\u00f3\u0142owo wyja\u015bniono metodologi\u0119 i procedur\u0119, jest absolutnie niezb\u0119dna, aby m\u00f3c zrozumie\u0107 zawarto\u015b\u0107 tego praktycznego tomu. Praktyczny podr\u0119cznik VDA 5 celowo unika powtarzania teorii, a zamiast tego pokazuje, jak mo\u017cna go zastosowa\u0107 do pomiaru i testowania przydatno\u015bci procesu w codziennej pracy.<\/p>\n<p class=\"translation-block\">German language version.<\/p>","protected":false},"excerpt":{"rendered":"<p>VDA 5 Praktyczny podr\u0119cznik<\/p>\n<p><strong>Wydanie 1, kwiecie\u0144 2022<\/strong><\/p>\n<p class=\"translation-block\">German language version.<\/p>\n<p class=\"translation-block\">The book is available on the client\u2019s request. The waiting time for delivery is up to 30 business days. The order is associated with an additional transport fee from external warehouse in the amount of 130 PLN net.<\/p>","protected":false},"featured_media":697,"comment_status":"closed","ping_status":"closed","template":"","meta":[],"product_brand":[],"product_cat":[19,89],"product_tag":[],"class_list":{"0":"post-667","1":"product","2":"type-product","3":"status-publish","4":"has-post-thumbnail","6":"product_cat-publikacje-vda","7":"product_cat-niemieckojezyczne","8":"product_shipping_class-nazamowienie","10":"first","11":"onbackorder","12":"taxable","13":"shipping-taxable","14":"purchasable","15":"product-type-simple"},"meta_box":{"wyd_pdf_title":"","wyd_pdf":"","wyd_pdf_title_2":"","wyd_pdf_2":"","show_price_check":"","free_gifts":[],"trans_content_long":"<p><span class=\"HwtZe\" lang=\"en\"><span class=\"jCAhz ChMk0b\"><span class=\"ryNqvb\">This VDA 5 practical handbook was developed as a supplement to the new VDA volume 5, 3rd edition 2021.<\/span><\/span> <span class=\"jCAhz ChMk0b\"><span class=\"ryNqvb\">Knowledge of VDA volume 5, in which the methodology and procedure are explained in detail, is absolutely necessary in order to be able to understand the contents of this practical volume.<\/span><\/span> <span class=\"jCAhz ChMk0b\"><span class=\"ryNqvb\">The VDA 5 practice manual deliberately refrains from repeating the theory and instead shows how it can be applied to measurement and test process suitability in everyday work.<\/span><\/span><\/span><\/p>\n<p><strong>German language version.<\/strong><\/p>\n","trans_content_short":"<p>VDA 5 Praxishandbuch<\/p>\n<p>1st edition, April 2022<\/p>\n<p>Volume in<strong> English <\/strong>language.<\/p>\n<p>The book is available on the client\u2019s request. The waiting time for delivery is up to <strong>30 business days<\/strong>. The order is associated with an additional transport fee from external warehouse in the amount of <strong>130 PLN net.<\/strong><\/p>\n","id_wpisu":"","powiazane_szkolenia":""},"tiered_pricing_type":"fixed","tiered_pricing_fixed_rules":[],"tiered_pricing_product_settings":{"layout":"default","base_unit_name":{"singular":null,"plural":null},"default_variation":null},"tiered_pricing_minimum_quantity":null,"tiered_pricing_roles_data":[],"tiered_pricing_percentage_rules":[],"_links":{"self":[{"href":"https:\/\/wydawnictwo-sqda.pl\/en\/wp-json\/wp\/v2\/product\/667","targetHints":{"allow":["GET"]}}],"collection":[{"href":"https:\/\/wydawnictwo-sqda.pl\/en\/wp-json\/wp\/v2\/product"}],"about":[{"href":"https:\/\/wydawnictwo-sqda.pl\/en\/wp-json\/wp\/v2\/types\/product"}],"replies":[{"embeddable":true,"href":"https:\/\/wydawnictwo-sqda.pl\/en\/wp-json\/wp\/v2\/comments?post=667"}],"wp:featuredmedia":[{"embeddable":true,"href":"https:\/\/wydawnictwo-sqda.pl\/en\/wp-json\/wp\/v2\/media\/697"}],"wp:attachment":[{"href":"https:\/\/wydawnictwo-sqda.pl\/en\/wp-json\/wp\/v2\/media?parent=667"}],"wp:term":[{"taxonomy":"product_brand","embeddable":true,"href":"https:\/\/wydawnictwo-sqda.pl\/en\/wp-json\/wp\/v2\/product_brand?post=667"},{"taxonomy":"product_cat","embeddable":true,"href":"https:\/\/wydawnictwo-sqda.pl\/en\/wp-json\/wp\/v2\/product_cat?post=667"},{"taxonomy":"product_tag","embeddable":true,"href":"https:\/\/wydawnictwo-sqda.pl\/en\/wp-json\/wp\/v2\/product_tag?post=667"}],"curies":[{"name":"wp","href":"https:\/\/api.w.org\/{rel}","templated":true}]}}