{"id":663,"date":"2024-04-29T12:36:08","date_gmt":"2024-04-29T10:36:08","guid":{"rendered":"https:\/\/2024.wydawnictwo-sqda.pl\/?post_type=product&#038;p=663"},"modified":"2026-04-07T12:55:23","modified_gmt":"2026-04-07T10:55:23","slug":"fmea-aiagvda-sciaga-podstawowe-zagadnienia-pl","status":"publish","type":"product","link":"https:\/\/wydawnictwo-sqda.pl\/en\/product\/fmea-aiagvda-sciaga-podstawowe-zagadnienia-pl\/","title":{"rendered":"FMEA AIAG&amp;VDA. \u015aci\u0105ga &#8211; podstawowe zagadnienia (PL)"},"content":{"rendered":"<p>W \u015bci\u0105dze FMEA zawarto w zwi\u0119z\u0142ej formie zasady obowi\u0105zuj\u0105ce przy opracowywaniu analizy ryzyka w oparciu o nowy podr\u0119cznik FMEA AIAG&amp;VDA, jak r\u00f3wnie\u017c uj\u0119to w niej tabele dla znaczenia, wyst\u0119powania, wykrywania i priorytetu dzia\u0142ania. \u015aci\u0105ga FMEA dzi\u0119ki por\u0119cznemu formatowi, kt\u00f3ry zmie\u015bci si\u0119 nawet do kieszeni spodni czy marynarki, stanowi przydatn\u0105 pomoc w przeprowadzeniu analizy ryzyka przez zesp\u00f3\u0142 interdyscyplinarny. Bazuj\u0105c na dotychczasowym do\u015bwiadczeniu, wiemy, \u017ce \u015bci\u0105gi ciesz\u0105 si\u0119 du\u017cym zainteresowaniem, dlatego te\u017c postanowili\u015bmy umo\u017cliwi\u0107 Pa\u0144stwu zakup naszego nowego produktu: \u201eFMEA AIAG&amp;VDA. \u015aci\u0105ga &#8211; podstawowe zagadnienia \u201d \u00a0w sklepie internetowym SQDA.<\/p>","protected":false},"excerpt":{"rendered":"<p>FMEA AIAG&amp;VDA. \u015aci\u0105ga &#8211; podstawowe zagadnienia (PL)<\/p>\n<p>Wydanie czwarte, czerwiec 2023.<\/p>","protected":false},"featured_media":689,"comment_status":"closed","ping_status":"closed","template":"","meta":[],"product_brand":[],"product_cat":[19,65,37],"product_tag":[71,49,72,46],"class_list":{"0":"post-663","1":"product","2":"type-product","3":"status-publish","4":"has-post-thumbnail","6":"product_cat-publikacje-vda","7":"product_cat-publikacje-sqd-alliance","8":"product_cat-polskojezyczne","9":"product_tag-aiag","10":"product_tag-core-tools","11":"product_tag-fmea","12":"product_tag-vda","14":"first","15":"instock","16":"taxable","17":"shipping-taxable","18":"purchasable","19":"product-type-simple"},"meta_box":{"wyd_pdf_title":"","wyd_pdf":"","wyd_pdf_title_2":"","wyd_pdf_2":"","show_price_check":"0","free_gifts":[],"trans_content_long":"<p>In this small booklet, in concise form, there are rules summarized, which are applicable when developing a risk analysis based on the new FMEA AIAG&amp;VDA handbook. There are also tables included used for assessment of severity, occurrence, detection and action priority. Handy format of this booklet, that can even fit into a trouser or jacket pocket, is a useful aid in conducting the analysis by an interdisciplinary team.Based on our experience, we know that this kind of booklets are very popular, so we decided to introduce it also in our webshop.<\/p>\n","trans_content_short":"<p>FMEA AIAG&amp;VDA. \u015aci\u0105ga - podstawowe zagadnienia (PL)<\/p>\n<p>First edition, June 2021.FMEA AIAG&amp;VDA. \u015aci\u0105ga - podstawowe zagadnienia (PL)<\/p>\n","id_wpisu":"","powiazane_szkolenia":"2217,10715,2371,16536,10671,38876"},"tiered_pricing_type":"fixed","tiered_pricing_fixed_rules":[],"tiered_pricing_product_settings":{"layout":"default","base_unit_name":{"singular":null,"plural":null},"default_variation":null},"tiered_pricing_minimum_quantity":null,"tiered_pricing_roles_data":[],"tiered_pricing_percentage_rules":[],"_links":{"self":[{"href":"https:\/\/wydawnictwo-sqda.pl\/en\/wp-json\/wp\/v2\/product\/663","targetHints":{"allow":["GET"]}}],"collection":[{"href":"https:\/\/wydawnictwo-sqda.pl\/en\/wp-json\/wp\/v2\/product"}],"about":[{"href":"https:\/\/wydawnictwo-sqda.pl\/en\/wp-json\/wp\/v2\/types\/product"}],"replies":[{"embeddable":true,"href":"https:\/\/wydawnictwo-sqda.pl\/en\/wp-json\/wp\/v2\/comments?post=663"}],"wp:featuredmedia":[{"embeddable":true,"href":"https:\/\/wydawnictwo-sqda.pl\/en\/wp-json\/wp\/v2\/media\/689"}],"wp:attachment":[{"href":"https:\/\/wydawnictwo-sqda.pl\/en\/wp-json\/wp\/v2\/media?parent=663"}],"wp:term":[{"taxonomy":"product_brand","embeddable":true,"href":"https:\/\/wydawnictwo-sqda.pl\/en\/wp-json\/wp\/v2\/product_brand?post=663"},{"taxonomy":"product_cat","embeddable":true,"href":"https:\/\/wydawnictwo-sqda.pl\/en\/wp-json\/wp\/v2\/product_cat?post=663"},{"taxonomy":"product_tag","embeddable":true,"href":"https:\/\/wydawnictwo-sqda.pl\/en\/wp-json\/wp\/v2\/product_tag?post=663"}],"curies":[{"name":"wp","href":"https:\/\/api.w.org\/{rel}","templated":true}]}}