{"id":646,"date":"2024-04-29T12:35:46","date_gmt":"2024-04-29T10:35:46","guid":{"rendered":"https:\/\/2024.wydawnictwo-sqda.pl\/?post_type=product&#038;p=646"},"modified":"2024-10-18T16:38:38","modified_gmt":"2024-10-18T14:38:38","slug":"vda-4-quality-assurance-in-the-process-landscape-section-4-process-models-en","status":"publish","type":"product","link":"https:\/\/wydawnictwo-sqda.pl\/en\/product\/vda-4-quality-assurance-in-the-process-landscape-section-4-process-models-en\/","title":{"rendered":"VDA 4 \u2013 Quality Assurance in the Process Landscape. Section 4: Process Models. (EN)"},"content":{"rendered":"<p>Post\u0119puj\u0105cy rozw\u00f3j zarz\u0105dzania jako\u015bci\u0105 w przemy\u015ble motoryzacyjnym wymaga\u0142 pe\u0142nej rewizji tomu 4 VDA, zar\u00f3wno pod wzgl\u0119dem tre\u015bci, jak i kwestii redakcyjnych.<\/p>\n<p>Zmiany w tre\u015bci wprowadzono g\u0142\u00f3wnie w nast\u0119puj\u0105cych obszarach:<\/p>\n<ul>\n<li>Uwzgl\u0119dnienie podrozdzia\u0142u dotycz\u0105cego metody 5 Why (5x Dlaczego)<\/li>\n<li>Uwzgl\u0119dnienie modelu selekcji z wcze\u015bniejszego tomu VDA14<\/li>\n<li>Streszczenie metody FMEA i 8D &#8211; zosta\u0142y one przeniesione wraz ze szczeg\u00f3\u0142ami do niezale\u017cnych tom\u00f3w VDA<\/li>\n<li>Uwzgl\u0119dnienie dalszych ulepsze\u0144 i nowych spostrze\u017ce\u0144 do opis\u00f3w metod<\/li>\n<li>Zmiana dotychczasowej \u201csegregatorowej\u201d struktury tomu. Obecnie tom jest dost\u0119pny jako monografia zawieraj\u0105ca cztery rozdzia\u0142y, dzi\u0119ki czemu poprawia si\u0119 jego czytelno\u015b\u0107<\/li>\n<\/ul>\n<p>Zmiany edytorskie:<\/p>\n<ul>\n<li>Aktualizacja odniesie\u0144, \u017ar\u00f3de\u0142, norm i podr\u0119cznik\u00f3w referencyjnych<\/li>\n<li>Zweryfikowano pisowni\u0119, gramatyk\u0119 i sp\u00f3jno\u015b\u0107<\/li>\n<li>Poprawiono rysunki<\/li>\n<\/ul>\n<p>Przegl\u0105d rozdzia\u0142\u00f3w tomu VDA4 \u2013 Zapewnienie jako\u015bci na mapie proces\u00f3w<\/p>\n<p><strong>Rozdzia\u0142 1: Og\u00f3lne<\/strong><\/p>\n<p>Przegl\u0105d metod, pomoce podstawowe, procesy rozwoju<\/p>\n<p><strong>Rozdzia\u0142 2: Analizy ryzyka<\/strong><\/p>\n<p>Analiza drzewa b\u0142\u0119d\u00f3w (FTA), Analiza rodzaj\u00f3w i skutk\u00f3w b\u0142\u0119du (FMEA), analiza SWOT (Silne strony \u2013 s\u0142abe strony \u2013 szanse &#8211; zagro\u017cenia)<\/p>\n<p><strong>Rozdzia\u0142 3: Metody<\/strong><\/p>\n<p>Projektowanie dla proces\u00f3w wytwarzania i proces\u00f3w monta\u017cowych (DFMA), model projektowania wspomaganego cyfrowo (DMU), projektowanie eksperyment\u00f3w (DoE) \u2013 metoda przeprowadzania pr\u00f3b, analiza wykonalno\u015bci produkcyjnej, POKA YOKE, metoda QFD, TRIZ, ekonomiczne projektowanie procesu i kontrola procesu, metoda 8D, metoda 5Why (5xdlaczego), wyb\u00f3r zapobiegawczych metod zarz\u0105dzania jako\u015bci\u0105<\/p>\n<p><strong>Rozdzia\u0142 4: Modele procesu<\/strong><\/p>\n<p>Six Sigma, projektowanie dla Six Sigma (DFSS), tolerowanie proces\u00f3w w przemy\u015ble<\/p>\n<p><strong>Publikacja w j\u0119zyku angielskim. Oferta dotyczy wy\u0142\u0105cznie zakupu Rozdzia\u0142u 4: Modele procesu<\/strong><\/p>","protected":false},"excerpt":{"rendered":"<p>VDA4 \u2013 Zapewnienie jako\u015bci na mapie proces\u00f3w. Wydanie 3, w ca\u0142o\u015bci poprawione i uzupe\u0142nione, sierpie\u0144 2020.<\/p>\n<p><strong>Rozdzia\u0142 4:<\/strong> <strong>Modele procesu &#8211; <\/strong>Six Sigma, projektowanie dla Six Sigma (DFSS), tolerowanie proces\u00f3w w przemy\u015ble<\/p>\n<p><strong>Wersja w j\u0119zyku angielskim. Niniejsza oferta dotyczy zakupu rozdzia\u0142u 4 z VDA4.<br \/>\n<\/strong><\/p>\n<p class=\"translation-block\">The book is available on the client\u2019s request. The waiting time for delivery is up to <strong>30 business days<\/strong>. The order is associated with an additional transport fee from external warehouse in the amount of <strong>130 PLN net.<\/strong><\/p>\n<p>&nbsp;<\/p>","protected":false},"featured_media":686,"comment_status":"closed","ping_status":"closed","template":"","meta":[],"product_brand":[],"product_cat":[19,88],"product_tag":[49,84],"class_list":{"0":"post-646","1":"product","2":"type-product","3":"status-publish","4":"has-post-thumbnail","6":"product_cat-publikacje-vda","7":"product_cat-angielskojezyczne","8":"product_tag-core-tools","9":"product_tag-vda4","10":"product_shipping_class-nazamowienie","12":"first","13":"onbackorder","14":"taxable","15":"shipping-taxable","16":"purchasable","17":"product-type-simple"},"meta_box":{"wyd_pdf_title":"","wyd_pdf":"","wyd_pdf_title_2":"","wyd_pdf_2":"","show_price_check":"","free_gifts":[],"trans_content_long":"<p><strong>Preface to the 3rd, fully revised and expanded Edition<\/strong><\/p>\n<p>The advancing developments in quality management in the automotive industry have required a complete revision of the VDA volume 4 both with regard to content as well as editorial.<\/p>\n<p>Changes in content were mainly made in the following areas:<\/p>\n<ul>\n<li>Integration of a chapter on the 5 Why method<\/li>\n<li>Integration of the method selection model from the former VDA volume 14<\/li>\n<li>Summaries of the methods FMEA and 8D due to their transfer as detailed, independent VDA volumes<\/li>\n<li>Integration of further developments and new perceptions for various method descriptions<\/li>\n<li>Dissolving the ring-binder structure: This volume is now available as a monograph available in four sections, which improves clarity and easy referencing.<\/li>\n<\/ul>\n<p>In the course of the editorial revision:<\/p>\n<ul>\n<li>References, sources and standard references have been updated,<\/li>\n<li>Spelling, grammar and consistency have been verified and<\/li>\n<li>Figures have been reworked.<\/li>\n<\/ul>\n<p>Overview of the Sections of VDA Volume 4 \u2013 Quality Assurance in the Process Landscape:<\/p>\n<p><strong>Section 1: General <\/strong><\/p>\n<p>Methods Overview, Elementary Aids, Development Processes<\/p>\n<p><strong>Section 2: Risk Analyses <\/strong><\/p>\n<p>Fault Tree Analysis \u2013 FTA, Failure Mode and Effects Analysis (FMEA), SWOT Analysis (Strengths \u2013 Weaknesses \u2013 Opportunities \u2013 Threats)<\/p>\n<p><strong>Section 3: Methods <\/strong><\/p>\n<p>Design for Manufacturing and Assembly (DFMA), Digital Mock-Up (DMU), Design of Experiments (DoE) \u2013 Trial Methodology, Manufacturing Feasibility Analysis, POKA YOKE, Quality Function Deployment (QFD), TRIZ, Economical Process Design and Process Control, 8D Method, 5 Why Method, Selection of Preventive Quality Management Methods<\/p>\n<p><strong>Section 4: Process Models <\/strong><\/p>\n<p>Six Sigma, Design for Six Sigma (DFSS), Industrial Tolerance Process<\/p>\n","trans_content_short":"<p>VDA4 \u2013 Quality Assurance in the Process Landscape,\u00a0 3rd edition, August 2020.<\/p>\n<p><strong>Section 4: Process Models: <\/strong>Six Sigma, Design for Six Sigma (DFSS), Industrial Tolerance Process<\/p>\n<p><strong>Volume in English language.<br \/>\n<\/strong><\/p>\n<p>The book is available on the client\u2019s request. The waiting time for delivery is up to <strong>30 business days<\/strong>. The order is associated with an additional transport fee from external warehouse in the amount of <strong>130 PLN net.<\/strong><\/p>\n","id_wpisu":"","powiazane_szkolenia":""},"tiered_pricing_type":"fixed","tiered_pricing_fixed_rules":[],"tiered_pricing_product_settings":{"layout":"default","base_unit_name":{"singular":null,"plural":null},"default_variation":null},"tiered_pricing_minimum_quantity":null,"tiered_pricing_roles_data":[],"tiered_pricing_percentage_rules":[],"_links":{"self":[{"href":"https:\/\/wydawnictwo-sqda.pl\/en\/wp-json\/wp\/v2\/product\/646","targetHints":{"allow":["GET"]}}],"collection":[{"href":"https:\/\/wydawnictwo-sqda.pl\/en\/wp-json\/wp\/v2\/product"}],"about":[{"href":"https:\/\/wydawnictwo-sqda.pl\/en\/wp-json\/wp\/v2\/types\/product"}],"replies":[{"embeddable":true,"href":"https:\/\/wydawnictwo-sqda.pl\/en\/wp-json\/wp\/v2\/comments?post=646"}],"wp:featuredmedia":[{"embeddable":true,"href":"https:\/\/wydawnictwo-sqda.pl\/en\/wp-json\/wp\/v2\/media\/686"}],"wp:attachment":[{"href":"https:\/\/wydawnictwo-sqda.pl\/en\/wp-json\/wp\/v2\/media?parent=646"}],"wp:term":[{"taxonomy":"product_brand","embeddable":true,"href":"https:\/\/wydawnictwo-sqda.pl\/en\/wp-json\/wp\/v2\/product_brand?post=646"},{"taxonomy":"product_cat","embeddable":true,"href":"https:\/\/wydawnictwo-sqda.pl\/en\/wp-json\/wp\/v2\/product_cat?post=646"},{"taxonomy":"product_tag","embeddable":true,"href":"https:\/\/wydawnictwo-sqda.pl\/en\/wp-json\/wp\/v2\/product_tag?post=646"}],"curies":[{"name":"wp","href":"https:\/\/api.w.org\/{rel}","templated":true}]}}