{"id":641,"date":"2024-04-29T12:35:45","date_gmt":"2024-04-29T10:35:45","guid":{"rendered":"https:\/\/2024.wydawnictwo-sqda.pl\/?post_type=product&#038;p=641"},"modified":"2024-10-18T16:38:38","modified_gmt":"2024-10-18T14:38:38","slug":"lessons-learned-en","status":"publish","type":"product","link":"https:\/\/wydawnictwo-sqda.pl\/en\/product\/lessons-learned-en\/","title":{"rendered":"Lessons Learned (EN)"},"content":{"rendered":"<p>Poj\u0119cie \u201cLessons Learned\u201d jest u\u017cywane w wymaganiach rozmaitych standard\u00f3w (VDA 6.3, IATF 16949 itp.) bez bardziej szczeg\u00f3\u0142owego wyja\u015bnienia.<\/p>\n<p>Niniejszy tom VDA wype\u0142nia t\u0119 luk\u0119 definiuj\u0105c poj\u0119cie \u201cLessons Learned\u201d i wspiera firmy w ukierunkowanym wdra\u017caniu okre\u015blonych minimalnych wymaga\u0144.<\/p>\n<p>Jednolite zrozumienie i zdefiniowanie minimalnych wymaga\u0144 jest konieczne, aby umo\u017cliwi\u0107 zr\u00f3wnowa\u017cone wykorzystanie zdobytego do\u015bwiadczenia (spostrze\u017ce\u0144) w celu doskonalenia firmy.<\/p>\n<p>Zdobyte do\u015bwiadczenie przyczynia si\u0119 do doskonalenia wiedzy i zachowa\u0144 pracownik\u00f3w, a tym samym do ci\u0105g\u0142ej optymalizacji wyrob\u00f3w, proces\u00f3w i system\u00f3w. Konieczne jest uwzgl\u0119dnienie zar\u00f3wno pozytywnych, jak i negatywnych do\u015bwiadcze\u0144 i wydarze\u0144, na przyk\u0142ad wynikaj\u0105cych z b\u0142\u0119d\u00f3w, reklamacji lub innych incydent\u00f3w. Nacisk k\u0142adziony jest na zwi\u0119kszenie satysfakcji klienta.<\/p>","protected":false},"excerpt":{"rendered":"<p>Lessons Learned &#8211; Definicja &#8222;Lessons Learned&#8221; w przemy\u015ble samochodowym. Opis procesu, wskaz\u00f3wki dotycz\u0105ce zastosowania i praktyczne przyk\u0142ady.<\/p>\n<p>Wydanie pierwsze, listopad 2020.<\/p>\n<p><strong>Angielska<\/strong>\u00a0wersja j\u0119zykowa.<\/p>\n<p>Ksi\u0105\u017cka jest dost\u0119pna na zam\u00f3wienie klienta. Czas oczekiwania na dostaw\u0119 wynosi\u00a0<strong>do 30 dni roboczych<\/strong>. Zam\u00f3wienie wi\u0105\u017ce si\u0119 z dodatkow\u0105 op\u0142at\u0105 transportow\u0105 z magazynu zagranicznego w wysoko\u015bci\u00a0<strong>130PLN netto.<\/strong><\/p>","protected":false},"featured_media":681,"comment_status":"closed","ping_status":"closed","template":"","meta":[],"product_brand":[],"product_cat":[19,88],"product_tag":[83],"class_list":{"0":"post-641","1":"product","2":"type-product","3":"status-publish","4":"has-post-thumbnail","6":"product_cat-publikacje-vda","7":"product_cat-angielskojezyczne","8":"product_tag-lessons-learned","9":"product_shipping_class-nazamowienie","11":"first","12":"onbackorder","13":"taxable","14":"shipping-taxable","15":"purchasable","16":"product-type-simple"},"meta_box":{"wyd_pdf_title":"","wyd_pdf":"","wyd_pdf_title_2":"","wyd_pdf_2":"","show_price_check":"","free_gifts":[],"trans_content_long":"<p>The term \u201cLessons Learned\u201d is used in requirements of several standards (VDA 6.3, IATF 16949, etc.), without being explained in more detail.<\/p>\n<p>This VDA Volume closes this gap by defining the term \u201cLessons Learned\u201d and supports companies in targeted implementation of specific minimum requirements.<\/p>\n<p>A uniform understanding and definition of the minimum requirements are necessary to enable experiential knowledge (insights) to be sustainably used to improve a company.<\/p>\n<p>Experiential knowledge contributes to improving employees\u2019 expertise and behavior and thus to continuous optimization of products, processes, and systems. It is essential to take into account both positive and negative experiences and events, for example derived from faults, complaints, or other incidents. The focus is on increasing customer satisfactio<\/p>\n","trans_content_short":"<p>Lessons Learned - Definition of \"Lessons Learned\" in the Automotive Industry. Process description, application tips, and practical examples. 1st edition, November 2020<\/p>\n<p><strong>English language version<\/strong>.<\/p>\n<p>The book is available on the client\u2019s request. The waiting time for delivery is up to\u00a0<strong>30 business days<\/strong>. The order is associated with an additional transport fee from external warehouse in the amount of\u00a0<strong>130 PLN net.<\/strong><\/p>\n","id_wpisu":"","powiazane_szkolenia":""},"tiered_pricing_type":"fixed","tiered_pricing_fixed_rules":[],"tiered_pricing_product_settings":{"layout":"default","base_unit_name":{"singular":null,"plural":null},"default_variation":null},"tiered_pricing_minimum_quantity":null,"tiered_pricing_roles_data":[],"tiered_pricing_percentage_rules":[],"_links":{"self":[{"href":"https:\/\/wydawnictwo-sqda.pl\/en\/wp-json\/wp\/v2\/product\/641","targetHints":{"allow":["GET"]}}],"collection":[{"href":"https:\/\/wydawnictwo-sqda.pl\/en\/wp-json\/wp\/v2\/product"}],"about":[{"href":"https:\/\/wydawnictwo-sqda.pl\/en\/wp-json\/wp\/v2\/types\/product"}],"replies":[{"embeddable":true,"href":"https:\/\/wydawnictwo-sqda.pl\/en\/wp-json\/wp\/v2\/comments?post=641"}],"wp:featuredmedia":[{"embeddable":true,"href":"https:\/\/wydawnictwo-sqda.pl\/en\/wp-json\/wp\/v2\/media\/681"}],"wp:attachment":[{"href":"https:\/\/wydawnictwo-sqda.pl\/en\/wp-json\/wp\/v2\/media?parent=641"}],"wp:term":[{"taxonomy":"product_brand","embeddable":true,"href":"https:\/\/wydawnictwo-sqda.pl\/en\/wp-json\/wp\/v2\/product_brand?post=641"},{"taxonomy":"product_cat","embeddable":true,"href":"https:\/\/wydawnictwo-sqda.pl\/en\/wp-json\/wp\/v2\/product_cat?post=641"},{"taxonomy":"product_tag","embeddable":true,"href":"https:\/\/wydawnictwo-sqda.pl\/en\/wp-json\/wp\/v2\/product_tag?post=641"}],"curies":[{"name":"wp","href":"https:\/\/api.w.org\/{rel}","templated":true}]}}