{"id":624,"date":"2024-04-29T12:35:24","date_gmt":"2024-04-29T10:35:24","guid":{"rendered":"https:\/\/2024.wydawnictwo-sqda.pl\/?post_type=product&#038;p=624"},"modified":"2024-10-18T16:38:39","modified_gmt":"2024-10-18T14:38:39","slug":"vda-customer-specific-requirements-en","status":"publish","type":"product","link":"https:\/\/wydawnictwo-sqda.pl\/en\/product\/vda-customer-specific-requirements-en\/","title":{"rendered":"VDA Customer specific requirements (EN)"},"content":{"rendered":"<p>Fragment wprowadzenia<\/p>\n<p>IATF (systemy zarz\u0105dzania jako\u015bci\u0105 \u2013 szczeg\u00f3lne wymagania przy stosowaniu ISO9001 do produkcji seryjnej i produkcji cz\u0119\u015bci zamiennych w przemy\u015ble motoryzacyjnym) zapewnia wsp\u00f3lne podej\u015bcie do system\u00f3w zarz\u0105dzania jako\u015bci\u0105 w \u0142a\u0144cuchu dostaw przemys\u0142u motoryzacyjnego. IATF16949 mo\u017cna doprecyzowa\u0107 poprzez dodatkowe lub uzupe\u0142niaj\u0105ce specyficzne wymagania klienta (engl.: Customer Specific Requirements \u2013 CSR) wobec systemu zarz\u0105dzania jako\u015bci\u0105 dostawcy.<\/p>\n<p>Stosowanie IATF16949 wymaga r\u00f3wnie\u017c znajomo\u015bci i wdro\u017cenia specyficznych wymaga\u0144 klienta w \u0142a\u0144cuchu dostaw przemys\u0142u motoryzacyjnego.<\/p>\n<p>Moja propozycja: W zwi\u0105zku z tym dokumenty CSR mog\u0105\u00a0 doprecyzowywa\u0107 wy\u0142\u0105cznie wymagania IATF16949, kt\u00f3re nie s\u0105 szczeg\u00f3\u0142owo wyspecyfikowane, bazuj\u0105c na ich strukturze.<\/p>\n<p>Niniejszy tom mo\u017ce by\u0107 stosowany konsekwentnie w ca\u0142ym \u0142a\u0144cuchu dostaw dzi\u0119ki strukturze tre\u015bci bazuj\u0105cej na ISO9001 oraz IATF16949.<\/p>\n<p>D\u0142ugoterminowym celem niniejszego tomu dla \u0142a\u0144cucha dostaw w przemy\u015ble motoryzacyjnym jest idealne zharmonizowanie niezb\u0119dnych doprecyzowa\u0144 IATF16949.<\/p>","protected":false},"excerpt":{"rendered":"<p>Creating customer specific QM system requirements based on IATF 16949<\/p>\n<p>Wydanie drugie, poprawione, listopad 2018<\/p>\n<p><strong>Angielska<\/strong> wersja j\u0119zykowa.<\/p>\n<p class=\"translation-block\">The book is available on the client\u2019s request. The waiting time for delivery is up to <strong>30 business days<\/strong>. The order is associated with an additional transport fee from external warehouse in the amount of <strong>130 PLN net.<\/strong><\/p>","protected":false},"featured_media":674,"comment_status":"closed","ping_status":"closed","template":"","meta":[],"product_brand":[],"product_cat":[19,88],"product_tag":[33,81,39],"class_list":{"0":"post-624","1":"product","2":"type-product","3":"status-publish","4":"has-post-thumbnail","6":"product_cat-publikacje-vda","7":"product_cat-angielskojezyczne","8":"product_tag-audit","9":"product_tag-csr","10":"product_tag-system","11":"product_shipping_class-nazamowienie","13":"first","14":"onbackorder","15":"taxable","16":"shipping-taxable","17":"purchasable","18":"product-type-simple"},"meta_box":{"wyd_pdf_title":"","wyd_pdf":"","wyd_pdf_title_2":"","wyd_pdf_2":"","show_price_check":"","free_gifts":[],"trans_content_long":"<p><strong>Preface<\/strong><\/p>\n<p>IATF 16949 (quality management systems - special requirements when using ISO 9001 for series production and spare part production in the automotive industry) provides a common approach for a QM system in the automotive industry supply chain. IATF 16949 can be specified in more detail with additional or supplementary customer specific requirements (CSR) for the supplier's QM system.<\/p>\n<p>Using IATF 16949 also requires knowledge and implementation of customer specific requirements in the automotive industry supply chain.<\/p>\n<p>Accordingly, CSR documents must only substantiate the IATF 16949 requirements that are not specified in more detail based on their structure.<\/p>\n<p>This volume can thereby be used throughout the supply chain as a result of its content structure based on ISO 9001 and IATF 16949.<\/p>\n<p>The long-term objective of this publication for the automotive industry supply chain is to ideally harmonize the required IATF 16949 substantiations.<\/p>\n","trans_content_short":"<p>Creating customer specific QM system requirements based on IATF 16949<\/p>\n<p>Second, revised eition, November 2018<\/p>\n<p><strong>English language version<\/strong>.<\/p>\n<p>The book is available on the client\u2019s request. The waiting time for delivery is up to <strong>30 business days<\/strong>. The order is associated with an additional transport fee from external warehouse in the amount of <strong>130 PLN net.<\/strong><\/p>\n","id_wpisu":"","powiazane_szkolenia":""},"tiered_pricing_type":"fixed","tiered_pricing_fixed_rules":[],"tiered_pricing_product_settings":{"layout":"default","base_unit_name":{"singular":null,"plural":null},"default_variation":null},"tiered_pricing_minimum_quantity":null,"tiered_pricing_roles_data":[],"tiered_pricing_percentage_rules":[],"_links":{"self":[{"href":"https:\/\/wydawnictwo-sqda.pl\/en\/wp-json\/wp\/v2\/product\/624","targetHints":{"allow":["GET"]}}],"collection":[{"href":"https:\/\/wydawnictwo-sqda.pl\/en\/wp-json\/wp\/v2\/product"}],"about":[{"href":"https:\/\/wydawnictwo-sqda.pl\/en\/wp-json\/wp\/v2\/types\/product"}],"replies":[{"embeddable":true,"href":"https:\/\/wydawnictwo-sqda.pl\/en\/wp-json\/wp\/v2\/comments?post=624"}],"wp:featuredmedia":[{"embeddable":true,"href":"https:\/\/wydawnictwo-sqda.pl\/en\/wp-json\/wp\/v2\/media\/674"}],"wp:attachment":[{"href":"https:\/\/wydawnictwo-sqda.pl\/en\/wp-json\/wp\/v2\/media?parent=624"}],"wp:term":[{"taxonomy":"product_brand","embeddable":true,"href":"https:\/\/wydawnictwo-sqda.pl\/en\/wp-json\/wp\/v2\/product_brand?post=624"},{"taxonomy":"product_cat","embeddable":true,"href":"https:\/\/wydawnictwo-sqda.pl\/en\/wp-json\/wp\/v2\/product_cat?post=624"},{"taxonomy":"product_tag","embeddable":true,"href":"https:\/\/wydawnictwo-sqda.pl\/en\/wp-json\/wp\/v2\/product_tag?post=624"}],"curies":[{"name":"wp","href":"https:\/\/api.w.org\/{rel}","templated":true}]}}