{"id":623,"date":"2024-04-29T12:35:23","date_gmt":"2024-04-29T10:35:23","guid":{"rendered":"https:\/\/2024.wydawnictwo-sqda.pl\/?post_type=product&#038;p=623"},"modified":"2024-10-18T16:38:39","modified_gmt":"2024-10-18T14:38:39","slug":"vda-6-7-process-audit-production-equipment-en","status":"publish","type":"product","link":"https:\/\/wydawnictwo-sqda.pl\/en\/product\/vda-6-7-process-audit-production-equipment-en\/","title":{"rendered":"VDA 6.7 Process Audit &#8211; Production Equipment (EN)"},"content":{"rendered":"<p>Fragment wprowadzenia:<\/p>\n<p>Niniejsza publikacja zawiera katalog pyta\u0144 z kryteriami oceny s\u0142u\u017c\u0105cymi do przeprowadzania audit\u00f3w procesu. Wyci\u0105g z tego katalogu pyta\u0144 stanowi analiz\u0119 potencja\u0142u, kt\u00f3r\u0105 mo\u017cna wykorzysta\u0107 do wst\u0119pnego wyboru potencjalnych dostawc\u00f3w. W niniejszym tomie opisano r\u00f3wnie\u017c wytyczne dotycz\u0105ce kwalifikacji auditor\u00f3w procesu oraz sposob\u00f3w przygotowywania, przeprowadzania, oceny i dzia\u0142a\u0144 nast\u0119pczych w zwi\u0105zku z auditami procesu itp.<\/p>\n<p>Istotne zmiany (w por\u00f3wnaniu z VDA 6.7: 2012)<\/p>\n<ul>\n<li>Udost\u0119pnienie katalogu pyta\u0144<\/li>\n<li>Konsekwentne stosowanie diagramu \u017b\u00d3\u0141WIA<\/li>\n<li>Analiza potencja\u0142u maj\u0105ca na celu ocen\u0119 potencjalnych dostawc\u00f3w<\/li>\n<li>Samoocena dostawc\u00f3w i dodatkowe pomocnicze formularze<\/li>\n<\/ul>","protected":false},"excerpt":{"rendered":"<p>VDA 6.7,\u00a0 Audit procesu \u2013 wyposa\u017cenie produkcyjne<\/p>\n<p>Wydanie trzecie, zmienione, maj 2020.<\/p>\n<p><strong>Angielska<\/strong> wersja j\u0119zykowa.<\/p>\n<p class=\"translation-block\">The book is available on the client\u2019s request. The waiting time for delivery is up to <strong>30 business days<\/strong>. The order is associated with an additional transport fee from external warehouse in the amount of <strong>130 PLN net.<\/strong><\/p>","protected":false},"featured_media":673,"comment_status":"closed","ping_status":"closed","template":"","meta":[],"product_brand":[],"product_cat":[19,88],"product_tag":[33,34,80],"class_list":{"0":"post-623","1":"product","2":"type-product","3":"status-publish","4":"has-post-thumbnail","6":"product_cat-publikacje-vda","7":"product_cat-angielskojezyczne","8":"product_tag-audit","9":"product_tag-proces","10":"product_tag-vda6-7","11":"product_shipping_class-nazamowienie","13":"first","14":"onbackorder","15":"taxable","16":"shipping-taxable","17":"purchasable","18":"product-type-simple"},"meta_box":{"wyd_pdf_title":"","wyd_pdf":"","wyd_pdf_title_2":"","wyd_pdf_2":"","show_price_check":"","free_gifts":[],"trans_content_long":"<p>Foreword<\/p>\n<p>This publication contains a questionnaire with assessment criteria for conducting process audits. An extract from this questionnaire creates a potential analysis that can be used to screen possible suppliers. In addition, specifications for the qualification of process auditors and how to prepare, conduct, evaluate, and follow up on process audits are also described.<\/p>\n<p>Key changes (compared with VDA 6.7:2012)<\/p>\n<ul>\n<li>Provision of a questionnaire<\/li>\n<li>Consistent use of the TURTLE principle in the questionnaire<\/li>\n<li>Potential analysis to evaluate possible suppliers<\/li>\n<li>Supplier self-disclosure and additional helpful forms<\/li>\n<\/ul>\n","trans_content_short":"<p>Volume 6 Part 7, Process Audit - Production Equipment,<\/p>\n<p>3rd, revised edition, May 2020<\/p>\n<p><strong>English language version<\/strong>.<\/p>\n<p>The book is available on the client\u2019s request. The waiting time for delivery is up to <strong>30 business days<\/strong>. The order is associated with an additional transport fee from external warehouse in the amount of <strong>130 PLN net.<\/strong><\/p>\n","id_wpisu":"","powiazane_szkolenia":""},"tiered_pricing_type":"fixed","tiered_pricing_fixed_rules":[],"tiered_pricing_product_settings":{"layout":"default","base_unit_name":{"singular":null,"plural":null},"default_variation":null},"tiered_pricing_minimum_quantity":null,"tiered_pricing_roles_data":[],"tiered_pricing_percentage_rules":[],"_links":{"self":[{"href":"https:\/\/wydawnictwo-sqda.pl\/en\/wp-json\/wp\/v2\/product\/623","targetHints":{"allow":["GET"]}}],"collection":[{"href":"https:\/\/wydawnictwo-sqda.pl\/en\/wp-json\/wp\/v2\/product"}],"about":[{"href":"https:\/\/wydawnictwo-sqda.pl\/en\/wp-json\/wp\/v2\/types\/product"}],"replies":[{"embeddable":true,"href":"https:\/\/wydawnictwo-sqda.pl\/en\/wp-json\/wp\/v2\/comments?post=623"}],"wp:featuredmedia":[{"embeddable":true,"href":"https:\/\/wydawnictwo-sqda.pl\/en\/wp-json\/wp\/v2\/media\/673"}],"wp:attachment":[{"href":"https:\/\/wydawnictwo-sqda.pl\/en\/wp-json\/wp\/v2\/media?parent=623"}],"wp:term":[{"taxonomy":"product_brand","embeddable":true,"href":"https:\/\/wydawnictwo-sqda.pl\/en\/wp-json\/wp\/v2\/product_brand?post=623"},{"taxonomy":"product_cat","embeddable":true,"href":"https:\/\/wydawnictwo-sqda.pl\/en\/wp-json\/wp\/v2\/product_cat?post=623"},{"taxonomy":"product_tag","embeddable":true,"href":"https:\/\/wydawnictwo-sqda.pl\/en\/wp-json\/wp\/v2\/product_tag?post=623"}],"curies":[{"name":"wp","href":"https:\/\/api.w.org\/{rel}","templated":true}]}}