{"id":622,"date":"2024-04-29T12:35:23","date_gmt":"2024-04-29T10:35:23","guid":{"rendered":"https:\/\/2024.wydawnictwo-sqda.pl\/?post_type=product&#038;p=622"},"modified":"2024-05-14T11:42:22","modified_gmt":"2024-05-14T09:42:22","slug":"pozytywna-organizacja-twoja-organizacja","status":"publish","type":"product","link":"https:\/\/wydawnictwo-sqda.pl\/en\/product\/pozytywna-organizacja-twoja-organizacja\/","title":{"rendered":"Pozytywna organizacja &#8211; Twoja organizacja"},"content":{"rendered":"<p>Ksi\u0105\u017cka-kalendarz, kt\u00f3ry zosta\u0142 stworzony z my\u015bl\u0105 o budowaniu pozytywnej organizacji, nie tylko w pracy, ale r\u00f3wnie\u017c w \u017cyciu osobistym. Pozytywna organizacja to samoorganizacja, polegaj\u0105ca na \u015bwiadomym budowaniu w\u0142asnych zasob\u00f3w osobistych (poczucia skuteczno\u015bci, optymizmu, nadziei, odporno\u015bci psychicznej, dobrostanu, sensu pracy itp.). Pozytywna organizacja to r\u00f3wnie\u017c budowanie pozytywnej kultury organizacyjnej, w kt\u00f3rej pracownicy m\u00f3wi\u0105: Pracuj\u0119 bo lubi\u0119. Pracuj\u0119 w konstruktywnej atmosferze, kt\u00f3r\u0105 wsp\u00f3\u0142tworz\u0119 poprzez wnoszenie do pracy moich zasob\u00f3w osobistych, kt\u00f3re rozwijam wsp\u00f3lnie z moj\u0105 organizacj\u0105, po to by dzia\u0142a\u0107 sprawniej teraz i w przysz\u0142o\u015bci.<\/p>\n<p>Fragment wprowadzenia:<\/p>\n<p>\u201eCzas ma znaczenie, a z mojego punktu widzenia szczeg\u00f3lne znaczenie ma przysz\u0142o\u015b\u0107. Warto j\u0105 planowa\u0107, do czego Ciebie zapraszam. Zawarte na kolejnych stronach wiedza i \u0107wiczenia, systematycznie przez Ciebie wykonywane, mog\u0105 wp\u0142yn\u0105\u0107 nie tylko na wi\u0119ksz\u0105 satysfakcj\u0119 z pracy, ale przede wszystkim na wy\u017csz\u0105 jako\u015b\u0107 Twojego \u017cycia, relacje z innymi lud\u017ami i samym sob\u0105. Ta ksi\u0105\u017cka-kalendarz jest dla Ciebie, wi\u0119c pisz, zakre\u015blaj, planuj, co \u0107wiczysz, wracaj do tego, co wa\u017cne dla Ciebie.\u201d<\/p>","protected":false},"excerpt":{"rendered":"<p>Ksi\u0105\u017cka-kalendarz, kt\u00f3ry zosta\u0142 stworzony z my\u015bl\u0105 o budowaniu pozytywnej organizacji, nie tylko w pracy, ale r\u00f3wnie\u017c w \u017cyciu osobistym. Pozytywna organizacja to samoorganizacja, polegaj\u0105ca na \u015bwiadomym budowaniu w\u0142asnych zasob\u00f3w osobistych (poczucia skuteczno\u015bci, optymizmu, nadziei, odporno\u015bci psychicznej, dobrostanu, sensu pracy itp.). Pozytywna organizacja to r\u00f3wnie\u017c budowanie pozytywnej kultury organizacyjnej, w kt\u00f3rej pracownicy m\u00f3wi\u0105: Pracuj\u0119 bo lubi\u0119. [&hellip;]<\/p>\n","protected":false},"featured_media":660,"comment_status":"closed","ping_status":"closed","template":"","meta":[],"product_brand":[],"product_cat":[37],"product_tag":[],"class_list":{"0":"post-622","1":"product","2":"type-product","3":"status-publish","4":"has-post-thumbnail","6":"product_cat-polskojezyczne","8":"first","9":"instock","10":"taxable","11":"shipping-taxable","12":"purchasable","13":"product-type-simple"},"meta_box":{"wyd_pdf_title":"","wyd_pdf":"","wyd_pdf_title_2":"","wyd_pdf_2":"","show_price_check":"","free_gifts":[],"trans_content_long":"<p>Ksi\u0105\u017cka-kalendarz, kt\u00f3ry zosta\u0142 stworzony z my\u015bl\u0105 o budowaniu pozytywnej organizacji, nie tylko w pracy, ale r\u00f3wnie\u017c w \u017cyciu osobistym. Pozytywna organizacja to samoorganizacja, polegaj\u0105ca na \u015bwiadomym budowaniu w\u0142asnych zasob\u00f3w osobistych (poczucia skuteczno\u015bci, optymizmu, nadziei, odporno\u015bci psychicznej, dobrostanu, sensu pracy itp.). Pozytywna organizacja to r\u00f3wnie\u017c budowanie pozytywnej kultury organizacyjnej, w kt\u00f3rej pracownicy m\u00f3wi\u0105: Pracuj\u0119 bo lubi\u0119. Pracuj\u0119 w konstruktywnej atmosferze, kt\u00f3r\u0105 wsp\u00f3\u0142tworz\u0119 poprzez wnoszenie do pracy moich zasob\u00f3w osobistych, kt\u00f3re rozwijam wsp\u00f3lnie z moj\u0105 organizacj\u0105, po to by dzia\u0142a\u0107 sprawniej teraz i w przysz\u0142o\u015bci.<\/p>\n<p>Fragment wprowadzenia:<\/p>\n<p>\u201eCzas ma znaczenie, a z mojego punktu widzenia szczeg\u00f3lne znaczenie ma przysz\u0142o\u015b\u0107. Warto j\u0105 planowa\u0107, do czego Ciebie zapraszam. Zawarte na kolejnych stronach wiedza i \u0107wiczenia, systematycznie przez Ciebie wykonywane, mog\u0105 wp\u0142yn\u0105\u0107 nie tylko na wi\u0119ksz\u0105 satysfakcj\u0119 z pracy, ale przede wszystkim na wy\u017csz\u0105 jako\u015b\u0107 Twojego \u017cycia, relacje z innymi lud\u017ami i samym sob\u0105. Ta ksi\u0105\u017cka-kalendarz jest dla Ciebie, wi\u0119c pisz, zakre\u015blaj, planuj, co \u0107wiczysz, wracaj do tego, co wa\u017cne dla Ciebie.\u201d<\/p>\n","trans_content_short":"","id_wpisu":"","powiazane_szkolenia":""},"tiered_pricing_type":"fixed","tiered_pricing_fixed_rules":[],"tiered_pricing_product_settings":{"layout":"default","base_unit_name":{"singular":null,"plural":null},"default_variation":null},"tiered_pricing_minimum_quantity":null,"tiered_pricing_roles_data":[],"tiered_pricing_percentage_rules":[],"_links":{"self":[{"href":"https:\/\/wydawnictwo-sqda.pl\/en\/wp-json\/wp\/v2\/product\/622","targetHints":{"allow":["GET"]}}],"collection":[{"href":"https:\/\/wydawnictwo-sqda.pl\/en\/wp-json\/wp\/v2\/product"}],"about":[{"href":"https:\/\/wydawnictwo-sqda.pl\/en\/wp-json\/wp\/v2\/types\/product"}],"replies":[{"embeddable":true,"href":"https:\/\/wydawnictwo-sqda.pl\/en\/wp-json\/wp\/v2\/comments?post=622"}],"wp:featuredmedia":[{"embeddable":true,"href":"https:\/\/wydawnictwo-sqda.pl\/en\/wp-json\/wp\/v2\/media\/660"}],"wp:attachment":[{"href":"https:\/\/wydawnictwo-sqda.pl\/en\/wp-json\/wp\/v2\/media?parent=622"}],"wp:term":[{"taxonomy":"product_brand","embeddable":true,"href":"https:\/\/wydawnictwo-sqda.pl\/en\/wp-json\/wp\/v2\/product_brand?post=622"},{"taxonomy":"product_cat","embeddable":true,"href":"https:\/\/wydawnictwo-sqda.pl\/en\/wp-json\/wp\/v2\/product_cat?post=622"},{"taxonomy":"product_tag","embeddable":true,"href":"https:\/\/wydawnictwo-sqda.pl\/en\/wp-json\/wp\/v2\/product_tag?post=622"}],"curies":[{"name":"wp","href":"https:\/\/api.w.org\/{rel}","templated":true}]}}