{"id":620,"date":"2024-04-29T12:35:23","date_gmt":"2024-04-29T10:35:23","guid":{"rendered":"https:\/\/2024.wydawnictwo-sqda.pl\/?post_type=product&#038;p=620"},"modified":"2024-10-18T16:38:39","modified_gmt":"2024-10-18T14:38:39","slug":"vda-special-characteristics-en","status":"publish","type":"product","link":"https:\/\/wydawnictwo-sqda.pl\/en\/product\/vda-special-characteristics-en\/","title":{"rendered":"VDA Special Characteristics (EN)"},"content":{"rendered":"<p>Niniejsze wydanie drugie jest opracowaniem opisu procesu, kt\u00f3re sta\u0142o si\u0119 niezb\u0119dne po publikacji wydania czwartego tomu VDA 1 \u201eUdokumentowana informacja i jej przechowywanie\u201d, pierwszego wydania IATF 16949:2016-10 oraz pierwszego wydania podr\u0119cznika \u201eAIAG &amp; VDA FMEA\u201d.<\/p>\n<p>Okre\u015blenia \u201echarakterystyki istotne\u201d lub \u201echarakterystyki krytyczne\u201d zosta\u0142y zast\u0105pione poj\u0119ciem \u201echarakterystyki specjalne\u201d.<\/p>","protected":false},"excerpt":{"rendered":"<p>VDA Charakterystyki specjalne, opis procesu, wydanie drugie zaktualizowane, kwiecie\u0144 2020<\/p>\n<p class=\"translation-block\">English language version.<\/p>\n<p class=\"translation-block\">The book is available on the client\u2019s request. The waiting time for delivery is up to 30 business days. The order is associated with an additional transport fee from external warehouse in the amount of 130 PLN net.<\/p>","protected":false},"featured_media":655,"comment_status":"closed","ping_status":"closed","template":"","meta":[],"product_brand":[],"product_cat":[19,88],"product_tag":[76,42,34,57],"class_list":{"0":"post-620","1":"product","2":"type-product","3":"status-publish","4":"has-post-thumbnail","6":"product_cat-publikacje-vda","7":"product_cat-angielskojezyczne","8":"product_tag-charakterystyki","9":"product_tag-ppa","10":"product_tag-proces","11":"product_tag-wyrob","12":"product_shipping_class-nazamowienie","14":"first","15":"onbackorder","16":"taxable","17":"shipping-taxable","18":"purchasable","19":"product-type-simple"},"meta_box":{"wyd_pdf_title":"","wyd_pdf":"","wyd_pdf_title_2":"","wyd_pdf_2":"","show_price_check":"","free_gifts":[],"trans_content_long":"<p><em>This 2<sup>nd<\/sup> edition<\/em> updates the changes of the process description due to the revisions of 4<sup>th<\/sup> edition of VDA Volume 1 \u201cDocumented Information and Retention\u201d, the 1<sup>st<\/sup> edition of IATF 16949:2016-10 \u201cQuality management system requirements for automotive production and relevant service parts organizations\u201d, and the 1<sup>st<\/sup> edition of \u201cAIAG &amp; VDA FMEA Handbook\u201d. Additional changes of links to standards and VDA Volumes are updated.<\/p>\n<p>The terms \u201cmajor characteristics\u201d and \u201ccritical characteristics\u201d are replaced by \u201cspecial characteristics\u201d.<\/p>\n","trans_content_short":"<p>VDA Special Characteristics. A process description covering Special Characteristics, 2nd, updated edition, April 2020<\/p>\n<p>English edition<\/p>\n<p>The book is available on the client\u2019s request. The waiting time for delivery is up to <strong>30 business days<\/strong>. The order is associated with an additional transport fee from external warehouse in the amount of <strong>130 PLN net.<\/strong><\/p>\n","id_wpisu":"","powiazane_szkolenia":""},"tiered_pricing_type":"fixed","tiered_pricing_fixed_rules":[],"tiered_pricing_product_settings":{"layout":"default","base_unit_name":{"singular":null,"plural":null},"default_variation":null},"tiered_pricing_minimum_quantity":null,"tiered_pricing_roles_data":[],"tiered_pricing_percentage_rules":[],"_links":{"self":[{"href":"https:\/\/wydawnictwo-sqda.pl\/en\/wp-json\/wp\/v2\/product\/620","targetHints":{"allow":["GET"]}}],"collection":[{"href":"https:\/\/wydawnictwo-sqda.pl\/en\/wp-json\/wp\/v2\/product"}],"about":[{"href":"https:\/\/wydawnictwo-sqda.pl\/en\/wp-json\/wp\/v2\/types\/product"}],"replies":[{"embeddable":true,"href":"https:\/\/wydawnictwo-sqda.pl\/en\/wp-json\/wp\/v2\/comments?post=620"}],"wp:featuredmedia":[{"embeddable":true,"href":"https:\/\/wydawnictwo-sqda.pl\/en\/wp-json\/wp\/v2\/media\/655"}],"wp:attachment":[{"href":"https:\/\/wydawnictwo-sqda.pl\/en\/wp-json\/wp\/v2\/media?parent=620"}],"wp:term":[{"taxonomy":"product_brand","embeddable":true,"href":"https:\/\/wydawnictwo-sqda.pl\/en\/wp-json\/wp\/v2\/product_brand?post=620"},{"taxonomy":"product_cat","embeddable":true,"href":"https:\/\/wydawnictwo-sqda.pl\/en\/wp-json\/wp\/v2\/product_cat?post=620"},{"taxonomy":"product_tag","embeddable":true,"href":"https:\/\/wydawnictwo-sqda.pl\/en\/wp-json\/wp\/v2\/product_tag?post=620"}],"curies":[{"name":"wp","href":"https:\/\/api.w.org\/{rel}","templated":true}]}}