{"id":604,"date":"2024-04-29T12:35:03","date_gmt":"2024-04-29T10:35:03","guid":{"rendered":"https:\/\/2024.wydawnictwo-sqda.pl\/?post_type=product&#038;p=604"},"modified":"2026-03-23T08:46:37","modified_gmt":"2026-03-23T07:46:37","slug":"vda-8d-rozwiazywanie-problemow-w-8-dyscyplinach-pl","status":"publish","type":"product","link":"https:\/\/wydawnictwo-sqda.pl\/en\/product\/vda-8d-rozwiazywanie-problemow-w-8-dyscyplinach-pl\/","title":{"rendered":"VDA 8D \u2013 rozwi\u0105zywanie problem\u00f3w w 8 dyscyplinach (PL)"},"content":{"rendered":"<p>Fragment wprowadzenia:<\/p>\n<p>\u201eNiniejszy tom opisuje zastosowanie metody 8D do trwa\u0142ego rozwi\u0105zywania proble\u00adm\u00f3w. Nie przedstawiono w nim og\u00f3lnego procesu reklamacji, kt\u00f3ry zawiera metod\u0119 8D jako narz\u0119dzie do rozwi\u0105zywania problem\u00f3w.<\/p>\n<p>W procesach reklamacyjnych zamieszcza si\u0119 zazwyczaj wytyczne dotycz\u0105ce czasu rozpatrzenia reklamacji, a tym samym po\u015brednio zwi\u0105zane r\u00f3wnie\u017c z rozwi\u0105zywa\u00adniem problem\u00f3w za pomoc\u0105 8D. Dlatego w procesie rozpatrywania reklamacji nale\u017cy uwzgl\u0119dni\u0107, \u017ce czas potrzebny na opracowanie element\u00f3w metody 8D mo\u017ce by\u0107 inny. (\u2026)<\/p>\n<p>Stosuj\u0105c metod\u0119 8D, proces odpowiedniego, trwa\u0142ego rozwi\u0105zywania problem\u00f3w nie mo\u017ce kolidowa\u0107 z harmonogramem maj\u0105cym na celu przekazanie raportu 8D.\u201d<\/p>","protected":false},"excerpt":{"rendered":"<p>VDA 8D \u2013 rozwi\u0105zywanie problem\u00f3w w 8 dyscyplinach. Metoda, proces, raport.<\/p>\n<p>Wydanie pierwsze, listopad 2018<\/p>\n<p>Wersja w j\u0119zyku polskim<\/p>","protected":false},"featured_media":659,"comment_status":"closed","ping_status":"closed","template":"","meta":[],"product_brand":[],"product_cat":[19,37],"product_tag":[74,33,42,34,75,57],"class_list":{"0":"post-604","1":"product","2":"type-product","3":"status-publish","4":"has-post-thumbnail","6":"product_cat-publikacje-vda","7":"product_cat-polskojezyczne","8":"product_tag-8d","9":"product_tag-audit","10":"product_tag-ppa","11":"product_tag-proces","12":"product_tag-rozwiazywanie-problemow","13":"product_tag-wyrob","15":"first","16":"instock","17":"taxable","18":"shipping-taxable","19":"purchasable","20":"product-type-simple"},"meta_box":{"wyd_pdf_title":"","wyd_pdf":"","wyd_pdf_title_2":"","wyd_pdf_2":"","show_price_check":"0","free_gifts":[],"trans_content_long":"<p>Excerpt Introduction<\/p>\n<p>\"This volume describes the use of the 8D method for sustainable problem solving. It does not describe a general complaint process which contains the 8D method as a problem-solving tool.<\/p>\n<p>In complaint processes, time guidelines are usually established for processing a complaint and thus indirectly also for 8D problem solving(...)<\/p>\n<p>(...)When applying the 8D method, an appropriate sustainable solution to a problem must not conflict with timelines that are established for delivering an 8D report.\"<\/p>\n","trans_content_short":"<p>Volume 8D - Problem Solving in 8 Disciplines. Method, Process, Report.<br \/>\n1st edition, November 2018<\/p>\n<p><strong>Polish language version.\u00a0<\/strong><\/p>\n","id_wpisu":"11021","powiazane_szkolenia":"2290,16536,64211,38876,10764,70552"},"tiered_pricing_type":"fixed","tiered_pricing_fixed_rules":[],"tiered_pricing_product_settings":{"layout":"default","base_unit_name":{"singular":null,"plural":null},"default_variation":null},"tiered_pricing_minimum_quantity":null,"tiered_pricing_roles_data":[],"tiered_pricing_percentage_rules":[],"_links":{"self":[{"href":"https:\/\/wydawnictwo-sqda.pl\/en\/wp-json\/wp\/v2\/product\/604","targetHints":{"allow":["GET"]}}],"collection":[{"href":"https:\/\/wydawnictwo-sqda.pl\/en\/wp-json\/wp\/v2\/product"}],"about":[{"href":"https:\/\/wydawnictwo-sqda.pl\/en\/wp-json\/wp\/v2\/types\/product"}],"replies":[{"embeddable":true,"href":"https:\/\/wydawnictwo-sqda.pl\/en\/wp-json\/wp\/v2\/comments?post=604"}],"wp:featuredmedia":[{"embeddable":true,"href":"https:\/\/wydawnictwo-sqda.pl\/en\/wp-json\/wp\/v2\/media\/659"}],"wp:attachment":[{"href":"https:\/\/wydawnictwo-sqda.pl\/en\/wp-json\/wp\/v2\/media?parent=604"}],"wp:term":[{"taxonomy":"product_brand","embeddable":true,"href":"https:\/\/wydawnictwo-sqda.pl\/en\/wp-json\/wp\/v2\/product_brand?post=604"},{"taxonomy":"product_cat","embeddable":true,"href":"https:\/\/wydawnictwo-sqda.pl\/en\/wp-json\/wp\/v2\/product_cat?post=604"},{"taxonomy":"product_tag","embeddable":true,"href":"https:\/\/wydawnictwo-sqda.pl\/en\/wp-json\/wp\/v2\/product_tag?post=604"}],"curies":[{"name":"wp","href":"https:\/\/api.w.org\/{rel}","templated":true}]}}