{"id":603,"date":"2024-04-29T12:35:03","date_gmt":"2024-04-29T10:35:03","guid":{"rendered":"https:\/\/2024.wydawnictwo-sqda.pl\/?post_type=product&#038;p=603"},"modified":"2024-10-18T16:38:39","modified_gmt":"2024-10-18T14:38:39","slug":"8d-problem-solving-in-8-disciplines-en","status":"publish","type":"product","link":"https:\/\/wydawnictwo-sqda.pl\/en\/product\/8d-problem-solving-in-8-disciplines-en\/","title":{"rendered":"8D &#8211; Problem Solving in 8 Disciplines (EN)"},"content":{"rendered":"<p>Niniejszy tom opisuje zastosowanie 8D do celu trwa\u0142ego rozwi\u0105zania problem\u00f3w. Nie opisano przy tym og\u00f3lnego procesu reklamacyjnego zawieraj\u0105cego metod\u0119 8D jako narz\u0119dzie do rozwi\u0105zywania problem\u00f3w.<span class=\"Apple-converted-space\">\u00a0<\/span><\/p>\n<p>W procesach reklamacyjnych zazwyczaj podaje si\u0119 wytyczne czasowe na rozpatrzenie reklamacji a tym samym po\u015brednio r\u00f3wnie\u017c na rozwi\u0105zywanie problem\u00f3w metod\u0105 8D. Dlatego te\u017c podczas opracowywania reklamacji nale\u017cy uwzgl\u0119dni\u0107 fakt, \u017ce elementy metody 8D mog\u0105 mie\u0107 inne terminy realizacji.<\/p>\n<p>Podczas stosowania metody 8D odpowiednie i trwa\u0142e rozwi\u0105zanie problemu nie mo\u017ce kolidowa\u0107 z terminami przekazania raportu 8D.<\/p>\n<p><b>Angielska <\/b>wersja j\u0119zykowa.<\/p>","protected":false},"excerpt":{"rendered":"<p>8D \u2013 rozwi\u0105zywanie problem\u00f3w w 8 dyscyplinach.<br \/>\nMetoda, proces, raport.<\/p>\n<p>Wydanie 1., listopad 2018.<span class=\"Apple-converted-space\">\u00a0<\/span><\/p>\n<p>Uwaga: ze wzgl\u0119du na trudno\u015bci operacyjne w VDA publikacja nast\u0105pi\u0142a w marcu 2019.<span class=\"Apple-converted-space\">\u00a0<\/span><\/p>\n<p class=\"translation-block\">The book is available on the client\u2019s request. The waiting time for delivery is up to <strong>30 business days<\/strong>. The order is associated with an additional transport fee from external warehouse in the amount of <strong>130 PLN net.<\/strong><\/p>\n<p>Produkt dost\u0119pny na zam\u00f3wienie.<\/p>","protected":false},"featured_media":652,"comment_status":"closed","ping_status":"closed","template":"","meta":[],"product_brand":[],"product_cat":[19,88],"product_tag":[74,33,42,34,75,57],"class_list":{"0":"post-603","1":"product","2":"type-product","3":"status-publish","4":"has-post-thumbnail","6":"product_cat-publikacje-vda","7":"product_cat-angielskojezyczne","8":"product_tag-8d","9":"product_tag-audit","10":"product_tag-ppa","11":"product_tag-proces","12":"product_tag-rozwiazywanie-problemow","13":"product_tag-wyrob","14":"product_shipping_class-nazamowienie","16":"first","17":"onbackorder","18":"taxable","19":"shipping-taxable","20":"purchasable","21":"product-type-simple"},"meta_box":{"wyd_pdf_title":"","wyd_pdf":"","wyd_pdf_title_2":"","wyd_pdf_2":"","show_price_check":"","free_gifts":[],"trans_content_long":"<p>Excerpt Introduction<\/p>\n<p>This volume describes the use of the 8D method for sustainable problem solving. It does not describe a general complaint process which contains the 8D method as a problem-solving tool.<\/p>\n<p>In complaint processes, time guidelines are usually established for processing a complaint and thus indirectly also for 8D problem solving.<\/p>\n<p>When applying the 8D method, an appropriate sustainable solution to a problem must not conflict with timelines that are established for delivering an 8D report.<\/p>\n<p>Volume in<b> English <\/b>language.<\/p>\n","trans_content_short":"<p>Volume 8D - Problem Solving in 8 Disciplines<br \/>\nMethod, Process, Report<br \/>\n1st edition, November 2018<\/p>\n<p>The book is available on the client\u2019s request. The waiting time for delivery is up to <b>30 business days<\/b>. The order is associated with an additional transport fee from external warehouse in the amount of <b>130 PLN net.<\/b><\/p>\n<p>Available on backorder<\/p>\n","id_wpisu":"","powiazane_szkolenia":""},"tiered_pricing_type":"fixed","tiered_pricing_fixed_rules":[],"tiered_pricing_product_settings":{"layout":"default","base_unit_name":{"singular":null,"plural":null},"default_variation":null},"tiered_pricing_minimum_quantity":null,"tiered_pricing_roles_data":[],"tiered_pricing_percentage_rules":[],"_links":{"self":[{"href":"https:\/\/wydawnictwo-sqda.pl\/en\/wp-json\/wp\/v2\/product\/603","targetHints":{"allow":["GET"]}}],"collection":[{"href":"https:\/\/wydawnictwo-sqda.pl\/en\/wp-json\/wp\/v2\/product"}],"about":[{"href":"https:\/\/wydawnictwo-sqda.pl\/en\/wp-json\/wp\/v2\/types\/product"}],"replies":[{"embeddable":true,"href":"https:\/\/wydawnictwo-sqda.pl\/en\/wp-json\/wp\/v2\/comments?post=603"}],"wp:featuredmedia":[{"embeddable":true,"href":"https:\/\/wydawnictwo-sqda.pl\/en\/wp-json\/wp\/v2\/media\/652"}],"wp:attachment":[{"href":"https:\/\/wydawnictwo-sqda.pl\/en\/wp-json\/wp\/v2\/media?parent=603"}],"wp:term":[{"taxonomy":"product_brand","embeddable":true,"href":"https:\/\/wydawnictwo-sqda.pl\/en\/wp-json\/wp\/v2\/product_brand?post=603"},{"taxonomy":"product_cat","embeddable":true,"href":"https:\/\/wydawnictwo-sqda.pl\/en\/wp-json\/wp\/v2\/product_cat?post=603"},{"taxonomy":"product_tag","embeddable":true,"href":"https:\/\/wydawnictwo-sqda.pl\/en\/wp-json\/wp\/v2\/product_tag?post=603"}],"curies":[{"name":"wp","href":"https:\/\/api.w.org\/{rel}","templated":true}]}}