{"id":602,"date":"2024-04-29T12:35:03","date_gmt":"2024-04-29T10:35:03","guid":{"rendered":"https:\/\/2024.wydawnictwo-sqda.pl\/?post_type=product&#038;p=602"},"modified":"2024-10-18T16:38:39","modified_gmt":"2024-10-18T14:38:39","slug":"vda-produktintegritat-de","status":"publish","type":"product","link":"https:\/\/wydawnictwo-sqda.pl\/en\/product\/vda-produktintegritat-de\/","title":{"rendered":"VDA Produktintegrit\u00e4t (DE)"},"content":{"rendered":"<p>Do niniejszego drugiego wydania tomu &#8222;Integralno\u015b\u0107 wyrobu&#8221; w\u0142\u0105czono opublikowany w 2020 roku tom VDA \u201eZarz\u0105dzanie kampaniami nawrotowymi przy zastosowaniu aktualizacji bezprzewodowych OTA\u201d jako dodatek tematyczny i wydrukowano go w ramach rozdzia\u0142u 6.<\/p>\n<p>Wyci\u0105g z wprowadzenia<\/p>\n<p>Przedsi\u0119biorstwa musz\u0105 stawi\u0107 czo\u0142a nie tylko nowym klientom ich kulturze, lecz tak\u017ce zmieniaj\u0105cym si\u0119 wymaganiom klienta oraz obowi\u0105zuj\u0105cym w danym kraju specyficznym ustawom i wymaganiom dotycz\u0105cym wyrobu. Poza tym znacz\u0105co wzros\u0142a wra\u017cliwo\u015b\u0107 u\u017cytkownik\u00f3w wyrobu oraz urz\u0119d\u00f3w, ich powi\u0105zania, coraz cz\u0119\u015bciej te\u017c prowadzi si\u0119 publiczne dyskusje na temat integralno\u015bci wyrobu.<\/p>\n<p>W tym kontek\u015bcie powstaje pytanie, jakie struktury organizacyjne i procesy nale\u017cy ustanowi\u0107 w przedsi\u0119biorstwie i jak nale\u017cy reagowa\u0107, kiedy z powodu niezgodno\u015bci wyr\u00f3b mo\u017ce zosta\u0107 sklasyfikowany jako niezgodny lub jako potencjalnie krytyczny\u00a0 pod wzgl\u0119dem bezpiecze\u0144stwa w jednym lub kliku krajach.<\/p>\n<p>Odpowied\u017a na to pytanie jest z\u0142o\u017cona, co wynika m.in. z liczby zainteresowanych stron (urz\u0119d\u00f3w, u\u017cytkownik\u00f3w wyrobu, OEM \u2013 producent\u00f3w oryginalnego wyposa\u017cenia, dostawc\u00f3w) i ich r\u00f3\u017cnych wymaga\u0144.<\/p>\n<p>Niniejszy tom przedstawia zalecenia dotycz\u0105ce wdro\u017cenia.<\/p>\n<p>Celem niniejszego podr\u0119cznika jest wypracowanie lepszego zrozumienia bezpiecze\u0144stwa i zgodno\u015bci wyrobu \u2013 w tym tomie uj\u0119tych razem pod jednym poj\u0119ciem \u201eintegralno\u015b\u0107 wyrobu\u201d.<\/p>","protected":false},"excerpt":{"rendered":"<p>Produktintegrit\u00e4t. Handlungsempfehlung f\u00fcr Unternehmen zu Produktsicherheit und -konformit\u00e4t. R\u00fcckrufmanagement mit Over the Air Updates.<\/p>\n<p>Integralno\u015b\u0107 wyrobu. Zalecenia dla przedsi\u0119biorstw dotycz\u0105ce dzia\u0142a\u0144 zwi\u0105zanych z bezpiecze\u0144stwem i zgodno\u015bci\u0105 wyrobu. Zarz\u0105dzanie kampaniami nawrotowymi przy zastosowaniu aktualizacji bezprzewodowych OTA.<\/p>\n<p>Wydanie 2., poprawione, marzec 2021<\/p>\n<p class=\"translation-block\">German language version.<\/p>\n<p class=\"translation-block\">The book is available on the client\u2019s request. The waiting time for delivery is up to <strong>30 business days<\/strong>. The order is associated with an additional transport fee from external warehouse in the amount of <strong>130 PLN net.<\/strong><\/p>","protected":false},"featured_media":651,"comment_status":"closed","ping_status":"closed","template":"","meta":[],"product_brand":[],"product_cat":[19,89],"product_tag":[73,57],"class_list":{"0":"post-602","1":"product","2":"type-product","3":"status-publish","4":"has-post-thumbnail","6":"product_cat-publikacje-vda","7":"product_cat-niemieckojezyczne","8":"product_tag-pscr","9":"product_tag-wyrob","10":"product_shipping_class-nazamowienie","12":"first","13":"onbackorder","14":"taxable","15":"shipping-taxable","16":"purchasable","17":"product-type-simple"},"meta_box":{"wyd_pdf_title":"","wyd_pdf":"","wyd_pdf_title_2":"","wyd_pdf_2":"","show_price_check":"","free_gifts":[],"trans_content_long":"<p>Extracts from the preface:<\/p>\n<p>Companies have to deal not only with new customers and their cultures but also with changing customer expectations and the country-specific laws and requirements that apply to the products. Furthermore, the sensitivity and connectedness of product users and authorities, and public discussions on the issue of product integrity have increased significantly.<\/p>\n<p>In this context, the question arises as to which organization structures and processes must be established in a company and how a company should react if a product is classified as potentially non-conform or as potentially safety-critical due to deviations in one or multiple countries.<\/p>\n<p>The answer to this question is subject to a certain level of complexity that results, among other things, from the number of parties involved (authorities, product users, OEM, suppliers) and their various requirements.<\/p>\n<p>This volume provides recommendations for implementation.<\/p>\n<p>The objective of this volume is to create a better understanding of product safety and product conformity \u2013 combined under the term \u201cproduct integrity\u201d for the purposes of this volume.<\/p>\n<p>Volume in German language<\/p>\n<p>The book is available on the client\u2019s request. The waiting time for delivery is up to <strong>30 business days<\/strong>. The order is associated with an additional transport fee from external warehouse in the amount of <strong>130 PLN net.<\/strong><\/p>\n","trans_content_short":"<p>Produktintegrit\u00e4t. Handlungsempfehlung f\u00fcr Unternehmen zu Produktsicherheit und -konformit\u00e4t. R\u00fcckrufmanagement mit Over the Air Updates.<\/p>\n<p>Product Integrity. Recommended action for organizations regarding product safety and conformity. Recall Management Using Over-the-Air Updates<\/p>\n<p>2nd extended edition, March 2021<\/p>\n<p><strong>German language version<\/strong><\/p>\n<p>The book is available on the client\u2019s request. The waiting time for delivery is up to <strong>30 business days<\/strong>. The order is associated with an additional transport fee from external warehouse in the amount of <strong>130 PLN net.<\/strong><\/p>\n","id_wpisu":"","powiazane_szkolenia":""},"tiered_pricing_type":"fixed","tiered_pricing_fixed_rules":[],"tiered_pricing_product_settings":{"layout":"default","base_unit_name":{"singular":null,"plural":null},"default_variation":null},"tiered_pricing_minimum_quantity":null,"tiered_pricing_roles_data":[],"tiered_pricing_percentage_rules":[],"_links":{"self":[{"href":"https:\/\/wydawnictwo-sqda.pl\/en\/wp-json\/wp\/v2\/product\/602","targetHints":{"allow":["GET"]}}],"collection":[{"href":"https:\/\/wydawnictwo-sqda.pl\/en\/wp-json\/wp\/v2\/product"}],"about":[{"href":"https:\/\/wydawnictwo-sqda.pl\/en\/wp-json\/wp\/v2\/types\/product"}],"replies":[{"embeddable":true,"href":"https:\/\/wydawnictwo-sqda.pl\/en\/wp-json\/wp\/v2\/comments?post=602"}],"wp:featuredmedia":[{"embeddable":true,"href":"https:\/\/wydawnictwo-sqda.pl\/en\/wp-json\/wp\/v2\/media\/651"}],"wp:attachment":[{"href":"https:\/\/wydawnictwo-sqda.pl\/en\/wp-json\/wp\/v2\/media?parent=602"}],"wp:term":[{"taxonomy":"product_brand","embeddable":true,"href":"https:\/\/wydawnictwo-sqda.pl\/en\/wp-json\/wp\/v2\/product_brand?post=602"},{"taxonomy":"product_cat","embeddable":true,"href":"https:\/\/wydawnictwo-sqda.pl\/en\/wp-json\/wp\/v2\/product_cat?post=602"},{"taxonomy":"product_tag","embeddable":true,"href":"https:\/\/wydawnictwo-sqda.pl\/en\/wp-json\/wp\/v2\/product_tag?post=602"}],"curies":[{"name":"wp","href":"https:\/\/api.w.org\/{rel}","templated":true}]}}