{"id":600,"date":"2024-04-29T12:35:03","date_gmt":"2024-04-29T10:35:03","guid":{"rendered":"https:\/\/2024.wydawnictwo-sqda.pl\/?post_type=product&#038;p=600"},"modified":"2025-07-28T13:57:37","modified_gmt":"2025-07-28T11:57:37","slug":"vda-analiza-czesci-wadliwych-z-rynku-i-standard-auditu-pl","status":"publish","type":"product","link":"https:\/\/wydawnictwo-sqda.pl\/en\/product\/vda-analiza-czesci-wadliwych-z-rynku-i-standard-auditu-pl\/","title":{"rendered":"VDA Analiza cz\u0119\u015bci wadliwych z rynku i standard auditu (PL)"},"content":{"rendered":"<p>Przedmowa:<\/p>\n<p>Po pierwszym wydaniu tomu VDA Analiza cz\u0119\u015bci wadliwych z rynku z 2009r. oraz Standard auditu z 2011r. zasadniczo zmieniono i scalono oba tomy. W wydaniu 2018r. dokonano aktualizacji i optymalizacji z uwzgl\u0119dnieniem zebranych do\u015bwiadcze\u0144.<\/p>\n<p>Tom VDA Analiza cz\u0119\u015bci wadliwych z rynku zawiera dodatkowo nast\u0119puj\u0105ce punkty ci\u0119\u017cko\u015bci.<\/p>\n<ul>\n<li>Silniejsze ukierunkowanie na ca\u0142y \u0142a\u0144cuch dostaw<\/li>\n<li>Wi\u0119ksze zintegrowanie planowania z procesem powstawania wyrobu<\/li>\n<li>Zoptymalizowanie diagnozy odno\u015bnie reklamacji klienta i zarz\u0105dzania danymi<\/li>\n<li>Uwzgl\u0119dnienie wielokrotnych b\u0142\u0119d\u00f3w<\/li>\n<li>Zintegrowany przyk\u0142ad wytycznych NFT<\/li>\n<li>Analiza problemu wraz z przypadkami szczeg\u00f3lnymi<\/li>\n<li>Rozszerzony proces rozwi\u0105zywania problem\u00f3w<\/li>\n<li>Zintegrowane obserwowanie rynku<\/li>\n<li>Rozszerzony i zrestrukturyzowany katalog pyta\u0144 auditowych<\/li>\n<\/ul>\n<p>Wersja w j\u0119zyku polskim.<\/p>","protected":false},"excerpt":{"rendered":"<p>Analiza cz\u0119\u015bci wadliwych z rynku i standard auditu, wydanie 2. zmienione, listopad 2018<\/p>\n<p>Podr\u0119cznik w j\u0119zyku polskim.<\/p>","protected":false},"featured_media":654,"comment_status":"closed","ping_status":"closed","template":"","meta":[],"product_brand":[],"product_cat":[19,37],"product_tag":[33,45,42,61,57],"class_list":{"0":"post-600","1":"product","2":"type-product","3":"status-publish","4":"has-post-thumbnail","6":"product_cat-publikacje-vda","7":"product_cat-polskojezyczne","8":"product_tag-audit","9":"product_tag-ffa","10":"product_tag-ppa","11":"product_tag-top","12":"product_tag-wyrob","14":"first","15":"instock","16":"featured","17":"taxable","18":"shipping-taxable","19":"purchasable","20":"product-type-simple"},"meta_box":{"wyd_pdf_title":"","wyd_pdf":"","wyd_pdf_title_2":"","wyd_pdf_2":"","show_price_check":"","free_gifts":[],"trans_content_long":"<p>Preface<\/p>\n<div class=\"full-description\">\n<p>Following the first edition of the VDA \u201cField Failure Analysis\u201d publication in 2009 and the audit standard in 2011, both publications were fundamentally revised and consolidated.<\/p>\n<p>The second edition is an update and an optimised version which incorporates the accumulated experience.<br \/>\nIn addition, the VDA \u201cField Failure Analysis\u201d publication also contains the following key aspects:<\/p>\n<ul>\n<li>Greater focus on the entire supply chain<\/li>\n<li>Stronger integration of the planning process into the product development process<\/li>\n<li>Improved analysis of customer complaints and data management<\/li>\n<li>Consideration of multiple failures<\/li>\n<li>Example of NTF guidelines included<\/li>\n<li>Problem analysis with special cases<\/li>\n<li>Expanded problem-solving process<\/li>\n<li>Market monitoring integrated<\/li>\n<li>Audit questionnaire expanded and restructured<\/li>\n<\/ul>\n<\/div>\n<p><strong>Polish language version.<\/strong><\/p>\n","trans_content_short":"<p>Field Failure Analysis &amp; Audit Standard - 2nd revised edition, November 2018<\/p>\n<p>Version in Polish language<\/p>\n","id_wpisu":"","powiazane_szkolenia":""},"tiered_pricing_type":"fixed","tiered_pricing_fixed_rules":[],"tiered_pricing_product_settings":{"layout":"default","base_unit_name":{"singular":null,"plural":null},"default_variation":null},"tiered_pricing_minimum_quantity":null,"tiered_pricing_roles_data":[],"tiered_pricing_percentage_rules":[],"_links":{"self":[{"href":"https:\/\/wydawnictwo-sqda.pl\/en\/wp-json\/wp\/v2\/product\/600","targetHints":{"allow":["GET"]}}],"collection":[{"href":"https:\/\/wydawnictwo-sqda.pl\/en\/wp-json\/wp\/v2\/product"}],"about":[{"href":"https:\/\/wydawnictwo-sqda.pl\/en\/wp-json\/wp\/v2\/types\/product"}],"replies":[{"embeddable":true,"href":"https:\/\/wydawnictwo-sqda.pl\/en\/wp-json\/wp\/v2\/comments?post=600"}],"wp:featuredmedia":[{"embeddable":true,"href":"https:\/\/wydawnictwo-sqda.pl\/en\/wp-json\/wp\/v2\/media\/654"}],"wp:attachment":[{"href":"https:\/\/wydawnictwo-sqda.pl\/en\/wp-json\/wp\/v2\/media?parent=600"}],"wp:term":[{"taxonomy":"product_brand","embeddable":true,"href":"https:\/\/wydawnictwo-sqda.pl\/en\/wp-json\/wp\/v2\/product_brand?post=600"},{"taxonomy":"product_cat","embeddable":true,"href":"https:\/\/wydawnictwo-sqda.pl\/en\/wp-json\/wp\/v2\/product_cat?post=600"},{"taxonomy":"product_tag","embeddable":true,"href":"https:\/\/wydawnictwo-sqda.pl\/en\/wp-json\/wp\/v2\/product_tag?post=600"}],"curies":[{"name":"wp","href":"https:\/\/api.w.org\/{rel}","templated":true}]}}