{"id":599,"date":"2024-04-29T12:35:03","date_gmt":"2024-04-29T10:35:03","guid":{"rendered":"https:\/\/2024.wydawnictwo-sqda.pl\/?post_type=product&#038;p=599"},"modified":"2024-10-18T16:38:39","modified_gmt":"2024-10-18T14:38:39","slug":"plaiag-vda-fmea-en","status":"publish","type":"product","link":"https:\/\/wydawnictwo-sqda.pl\/en\/product\/plaiag-vda-fmea-en\/","title":{"rendered":"AIAG &#038; VDA FMEA (EN)"},"content":{"rendered":"<p>WPROWADZENIE<\/p>\n<p>Podr\u0119cznik AIAG &amp; VDA-FMEA s\u0142u\u017cy jako narz\u0119dzie pomocnicze dla dostawc\u00f3w w przemy\u015ble motoryzacyjnym przy tworzeniu FMEA wyrobu, FMEA procesu i FMEA uzupe\u0142niaj\u0105cego do monitorowania reakcji systemu. <span class=\"Apple-converted-space\">\u00a0<\/span><\/p>\n<p>Podr\u0119cznik nie definiuje wymaga\u0144, wyja\u015bnia jedynie kroki, procedury, narz\u0119dzia niezb\u0119dne do technicznego stworzenie FMEA. Zwr\u00f3cono przy tym uwag\u0119 na zharmonizowanie podr\u0119cznika AIAG &amp; VDA-FMEA ze standardem SAE J1739<\/p>\n<p>Najwa\u017cniejsze zmiany w por\u00f3wnaniu z 4. Wydaniem podr\u0119cznika AIAG FMEA i tomem VDA4 zosta\u0142y wyszczeg\u00f3lnione w Za\u0142\u0105czniku F.<span class=\"Apple-converted-space\">\u00a0<\/span><\/p>\n<p>Prawa autorskie do niniejszego podr\u0119cznika posiada AIAG oraz VDA, wszelkie prawa zastrze\u017cone.<\/p>","protected":false},"excerpt":{"rendered":"<p>Podr\u0119cznik AIAG &amp; VDA FMEA<br \/>\nFMEA wyrobu, FMEA procesu, FMEA uzupe\u0142niaj\u0105ce &#8211; monitorowanie i reakcja systemu<br \/>\nWydanie 2019<\/p>\n<p class=\"translation-block\">The book is available on the client\u2019s request. The waiting time for delivery is up to <strong>30 business days<\/strong>. The order is associated with an additional transport fee from external warehouse in the amount of <strong>130 PLN net.<\/strong><\/p>\n<p class=\"translation-block\">English language version.<\/p>\n<p>Errat\u0119 do niniejszego podr\u0119cznika mo\u017cna pobra\u0107 <a href=\"https:\/\/vda-qmc.de\/publikationen\/fmea-errata-sheet\/\">tutaj<\/a>.<\/p>","protected":false},"featured_media":648,"comment_status":"closed","ping_status":"closed","template":"","meta":[],"product_brand":[],"product_cat":[19,88],"product_tag":[71,49,72,42,34,51,57],"class_list":{"0":"post-599","1":"product","2":"type-product","3":"status-publish","4":"has-post-thumbnail","6":"product_cat-publikacje-vda","7":"product_cat-angielskojezyczne","8":"product_tag-aiag","9":"product_tag-core-tools","10":"product_tag-fmea","11":"product_tag-ppa","12":"product_tag-proces","13":"product_tag-uruchomienie","14":"product_tag-wyrob","15":"product_shipping_class-nazamowienie","17":"first","18":"onbackorder","19":"taxable","20":"shipping-taxable","21":"purchasable","22":"product-type-simple"},"meta_box":{"wyd_pdf_title":"","wyd_pdf":"","wyd_pdf_title_2":"","wyd_pdf_2":"","show_price_check":"","free_gifts":[],"trans_content_long":"<p>Foreword<\/p>\n<p>The AIAG &amp; VDA FMEA Handbook is a reference manual to be used by the automotive industry suppliers as a guide to assist them in the development of Design FMEA, Process FMEA, and Supplemental FMEA for Monitoring and System Response.<\/p>\n<p>The Handbook does not define requirements; it is intended to clarify the steps, activities, and tools related to the technical development of FMEAs. Efforts were taken to align the AIAG &amp; VDA FMEA Handbook with the SAE J1739 standard.<\/p>\n<p>Highlights of the Change Points from the AIAG 4<sup>th<\/sup> Edition FMEA Manual and from the VDA Volume 4 Manual are provided in Appendix F.<\/p>\n<p>This Handbook is a copyright of AIAG and VDA, with all rights reserved.<\/p>\n<p>Volume in<strong> English <\/strong>language.<\/p>\n","trans_content_short":"<p>AIAG &amp; VDA FMEA Handbook<br \/>\nDesign FMEA, Process FMEA, Supplemental FMEA for Monitoring &amp; System Response<br \/>\n1. edition 2019<\/p>\n<p>The book is available on the client\u2019s request. The waiting time for delivery is up to <strong>30 business days<\/strong>. The order is associated with an additional transport fee from external warehouse in the amount of <strong>130 PLN net.<\/strong><\/p>\n<p>Errata to this volume can be downloaded <a href=\"https:\/\/vda-qmc.de\/publikationen\/fmea-errata-sheet\/\">here<\/a><\/p>\n","id_wpisu":"","powiazane_szkolenia":""},"tiered_pricing_type":"fixed","tiered_pricing_fixed_rules":[],"tiered_pricing_product_settings":{"layout":"default","base_unit_name":{"singular":null,"plural":null},"default_variation":null},"tiered_pricing_minimum_quantity":null,"tiered_pricing_roles_data":[],"tiered_pricing_percentage_rules":[],"_links":{"self":[{"href":"https:\/\/wydawnictwo-sqda.pl\/en\/wp-json\/wp\/v2\/product\/599","targetHints":{"allow":["GET"]}}],"collection":[{"href":"https:\/\/wydawnictwo-sqda.pl\/en\/wp-json\/wp\/v2\/product"}],"about":[{"href":"https:\/\/wydawnictwo-sqda.pl\/en\/wp-json\/wp\/v2\/types\/product"}],"replies":[{"embeddable":true,"href":"https:\/\/wydawnictwo-sqda.pl\/en\/wp-json\/wp\/v2\/comments?post=599"}],"wp:featuredmedia":[{"embeddable":true,"href":"https:\/\/wydawnictwo-sqda.pl\/en\/wp-json\/wp\/v2\/media\/648"}],"wp:attachment":[{"href":"https:\/\/wydawnictwo-sqda.pl\/en\/wp-json\/wp\/v2\/media?parent=599"}],"wp:term":[{"taxonomy":"product_brand","embeddable":true,"href":"https:\/\/wydawnictwo-sqda.pl\/en\/wp-json\/wp\/v2\/product_brand?post=599"},{"taxonomy":"product_cat","embeddable":true,"href":"https:\/\/wydawnictwo-sqda.pl\/en\/wp-json\/wp\/v2\/product_cat?post=599"},{"taxonomy":"product_tag","embeddable":true,"href":"https:\/\/wydawnictwo-sqda.pl\/en\/wp-json\/wp\/v2\/product_tag?post=599"}],"curies":[{"name":"wp","href":"https:\/\/api.w.org\/{rel}","templated":true}]}}