{"id":589,"date":"2024-04-29T12:34:42","date_gmt":"2024-04-29T10:34:42","guid":{"rendered":"https:\/\/2024.wydawnictwo-sqda.pl\/?post_type=product&#038;p=589"},"modified":"2026-01-09T13:12:25","modified_gmt":"2026-01-09T12:12:25","slug":"plwytyczne-do-certyfikacji-iatf-16949-czesto-zadawane-pytania-faq-pl-ebookenwytyczne-do-certyfikacji-iatf16949-czesto-zadawane-pytania-faq-pl-ebook","status":"publish","type":"product","link":"https:\/\/wydawnictwo-sqda.pl\/en\/product\/plwytyczne-do-certyfikacji-iatf-16949-czesto-zadawane-pytania-faq-pl-ebookenwytyczne-do-certyfikacji-iatf16949-czesto-zadawane-pytania-faq-pl-ebook\/","title":{"rendered":"Wytyczne do certyfikacji IATF 16949 &#8211; Cz\u0119sto Zadawane Pytania (FAQ) (PL) &#8211; ebook"},"content":{"rendered":"<p>Cz\u0119sto Zadawane Pytania s\u0105 obja\u015bnieniem istniej\u0105cych zasad lub wymaga\u0144.<\/p>\n<p>FAQ 1, 2 i 3 wydano w styczniu 2017, FAQ 4 wydano w pa\u017adzierniku 2017.<\/p>\n<p>Oryginalna wersja w j\u0119zyku angielskim znajduje si\u0119 na oficjalnej stronie IATF: https:\/\/www.iatfglobaloversight.org\/rules-5th-edition\/rules-5th-edition-faqs\/<i>Zasady uzyskania i utrzymania uprawnie\u0144 IATF<\/i>, wydanie pi\u0105te dla IATF 16949 (\u201eZasady, wydanie pi\u0105te\u201d) zosta\u0142y opublikowane w listopadzie 2016 roku i obowi\u0105zuj\u0105 od 1 stycznia 2017 roku. W odpowiedzi na pytania, zadawane przez uznane jednostki certyfikuj\u0105ce, nast\u0119puj\u0105ce pytania i odpowiedzi zosta\u0142y uzgodnione przez IATF Global Oversight.<\/p>","protected":false},"excerpt":{"rendered":"<p>Cz\u0119sto Zadawane Pytania s\u0105 obja\u015bnieniem istniej\u0105cych zasad lub wymaga\u0144. FAQ 1, 2 i 3 wydano w styczniu 2017, FAQ 4 wydano w pa\u017adzierniku 2017. Oryginalna wersja w j\u0119zyku angielskim znajduje si\u0119 na oficjalnej stronie IATF: https:\/\/www.iatfglobaloversight.org\/rules-5th-edition\/rules-5th-edition-faqs\/Zasady uzyskania i utrzymania uprawnie\u0144 IATF, wydanie pi\u0105te dla IATF 16949 (\u201eZasady, wydanie pi\u0105te\u201d) zosta\u0142y opublikowane w listopadzie 2016 roku [&hellip;]<\/p>\n","protected":false},"featured_media":638,"comment_status":"closed","ping_status":"closed","template":"","meta":[],"product_brand":[],"product_cat":[20,37,55,91],"product_tag":[33,39],"class_list":{"0":"post-589","1":"product","2":"type-product","3":"status-publish","4":"has-post-thumbnail","6":"product_cat-publikacje-iatf","7":"product_cat-polskojezyczne","8":"product_cat-e-book","9":"product_cat-bezplatne","10":"product_tag-audit","11":"product_tag-system","13":"first","14":"instock","15":"downloadable","16":"virtual","17":"taxable","18":"purchasable","19":"product-type-simple"},"meta_box":{"wyd_pdf_title":"","wyd_pdf":"","wyd_pdf_title_2":"","wyd_pdf_2":"","show_price_check":"0","free_gifts":[],"trans_content_long":"<p>Frequently Asked Questions explain existing policies or requirements.<\/p>\n<p>FAQ 1, 2 and 3 were released in January 2017, FAQ 4 was released in October 2017.<\/p>\n<p>The original version in English can be found on the official IATF website: https:\/\/www.iatfglobaloversight.org\/rules-5th-edition\/rules-5th-edition-faqs\/IATF Rules for Obtaining and Maintaining Eligibility, Fifth Edition for IATF 16949 (\u201c The Principles, Fifth Edition) were published in November 2016 and are effective from January 1, 2017. In response to questions from recognized certification bodies, the following questions and answers have been agreed by IATF Global Oversight.<\/p>\n","trans_content_short":"","id_wpisu":"","powiazane_szkolenia":""},"tiered_pricing_type":"fixed","tiered_pricing_fixed_rules":[],"tiered_pricing_product_settings":{"layout":"default","base_unit_name":{"singular":null,"plural":null},"default_variation":null},"tiered_pricing_minimum_quantity":null,"tiered_pricing_roles_data":[],"tiered_pricing_percentage_rules":[],"_links":{"self":[{"href":"https:\/\/wydawnictwo-sqda.pl\/en\/wp-json\/wp\/v2\/product\/589","targetHints":{"allow":["GET"]}}],"collection":[{"href":"https:\/\/wydawnictwo-sqda.pl\/en\/wp-json\/wp\/v2\/product"}],"about":[{"href":"https:\/\/wydawnictwo-sqda.pl\/en\/wp-json\/wp\/v2\/types\/product"}],"replies":[{"embeddable":true,"href":"https:\/\/wydawnictwo-sqda.pl\/en\/wp-json\/wp\/v2\/comments?post=589"}],"wp:featuredmedia":[{"embeddable":true,"href":"https:\/\/wydawnictwo-sqda.pl\/en\/wp-json\/wp\/v2\/media\/638"}],"wp:attachment":[{"href":"https:\/\/wydawnictwo-sqda.pl\/en\/wp-json\/wp\/v2\/media?parent=589"}],"wp:term":[{"taxonomy":"product_brand","embeddable":true,"href":"https:\/\/wydawnictwo-sqda.pl\/en\/wp-json\/wp\/v2\/product_brand?post=589"},{"taxonomy":"product_cat","embeddable":true,"href":"https:\/\/wydawnictwo-sqda.pl\/en\/wp-json\/wp\/v2\/product_cat?post=589"},{"taxonomy":"product_tag","embeddable":true,"href":"https:\/\/wydawnictwo-sqda.pl\/en\/wp-json\/wp\/v2\/product_tag?post=589"}],"curies":[{"name":"wp","href":"https:\/\/api.w.org\/{rel}","templated":true}]}}