{"id":588,"date":"2024-04-29T12:34:41","date_gmt":"2024-04-29T10:34:41","guid":{"rendered":"https:\/\/2024.wydawnictwo-sqda.pl\/?post_type=product&#038;p=588"},"modified":"2026-03-19T14:11:14","modified_gmt":"2026-03-19T13:11:14","slug":"vda-integralnosc-wyrobu-pl","status":"publish","type":"product","link":"https:\/\/wydawnictwo-sqda.pl\/en\/product\/vda-integralnosc-wyrobu-pl\/","title":{"rendered":"VDA Integralno\u015b\u0107 Wyrobu (PL)"},"content":{"rendered":"<p>Wyci\u0105g z wprowadzenia:<\/p>\n<p>Przedsi\u0119biorstwa musz\u0105 stawi\u0107 czo\u0142a nie tylko nowym klientom ich kulturze, lecz tak\u017ce zmieniaj\u0105cym si\u0119 wymaganiom klienta oraz obowi\u0105zuj\u0105cym w danym kraju specyficznym ustawom i wymaganiom dotycz\u0105cym wyrobu. Poza tym znacz\u0105co wzros\u0142a wra\u017cliwo\u015b\u0107 u\u017cytkownik\u00f3w wyrobu oraz urz\u0119d\u00f3w, ich powi\u0105zania, coraz cz\u0119\u015bciej te\u017c prowadzi si\u0119 publiczne dyskusje na temat integralno\u015bci wyrobu.<\/p>\n<p>W tym kontek\u015bcie powstaje pytanie, jakie struktury organizacyjne i procesy nale\u017cy ustanowi\u0107 w przedsi\u0119biorstwie i jak nale\u017cy reagowa\u0107, kiedy z powodu niezgodno\u015bci wyr\u00f3b mo\u017ce zosta\u0107 sklasyfikowany jako niezgodny lub jako potencjalnie krytyczny<span class=\"Apple-converted-space\">\u00a0 <\/span>pod wzgl\u0119dem bezpiecze\u0144stwa w jednym lub kliku krajach.<span class=\"Apple-converted-space\">\u00a0<\/span><\/p>\n<p>Odpowied\u017a na to pytanie jest z\u0142o\u017cona, co wynika m.in. z liczby zainteresowanych stron (urz\u0119d\u00f3w, u\u017cytkownik\u00f3w wyrobu, OEM \u2013 producent\u00f3w oryginalnego wyposa\u017cenia, dostawc\u00f3w) i ich r\u00f3\u017cnych wymaga\u0144.<\/p>\n<p>Niniejszy tom przedstawia zalecenia dotycz\u0105ce wdro\u017cenia.<\/p>\n<p>Celem niniejszego podr\u0119cznika jest wypracowanie lepszego zrozumienia bezpiecze\u0144stwa i zgodno\u015bci wyrobu \u2013 w tym tomie uj\u0119tych razem pod jednym poj\u0119ciem \u201eintegralno\u015b\u0107 wyrobu\u201d.<\/p>","protected":false},"excerpt":{"rendered":"<p>Integralno\u015b\u0107 wyrobu \u2013 Zalecenia dla przedsi\u0119biorstw dotycz\u0105ce dzia\u0142a\u0144 zwi\u0105zanych z bezpiecze\u0144stwem i zgodno\u015bci\u0105 wyrobu<\/p>\n<p>Wydanie 1., listopad 2018<\/p>\n<p>Elementem integralnym tomu jest publikacja VDA: &#8222;Zarz\u0105dzanie kampaniami nawrotowymi przy zastosowaniu aktualizacji bezprzewodowych OTA&#8221;<\/p>","protected":false},"featured_media":649,"comment_status":"closed","ping_status":"closed","template":"","meta":[],"product_brand":[],"product_cat":[19,37],"product_tag":[73,61,57],"class_list":{"0":"post-588","1":"product","2":"type-product","3":"status-publish","4":"has-post-thumbnail","6":"product_cat-publikacje-vda","7":"product_cat-polskojezyczne","8":"product_tag-pscr","9":"product_tag-top","10":"product_tag-wyrob","12":"first","13":"instock","14":"featured","15":"taxable","16":"shipping-taxable","17":"purchasable","18":"product-type-simple"},"meta_box":{"wyd_pdf_title":"Zarz\u0105dzanie kampaniami nawrotowymi przy zastosowaniu aktualizacji bezprzewodowych OTA","wyd_pdf":"https:\/\/2024.wydawnictwo-sqda.pl\/wp-content\/uploads\/2024\/04\/OTA_lipiec-2020.pdf","wyd_pdf_title_2":"","wyd_pdf_2":"","show_price_check":"0","free_gifts":[],"trans_content_long":"<p>Extracts from the preface:<\/p>\n<p>Companies have to deal not only with new customers and their cultures but also with changing customer expectations and the country-specific laws and requirements that apply to the products. Furthermore, the sensitivity and connectedness of product users and authorities, and public discussions on the issue of product integrity have increased significantly.<\/p>\n<p>In this context, the question arises as to which organization structures and processes must be established in a company and how a company should react if a product is classified as potentially non-conform or as potentially safety-critical due to deviations in one or multiple countries.<\/p>\n<p>The answer to this question is subject to a certain level of complexity that results, among other things, from the number of parties involved (authorities, product users, OEM, suppliers) and their various requirements.<\/p>\n<p>This volume provides recommendations for implementation.<\/p>\n<p>The objective of this volume is to create a better understanding of product safety and product conformity \u2013 combined under the term \u201cproduct integrity\u201d for the purposes of this volume.<\/p>\n<p>&nbsp;<\/p>\n<p>Volume in<strong> Polish <\/strong>language.<\/p>\n","trans_content_short":"<p>Product Integrity \u2013\u00a0 Recommended action for organizations\u00a0 regarding product safety and conformity 1st edition, November 2018<\/p>\n","id_wpisu":"","powiazane_szkolenia":""},"tiered_pricing_type":"fixed","tiered_pricing_fixed_rules":[],"tiered_pricing_product_settings":{"layout":"default","base_unit_name":{"singular":null,"plural":null},"default_variation":null},"tiered_pricing_minimum_quantity":null,"tiered_pricing_roles_data":[],"tiered_pricing_percentage_rules":[],"_links":{"self":[{"href":"https:\/\/wydawnictwo-sqda.pl\/en\/wp-json\/wp\/v2\/product\/588","targetHints":{"allow":["GET"]}}],"collection":[{"href":"https:\/\/wydawnictwo-sqda.pl\/en\/wp-json\/wp\/v2\/product"}],"about":[{"href":"https:\/\/wydawnictwo-sqda.pl\/en\/wp-json\/wp\/v2\/types\/product"}],"replies":[{"embeddable":true,"href":"https:\/\/wydawnictwo-sqda.pl\/en\/wp-json\/wp\/v2\/comments?post=588"}],"wp:featuredmedia":[{"embeddable":true,"href":"https:\/\/wydawnictwo-sqda.pl\/en\/wp-json\/wp\/v2\/media\/649"}],"wp:attachment":[{"href":"https:\/\/wydawnictwo-sqda.pl\/en\/wp-json\/wp\/v2\/media?parent=588"}],"wp:term":[{"taxonomy":"product_brand","embeddable":true,"href":"https:\/\/wydawnictwo-sqda.pl\/en\/wp-json\/wp\/v2\/product_brand?post=588"},{"taxonomy":"product_cat","embeddable":true,"href":"https:\/\/wydawnictwo-sqda.pl\/en\/wp-json\/wp\/v2\/product_cat?post=588"},{"taxonomy":"product_tag","embeddable":true,"href":"https:\/\/wydawnictwo-sqda.pl\/en\/wp-json\/wp\/v2\/product_tag?post=588"}],"curies":[{"name":"wp","href":"https:\/\/api.w.org\/{rel}","templated":true}]}}