{"id":584,"date":"2024-04-29T12:34:41","date_gmt":"2024-04-29T10:34:41","guid":{"rendered":"https:\/\/2024.wydawnictwo-sqda.pl\/?post_type=product&#038;p=584"},"modified":"2024-10-18T16:38:39","modified_gmt":"2024-10-18T14:38:39","slug":"vda-6-1-qm-system-audit-serial-production-en","status":"publish","type":"product","link":"https:\/\/wydawnictwo-sqda.pl\/en\/product\/vda-6-1-qm-system-audit-serial-production-en\/","title":{"rendered":"VDA 6.1 QM System audit, Serial Production (EN)"},"content":{"rendered":"<p>VDA Audit systemu zarz\u0105dzania jako\u015bci\u0105- produkcja seryjna, wydanie 5., 2016<\/p>\n<p>Knowledge about the product and its quality is useful in certifying or auditing and assessing the quality management system. Interactions occurring between the product, process and system may lead to the unification of QMS specific to a given sector. Volume VDA 6.1 supplements the ISO 9000 series with requirements dedicated to the automotive industry.<\/p>\n<p>The questionnaire in the manual is divided into two parts: management and product and process, due to the nature of problems that occur in organizations - they are not always of a purely technical nature, but often organizational and structural.<\/p>\n<p>The VDA Quality Management System Audit volume complements previously published volumes and is used to assess quality management systems in comparable conditions. The goal is to help identify gaps and improve organizational performance.<\/p>\n<p>Wersja w j\u0119zyku\u00a0<strong>angielskim<\/strong>.<\/p>","protected":false},"excerpt":{"rendered":"<p>Volume 6 Part 1 QM-System audit, Serial production, 5th edition, December 2016<\/p>\n<p>Wersja w j\u0119zyku\u00a0<strong>angielskim<\/strong>.<\/p>\n<p>Ksi\u0105\u017cka jest dost\u0119pna na zam\u00f3wienie klienta. Czas oczekiwania na dostaw\u0119 wynosi <strong>30 dni roboczych<\/strong>. Zam\u00f3wienie wi\u0105\u017ce si\u0119 z dodatkow\u0105 op\u0142at\u0105 transportow\u0105 z magazynu zagranicznego w wysoko\u015bci <strong>130PLN netto<\/strong>.<\/p>","protected":false},"featured_media":618,"comment_status":"closed","ping_status":"closed","template":"","meta":[],"product_brand":[],"product_cat":[19,88],"product_tag":[33,39,63],"class_list":{"0":"post-584","1":"product","2":"type-product","3":"status-publish","4":"has-post-thumbnail","6":"product_cat-publikacje-vda","7":"product_cat-angielskojezyczne","8":"product_tag-audit","9":"product_tag-system","10":"product_tag-vda6-1","11":"product_shipping_class-nazamowienie","13":"first","14":"onbackorder","15":"taxable","16":"shipping-taxable","17":"purchasable","18":"product-type-simple"},"meta_box":{"wyd_pdf_title":"","wyd_pdf":"","wyd_pdf_title_2":"","wyd_pdf_2":"","show_price_check":"","free_gifts":[],"trans_content_long":"<p>VDA 6.1 QM system audit \u2013 serial production, 5th edition, 2016<\/p>\n<p>The knowledge related to the product and its quality is extremely useful during the certification, auditing and assessing of the quality management system. The interactions between the product, process and system might cause the unification of the QMS specific for the concerned sector. The volume VDA 6.1 complements the ISO 9000 series by adding requirements dedicated for the automotive industry.<\/p>\n<p>The questionnaire in the manual is divided into two parts: management and product\/process \u2013 it\u2019s because of the nature of the problems, which occur in the organization \u2013 not always they are related only to the technical issue, but very often they have organizational and structural charakter.<\/p>\n<p>The volume VDA 6.1 QM system audit \u2013 serial production is a supplement if the previously published manuals and it is used for assessment of the quality management system in the comparable conditions. The purpose is ti help in the identification of the gaps and improvement of the efficiency of the organization.<\/p>\n<p>This is a <strong>English<\/strong> version of the VDA 6.1 publication.<\/p>\n","trans_content_short":"<p>VDA 6.1 QM system audit \u2013 serial production, 5th edition, 2016<\/p>\n<p>English language version<\/p>\n<p>The book is available on the client\u2019s request. The waiting time for delivery is up to <strong>30 business days<\/strong>. The order is associated with an additional transport fee from external warehouse in the amount of <strong>130 PLN net.<\/strong><\/p>\n","id_wpisu":"","powiazane_szkolenia":""},"tiered_pricing_type":"fixed","tiered_pricing_fixed_rules":[],"tiered_pricing_product_settings":{"layout":"default","base_unit_name":{"singular":null,"plural":null},"default_variation":null},"tiered_pricing_minimum_quantity":null,"tiered_pricing_roles_data":[],"tiered_pricing_percentage_rules":[],"_links":{"self":[{"href":"https:\/\/wydawnictwo-sqda.pl\/en\/wp-json\/wp\/v2\/product\/584","targetHints":{"allow":["GET"]}}],"collection":[{"href":"https:\/\/wydawnictwo-sqda.pl\/en\/wp-json\/wp\/v2\/product"}],"about":[{"href":"https:\/\/wydawnictwo-sqda.pl\/en\/wp-json\/wp\/v2\/types\/product"}],"replies":[{"embeddable":true,"href":"https:\/\/wydawnictwo-sqda.pl\/en\/wp-json\/wp\/v2\/comments?post=584"}],"wp:featuredmedia":[{"embeddable":true,"href":"https:\/\/wydawnictwo-sqda.pl\/en\/wp-json\/wp\/v2\/media\/618"}],"wp:attachment":[{"href":"https:\/\/wydawnictwo-sqda.pl\/en\/wp-json\/wp\/v2\/media?parent=584"}],"wp:term":[{"taxonomy":"product_brand","embeddable":true,"href":"https:\/\/wydawnictwo-sqda.pl\/en\/wp-json\/wp\/v2\/product_brand?post=584"},{"taxonomy":"product_cat","embeddable":true,"href":"https:\/\/wydawnictwo-sqda.pl\/en\/wp-json\/wp\/v2\/product_cat?post=584"},{"taxonomy":"product_tag","embeddable":true,"href":"https:\/\/wydawnictwo-sqda.pl\/en\/wp-json\/wp\/v2\/product_tag?post=584"}],"curies":[{"name":"wp","href":"https:\/\/api.w.org\/{rel}","templated":true}]}}