{"id":582,"date":"2024-04-29T12:34:41","date_gmt":"2024-04-29T10:34:41","guid":{"rendered":"https:\/\/2024.wydawnictwo-sqda.pl\/?post_type=product&#038;p=582"},"modified":"2026-01-09T13:15:30","modified_gmt":"2026-01-09T12:15:30","slug":"wytyczne-do-certyfikacji-iatf-16949-zatwierdzone-interpretacje-si-pl-e-book","status":"publish","type":"product","link":"https:\/\/wydawnictwo-sqda.pl\/en\/product\/wytyczne-do-certyfikacji-iatf-16949-zatwierdzone-interpretacje-si-pl-e-book\/","title":{"rendered":"Wytyczne do certyfikacji IATF 16949 &#8211; Zatwierdzone interpretacje (SI) (PL) &#8211; e-book"},"content":{"rendered":"<p class=\"Default\">Zatwierdzone interpretacje do Wytycznych do certyfikacji na zgodno\u015b\u0107 ze standardem IATF 16949 zawieraj\u0105 zestaw wymaga\u0144, kt\u00f3re zmieniaj\u0105 interpretacje zasady lub wymagania, staj\u0105c si\u0119 nast\u0119pnie podstaw\u0105 ustalenia niezgodno\u015bci. Tym samym sta\u0142y si\u0119 nieroz\u0142\u0105czonym elementem publikacji \u201eZasady uzyskania i utrzymania uprawnie\u0144 IATF\u201d, obowi\u0105zuj\u0105cej w bran\u017cy motoryzacyjnej. Zatwierdzone Interpretacje zosta\u0142y ustalone i zatwierdzone przez IATF. O ile nie wskazano inaczej, Zatwierdzone Interpretacje maj\u0105 zastosowanie z chwil\u0105 ich opublikowania. Oryginalna wersja w j\u0119zyku angielskim znajduje si\u0119 na oficjalnej stronie IATF.<\/p>","protected":false},"excerpt":{"rendered":"<p class=\"x_MsoNormal\">Zatwierdzone interpretacje do tomu: \u201eWytyczne do certyfikacji na zgodno\u015b\u0107 ze standardem IATF 16949 wydanie 6.\u201d<\/p>\n<p class=\"x_MsoNormal\"><span data-olk-copy-source=\"MessageBody\">Kwiecie\u0144 2025<\/span><\/p>","protected":false},"featured_media":617,"comment_status":"closed","ping_status":"closed","template":"","meta":[],"product_brand":[],"product_cat":[20,37,55,91],"product_tag":[39,62],"class_list":{"0":"post-582","1":"product","2":"type-product","3":"status-publish","4":"has-post-thumbnail","6":"product_cat-publikacje-iatf","7":"product_cat-polskojezyczne","8":"product_cat-e-book","9":"product_cat-bezplatne","10":"product_tag-system","11":"product_tag-zatwierdzone-interpretacje","13":"first","14":"instock","15":"downloadable","16":"virtual","17":"taxable","18":"purchasable","19":"product-type-simple"},"meta_box":{"wyd_pdf_title":"","wyd_pdf":"","wyd_pdf_title_2":"","wyd_pdf_2":"","show_price_check":"0","free_gifts":[],"trans_content_long":"<p>Rules for achieving and maintaining IATF recognition, 6th Edition, has been originated by the International Automotive Task Force (IATF), which consists of automotive OEMs and national automotive industry associations representing the suppliers.<\/p>\n<ul>\n<li>An SI changes the interpretation of a rule or a requirement, which itself then becomes the basis for nonconformity.<\/li>\n<li>An FAQ is an explanation or a clarification of an existing rule or requirement.<\/li>\n<\/ul>\n","trans_content_short":"<p class=\"x_MsoNormal\">Zatwierdzone interpretacje do tomu: \u201eWytyczne do certyfikacji na zgodno\u015b\u0107 ze standardem IATF 16949 wydanie 6.\u201d<\/p>\n<p class=\"x_MsoNormal\"><span data-olk-copy-source=\"MessageBody\">Kwiecie\u0144 2025<\/span><\/p>\n","id_wpisu":"","powiazane_szkolenia":""},"tiered_pricing_type":"fixed","tiered_pricing_fixed_rules":[],"tiered_pricing_product_settings":{"layout":"default","base_unit_name":{"singular":null,"plural":null},"default_variation":null},"tiered_pricing_minimum_quantity":null,"tiered_pricing_roles_data":[],"tiered_pricing_percentage_rules":[],"_links":{"self":[{"href":"https:\/\/wydawnictwo-sqda.pl\/en\/wp-json\/wp\/v2\/product\/582","targetHints":{"allow":["GET"]}}],"collection":[{"href":"https:\/\/wydawnictwo-sqda.pl\/en\/wp-json\/wp\/v2\/product"}],"about":[{"href":"https:\/\/wydawnictwo-sqda.pl\/en\/wp-json\/wp\/v2\/types\/product"}],"replies":[{"embeddable":true,"href":"https:\/\/wydawnictwo-sqda.pl\/en\/wp-json\/wp\/v2\/comments?post=582"}],"wp:featuredmedia":[{"embeddable":true,"href":"https:\/\/wydawnictwo-sqda.pl\/en\/wp-json\/wp\/v2\/media\/617"}],"wp:attachment":[{"href":"https:\/\/wydawnictwo-sqda.pl\/en\/wp-json\/wp\/v2\/media?parent=582"}],"wp:term":[{"taxonomy":"product_brand","embeddable":true,"href":"https:\/\/wydawnictwo-sqda.pl\/en\/wp-json\/wp\/v2\/product_brand?post=582"},{"taxonomy":"product_cat","embeddable":true,"href":"https:\/\/wydawnictwo-sqda.pl\/en\/wp-json\/wp\/v2\/product_cat?post=582"},{"taxonomy":"product_tag","embeddable":true,"href":"https:\/\/wydawnictwo-sqda.pl\/en\/wp-json\/wp\/v2\/product_tag?post=582"}],"curies":[{"name":"wp","href":"https:\/\/api.w.org\/{rel}","templated":true}]}}