{"id":581,"date":"2024-04-29T12:34:41","date_gmt":"2024-04-29T10:34:41","guid":{"rendered":"https:\/\/2024.wydawnictwo-sqda.pl\/?post_type=product&#038;p=581"},"modified":"2024-10-18T16:38:39","modified_gmt":"2024-10-18T14:38:39","slug":"vda-6-2-qm-system-audit-en","status":"publish","type":"product","link":"https:\/\/wydawnictwo-sqda.pl\/en\/product\/vda-6-2-qm-system-audit-en\/","title":{"rendered":"VDA 6.2 QM &#8211; System Audit (EN)"},"content":{"rendered":"<p>VDA Audit systemu zarz\u0105dzania jako\u015bci\u0105 \u2013 us\u0142ugi, wydanie 3., 2017<\/p>\n<p>Podr\u0119cznik VDA 6.2. zawiera zbi\u00f3r zaktualizowanych zasad w oparciu o nowe wydanie ISO 9001:2015. Standard dla systemu zarz\u0105dzania jako\u015bci\u0105, wraz z dodatkowymi wymaganiami w\/w normy, zosta\u0142 dostosowany do wszystkich organizacji, kt\u00f3re dostarczaj\u0105 us\u0142ugi w cyklu \u017cycia wyrobu, a wi\u0119c wp\u0142ywaj\u0105 na wyroby motoryzacyjne oraz jako\u015b\u0107 serwisu.<\/p>\n<p>Uwzgl\u0119dnienie dodatkowych wymog\u00f3w w zakresie projektowania system\u00f3w jako\u015bci organizacji us\u0142ug jest kluczowym czynnikiem dla efektywno\u015bci wsp\u00f3\u0142pracy mi\u0119dzy zaanga\u017cowanymi stronami.<\/p>\n<p>Wersja w j\u0119zyku\u00a0<strong>angielskim<\/strong>.<\/p>","protected":false},"excerpt":{"rendered":"<p>The book is available on the client\u2019s request. The waiting time for delivery is up to <strong>30 business days<\/strong>. The order is associated with an additional transport fee from external warehouse in the amount of <strong>130 PLN net.<\/strong><\/p>\n<p>This is an\u00a0<strong>English<\/strong> version of the VDA 6.2 publication.<\/p>","protected":false},"featured_media":615,"comment_status":"closed","ping_status":"closed","template":"","meta":[],"product_brand":[],"product_cat":[19,88],"product_tag":[33,39,60],"class_list":{"0":"post-581","1":"product","2":"type-product","3":"status-publish","4":"has-post-thumbnail","6":"product_cat-publikacje-vda","7":"product_cat-angielskojezyczne","8":"product_tag-audit","9":"product_tag-system","10":"product_tag-vda6-2","11":"product_shipping_class-nazamowienie","13":"first","14":"onbackorder","15":"taxable","16":"shipping-taxable","17":"purchasable","18":"product-type-simple"},"meta_box":{"wyd_pdf_title":"","wyd_pdf":"","wyd_pdf_title_2":"","wyd_pdf_2":"","show_price_check":"","free_gifts":[],"trans_content_long":"<p>VDA 6.2 QM system audit \u2013 services, 3rd edition, 2017<\/p>\n<p>The manual VDA 6.2 includes a set of updated rules based on ISO 9001:2015. The standard for quality management system, together with additional requirements mentioned above, was adjusted to the all organizations, which deliver services in the product life cycle, so they impact on the automotive products and services quality.<\/p>\n<p>The consideration od additional requirements in the range of quality system designing for services is a key factor for effective cooperation between involved parties.<\/p>\n<p>This is an\u00a0<strong>English<\/strong> version of the VDA 6.2 publication.<\/p>\n","trans_content_short":"<p>VDA Audit systemu zarz\u0105dzania jako\u015bci\u0105 \u2013 us\u0142ugi, wydanie 3., 2017<\/p>\n<p>Wersja w j\u0119zyku\u00a0<strong>angielskim<\/strong>.<\/p>\n<p>Ksi\u0105\u017cka jest dost\u0119pna na zam\u00f3wienie klienta. Czas oczekiwania na dostaw\u0119 wynosi <strong>do 30 dni roboczych<\/strong>. Zam\u00f3wienie wi\u0105\u017ce si\u0119 z dodatkow\u0105 op\u0142at\u0105 transportow\u0105 z magazynu zagranicznego w wysoko\u015bci <strong>130PLN netto<\/strong>.[:en]VDA 6.2 QM system audit \u2013 services, 3rd edition, 2017<\/p>\n","id_wpisu":"","powiazane_szkolenia":""},"tiered_pricing_type":"fixed","tiered_pricing_fixed_rules":[],"tiered_pricing_product_settings":{"layout":"default","base_unit_name":{"singular":null,"plural":null},"default_variation":null},"tiered_pricing_minimum_quantity":null,"tiered_pricing_roles_data":[],"tiered_pricing_percentage_rules":[],"_links":{"self":[{"href":"https:\/\/wydawnictwo-sqda.pl\/en\/wp-json\/wp\/v2\/product\/581","targetHints":{"allow":["GET"]}}],"collection":[{"href":"https:\/\/wydawnictwo-sqda.pl\/en\/wp-json\/wp\/v2\/product"}],"about":[{"href":"https:\/\/wydawnictwo-sqda.pl\/en\/wp-json\/wp\/v2\/types\/product"}],"replies":[{"embeddable":true,"href":"https:\/\/wydawnictwo-sqda.pl\/en\/wp-json\/wp\/v2\/comments?post=581"}],"wp:featuredmedia":[{"embeddable":true,"href":"https:\/\/wydawnictwo-sqda.pl\/en\/wp-json\/wp\/v2\/media\/615"}],"wp:attachment":[{"href":"https:\/\/wydawnictwo-sqda.pl\/en\/wp-json\/wp\/v2\/media?parent=581"}],"wp:term":[{"taxonomy":"product_brand","embeddable":true,"href":"https:\/\/wydawnictwo-sqda.pl\/en\/wp-json\/wp\/v2\/product_brand?post=581"},{"taxonomy":"product_cat","embeddable":true,"href":"https:\/\/wydawnictwo-sqda.pl\/en\/wp-json\/wp\/v2\/product_cat?post=581"},{"taxonomy":"product_tag","embeddable":true,"href":"https:\/\/wydawnictwo-sqda.pl\/en\/wp-json\/wp\/v2\/product_tag?post=581"}],"curies":[{"name":"wp","href":"https:\/\/api.w.org\/{rel}","templated":true}]}}