{"id":580,"date":"2024-04-29T12:34:41","date_gmt":"2024-04-29T10:34:41","guid":{"rendered":"https:\/\/2024.wydawnictwo-sqda.pl\/?post_type=product&#038;p=580"},"modified":"2026-04-02T12:08:11","modified_gmt":"2026-04-02T10:08:11","slug":"vda-6-5-audit-wyrobu-pl","status":"publish","type":"product","link":"https:\/\/wydawnictwo-sqda.pl\/en\/product\/vda-6-5-audit-wyrobu-pl\/","title":{"rendered":"VDA 6.5 Audit wyrobu (PL)"},"content":{"rendered":"<p>Nie spos\u00f3b ju\u017c uj\u0105\u0107 wszystkich oczekiwa\u0144 klienta ko\u0144cowego w formie specyfikacji. Od producent\u00f3w pojazd\u00f3w i poddostawc\u00f3w przemys\u0142u motoryzacyjnego wymaga si\u0119 identyfikacji w\u0142a\u015bciwo\u015bci wyrobu na w\u0142asn\u0105 odpowiedzialno\u015b\u0107 i uwzgl\u0119dniania ich w swoich wyrobach. Takie podej\u015bcie nale\u017cy uwzgl\u0119dni\u0107 r\u00f3wnie\u017c w trakcie audit\u00f3w wyrobu.<\/p>\n<p>W \u0142a\u0144cuchu proces\u00f3w audit wyrobu powinien wykaza\u0107 poziom jako\u015bci wyrob\u00f3w produkowanych wewn\u0119trznie lub zleconych na zewn\u0105trz.<\/p>\n<p>Niniejsze trzecie wydanie tomu VDA 6.5. \u201eAudit wyrobu\u201d zast\u0119puje wydanie drugie z 2008 r.<\/p>","protected":false},"excerpt":{"rendered":"<p>Tom 6 cz\u0119\u015b\u0107 5 \u2013 Audit wyrobu, wydanie 3. poprawione, marzec 2020<\/p>\n<p>Wersja w j\u0119zyku polskim.<\/p>","protected":false},"featured_media":658,"comment_status":"closed","ping_status":"closed","template":"","meta":[],"product_brand":[],"product_cat":[19,37],"product_tag":[59,33,57],"class_list":{"0":"post-580","1":"product","2":"type-product","3":"status-publish","4":"has-post-thumbnail","6":"product_cat-publikacje-vda","7":"product_cat-polskojezyczne","8":"product_tag-6-5","9":"product_tag-audit","10":"product_tag-wyrob","12":"first","13":"instock","14":"taxable","15":"shipping-taxable","16":"purchasable","17":"product-type-simple"},"meta_box":{"wyd_pdf_title":"","wyd_pdf":"","wyd_pdf_title_2":"","wyd_pdf_2":"","show_price_check":"0","free_gifts":[],"trans_content_long":"<p>\"The expectations of end customers can no longer be expressed in specifications alone. Vehicle manufacturers and the supplier industry are required to identify these product characteristics independently and to implement them in the products. This approach must also be taken into account when conducting product audits.<\/p>\n<p>Product audits should indicate the quality level of internally\/externally manufactured products in the process chain.\"<\/p>\n<p>This third edition of VDA Volume 6 Part 5 \u2013 Product Audit \u2013 replaces the second edition from 2008.<\/p>\n","trans_content_short":"<p>Volume 6 Part 5 - Product Audit, 3rd, revised edition, March 2020<\/p>\n<p>Polish language version<\/p>\n","id_wpisu":"","powiazane_szkolenia":"2337"},"tiered_pricing_type":"fixed","tiered_pricing_fixed_rules":[],"tiered_pricing_product_settings":{"layout":"default","base_unit_name":{"singular":null,"plural":null},"default_variation":null},"tiered_pricing_minimum_quantity":null,"tiered_pricing_roles_data":[],"tiered_pricing_percentage_rules":[],"_links":{"self":[{"href":"https:\/\/wydawnictwo-sqda.pl\/en\/wp-json\/wp\/v2\/product\/580","targetHints":{"allow":["GET"]}}],"collection":[{"href":"https:\/\/wydawnictwo-sqda.pl\/en\/wp-json\/wp\/v2\/product"}],"about":[{"href":"https:\/\/wydawnictwo-sqda.pl\/en\/wp-json\/wp\/v2\/types\/product"}],"replies":[{"embeddable":true,"href":"https:\/\/wydawnictwo-sqda.pl\/en\/wp-json\/wp\/v2\/comments?post=580"}],"wp:featuredmedia":[{"embeddable":true,"href":"https:\/\/wydawnictwo-sqda.pl\/en\/wp-json\/wp\/v2\/media\/658"}],"wp:attachment":[{"href":"https:\/\/wydawnictwo-sqda.pl\/en\/wp-json\/wp\/v2\/media?parent=580"}],"wp:term":[{"taxonomy":"product_brand","embeddable":true,"href":"https:\/\/wydawnictwo-sqda.pl\/en\/wp-json\/wp\/v2\/product_brand?post=580"},{"taxonomy":"product_cat","embeddable":true,"href":"https:\/\/wydawnictwo-sqda.pl\/en\/wp-json\/wp\/v2\/product_cat?post=580"},{"taxonomy":"product_tag","embeddable":true,"href":"https:\/\/wydawnictwo-sqda.pl\/en\/wp-json\/wp\/v2\/product_tag?post=580"}],"curies":[{"name":"wp","href":"https:\/\/api.w.org\/{rel}","templated":true}]}}