{"id":579,"date":"2024-04-29T12:34:41","date_gmt":"2024-04-29T10:34:41","guid":{"rendered":"https:\/\/2024.wydawnictwo-sqda.pl\/?post_type=product&#038;p=579"},"modified":"2024-10-18T16:38:39","modified_gmt":"2024-10-18T14:38:39","slug":"vda-6-5-produktaudit-de","status":"publish","type":"product","link":"https:\/\/wydawnictwo-sqda.pl\/en\/product\/vda-6-5-produktaudit-de\/","title":{"rendered":"VDA 6.5 Produktaudit (DE)"},"content":{"rendered":"<p>Wyci\u0105g z przedmowy:<\/p>\n<p>Oczekiwa\u0144 klienta ko\u0144cowego nie da si\u0119 ju\u017c ujmowa\u0107 tylko w specyfikacjach. Producenci pojazd\u00f3w oraz przemys\u0142 dostawc\u00f3w s\u0105 zobowi\u0105zani do samodzielnego okre\u015blania w\u0142a\u015bciwo\u015bci wyrobu i przenoszenia ich na wyr\u00f3b. To podej\u015bcie nale\u017cy uwzgl\u0119dnia\u0107 r\u00f3wnie\u017c w czasie wykonywania auditu wyrobu.<span class=\"Apple-converted-space\">\u00a0<\/span><\/p>\n<p>W \u0142a\u0144cuchu procesowym audit wyrobu powinien pokazywa\u0107 poziom jako\u015bci wytwarzanych wewn\u0119trznie\/zewn\u0119trznie wyrob\u00f3w. Niniejsze wydanie trzecie tomu VDA 6 cz\u0119\u015b\u0107 5 \u2013 Audit wyrobu zast\u0119puje wydanie drugie z roku 2008.<span class=\"Apple-converted-space\">\u00a0<\/span><\/p>","protected":false},"excerpt":{"rendered":"<p>Tom 6 cz\u0119\u015b\u0107 5 \u2013 Audit wyrobu, wydanie 3. poprawione, marzec 2020<\/p>\n<p class=\"translation-block\">German language version.<\/p>\n<p class=\"translation-block\">The book is available on the client\u2019s request. The waiting time for delivery is up to <strong>30 business days<\/strong>. The order is associated with an additional transport fee from external warehouse in the amount of <strong>130 PLN net.<\/strong><\/p>\n<p>Wersja w j\u0119zyku\u00a0<strong>niemieckim<\/strong>.<\/p>","protected":false},"featured_media":614,"comment_status":"closed","ping_status":"closed","template":"","meta":[],"product_brand":[],"product_cat":[19,89],"product_tag":[59,33,57],"class_list":{"0":"post-579","1":"product","2":"type-product","3":"status-publish","4":"has-post-thumbnail","6":"product_cat-publikacje-vda","7":"product_cat-niemieckojezyczne","8":"product_tag-6-5","9":"product_tag-audit","10":"product_tag-wyrob","11":"product_shipping_class-nazamowienie","13":"first","14":"onbackorder","15":"taxable","16":"shipping-taxable","17":"purchasable","18":"product-type-simple"},"meta_box":{"wyd_pdf_title":"","wyd_pdf":"","wyd_pdf_title_2":"","wyd_pdf_2":"","show_price_check":"","free_gifts":[],"trans_content_long":"<p>\u2026..the expectations of end customers can no longer be expressed in specifications alone. Vehicle manufacturers and the supplier industry are required to identify these product characteristics independently and to implement them in the products. This approach must also be taken into account when conducting product audits.<\/p>\n<p>Product audits should indicate the quality level of internally\/externally manufactured products in the process chain.<\/p>\n<p>This third edition of VDA Volume 6 Part 5 \u2013 Product Audit \u2013 replaces the second edition from 2008.<\/p>\n","trans_content_short":"<p>Band 6 Teil 5 - Produktaudit, 3. \u00fcberarbeitete Auflage, M\u00e4rz 2020<\/p>\n<p>German edition<\/p>\n<p>The book is available on the client\u2019s request. The waiting time for delivery is up to <strong>30 business days<\/strong>. The order is associated with an additional transport fee from external warehouse in the amount of <strong>130 PLN net.<\/strong><\/p>\n","id_wpisu":"","powiazane_szkolenia":""},"tiered_pricing_type":"fixed","tiered_pricing_fixed_rules":[],"tiered_pricing_product_settings":{"layout":"default","base_unit_name":{"singular":null,"plural":null},"default_variation":null},"tiered_pricing_minimum_quantity":null,"tiered_pricing_roles_data":[],"tiered_pricing_percentage_rules":[],"_links":{"self":[{"href":"https:\/\/wydawnictwo-sqda.pl\/en\/wp-json\/wp\/v2\/product\/579","targetHints":{"allow":["GET"]}}],"collection":[{"href":"https:\/\/wydawnictwo-sqda.pl\/en\/wp-json\/wp\/v2\/product"}],"about":[{"href":"https:\/\/wydawnictwo-sqda.pl\/en\/wp-json\/wp\/v2\/types\/product"}],"replies":[{"embeddable":true,"href":"https:\/\/wydawnictwo-sqda.pl\/en\/wp-json\/wp\/v2\/comments?post=579"}],"wp:featuredmedia":[{"embeddable":true,"href":"https:\/\/wydawnictwo-sqda.pl\/en\/wp-json\/wp\/v2\/media\/614"}],"wp:attachment":[{"href":"https:\/\/wydawnictwo-sqda.pl\/en\/wp-json\/wp\/v2\/media?parent=579"}],"wp:term":[{"taxonomy":"product_brand","embeddable":true,"href":"https:\/\/wydawnictwo-sqda.pl\/en\/wp-json\/wp\/v2\/product_brand?post=579"},{"taxonomy":"product_cat","embeddable":true,"href":"https:\/\/wydawnictwo-sqda.pl\/en\/wp-json\/wp\/v2\/product_cat?post=579"},{"taxonomy":"product_tag","embeddable":true,"href":"https:\/\/wydawnictwo-sqda.pl\/en\/wp-json\/wp\/v2\/product_tag?post=579"}],"curies":[{"name":"wp","href":"https:\/\/api.w.org\/{rel}","templated":true}]}}