{"id":577,"date":"2024-04-29T12:34:41","date_gmt":"2024-04-29T10:34:41","guid":{"rendered":"https:\/\/2024.wydawnictwo-sqda.pl\/?post_type=product&#038;p=577"},"modified":"2024-10-18T16:38:39","modified_gmt":"2024-10-18T14:38:39","slug":"vda-robust-production-process-en","status":"publish","type":"product","link":"https:\/\/wydawnictwo-sqda.pl\/en\/product\/vda-robust-production-process-en\/","title":{"rendered":"VDA Robust Production Process (EN)"},"content":{"rendered":"<p>Przedmowa do zaktualizowanego przedruku z 2019r.<\/p>\n<p>Standardy DIN ISO, wytyczne IATF i VDA zosta\u0142y w wielu przypadkach odnowione lub rozwini\u0119te i s\u0105 teraz w niniejszym przedruku uwzgl\u0119dnione w zaktualizowanej formie. Cytowane tre\u015bci i odniesienia zosta\u0142y odpowiednio dostosowane. Wycofane podr\u0119czniki VDA zosta\u0142y usuni\u0119te z notatek i tabel pogl\u0105dowych.<span class=\"Apple-converted-space\">\u00a0<\/span><\/p>","protected":false},"excerpt":{"rendered":"<p>Wytwarzanie i dostawa wyrobu \u2013 solidny proces produkcyjny. Wymagania wst\u0119pne, standardy, kontrola, przyk\u0142ady.<\/p>\n<p>Wydanie pierwsze listopad 2007 \u2013 zaktualizowany przedruk, listopad 2019.<span class=\"Apple-converted-space\">\u00a0<\/span><\/p>\n<p class=\"translation-block\">English language version.<\/p>\n<p class=\"translation-block\">The book is available on the client\u2019s request. The waiting time for delivery is up to <strong>30 business days<\/strong>. The order is associated with an additional transport fee from external warehouse in the amount of <strong>130 PLN net.<\/strong><\/p>","protected":false},"featured_media":613,"comment_status":"closed","ping_status":"closed","template":"","meta":[],"product_brand":[],"product_cat":[19,88],"product_tag":[34,58],"class_list":{"0":"post-577","1":"product","2":"type-product","3":"status-publish","4":"has-post-thumbnail","6":"product_cat-publikacje-vda","7":"product_cat-angielskojezyczne","8":"product_tag-proces","9":"product_tag-rpp","10":"product_shipping_class-nazamowienie","12":"first","13":"onbackorder","14":"taxable","15":"shipping-taxable","16":"purchasable","17":"product-type-simple"},"meta_box":{"wyd_pdf_title":"","wyd_pdf":"","wyd_pdf_title_2":"","wyd_pdf_2":"","show_price_check":"","free_gifts":[],"trans_content_long":"<p>Foreword for updated reprint 2019<\/p>\n<p>The DIN ISO standards, IATF and VDA-guidelines are in many cases renewed or refined and are now incorporated in this reprint in their updated form.<\/p>\n<p>The cited content and references were adjusted accordingly.<\/p>\n<p>Withdrawn VDA volumes have been removed from notes and overview tables.<\/p>\n","trans_content_short":"<p>Product Manufacturing and Delivery \u00b7 Robust Production Process<br \/>\nPrerequisites, Standards, Controlling, Examples<br \/>\n1st edition November 2007 - Updated reprint, November 2019<\/p>\n<p><b>German edition.<\/b><\/p>\n<p>The book is available on the client\u2019s request. The waiting time for delivery is up to <b>30 business days<\/b>. The order is associated with an additional transport fee from external warehouse in the amount of <b>130 PLN net.<\/b><\/p>\n","id_wpisu":"","powiazane_szkolenia":""},"tiered_pricing_type":"fixed","tiered_pricing_fixed_rules":[],"tiered_pricing_product_settings":{"layout":"default","base_unit_name":{"singular":null,"plural":null},"default_variation":null},"tiered_pricing_minimum_quantity":null,"tiered_pricing_roles_data":[],"tiered_pricing_percentage_rules":[],"_links":{"self":[{"href":"https:\/\/wydawnictwo-sqda.pl\/en\/wp-json\/wp\/v2\/product\/577","targetHints":{"allow":["GET"]}}],"collection":[{"href":"https:\/\/wydawnictwo-sqda.pl\/en\/wp-json\/wp\/v2\/product"}],"about":[{"href":"https:\/\/wydawnictwo-sqda.pl\/en\/wp-json\/wp\/v2\/types\/product"}],"replies":[{"embeddable":true,"href":"https:\/\/wydawnictwo-sqda.pl\/en\/wp-json\/wp\/v2\/comments?post=577"}],"wp:featuredmedia":[{"embeddable":true,"href":"https:\/\/wydawnictwo-sqda.pl\/en\/wp-json\/wp\/v2\/media\/613"}],"wp:attachment":[{"href":"https:\/\/wydawnictwo-sqda.pl\/en\/wp-json\/wp\/v2\/media?parent=577"}],"wp:term":[{"taxonomy":"product_brand","embeddable":true,"href":"https:\/\/wydawnictwo-sqda.pl\/en\/wp-json\/wp\/v2\/product_brand?post=577"},{"taxonomy":"product_cat","embeddable":true,"href":"https:\/\/wydawnictwo-sqda.pl\/en\/wp-json\/wp\/v2\/product_cat?post=577"},{"taxonomy":"product_tag","embeddable":true,"href":"https:\/\/wydawnictwo-sqda.pl\/en\/wp-json\/wp\/v2\/product_tag?post=577"}],"curies":[{"name":"wp","href":"https:\/\/api.w.org\/{rel}","templated":true}]}}