{"id":576,"date":"2024-04-29T12:34:41","date_gmt":"2024-04-29T10:34:41","guid":{"rendered":"https:\/\/2024.wydawnictwo-sqda.pl\/?post_type=product&#038;p=576"},"modified":"2024-10-18T16:38:39","modified_gmt":"2024-10-18T14:38:39","slug":"vda-16-decorative-surfaces-of-accessories-and-functional-parts-in-the-exterior-and-interior-areas-of-automobiles-en","status":"publish","type":"product","link":"https:\/\/wydawnictwo-sqda.pl\/en\/product\/vda-16-decorative-surfaces-of-accessories-and-functional-parts-in-the-exterior-and-interior-areas-of-automobiles-en\/","title":{"rendered":"VDA 16 &#8211; Decorative surfaces of accessories and functional parts in the exterior and interior areas of automobiles (EN)"},"content":{"rendered":"<p class=\"Default\">VDA 16 <b>\u00a0<\/b><span class=\"A0\">Powierzchnie dekoracyjne wyposa\u017cenia i cz\u0119\u015bci funkcyjnych na zewn\u0105trz i wewn\u0105trz pojazd\u00f3w samochodowych, <\/span>wydanie 3. zmienione, 2016<b><\/b><\/p>\n<p>Powierzchnie dekoracyjne wyposa\u017cenia i cz\u0119\u015bci funkcyjnych wewn\u0105trz i na zewn\u0105trz pojazd\u00f3w samochodowych zale\u017c\u0105 od ich wygl\u0105du i odgrywaj\u0105 decyduj\u0105c\u0105 rol\u0119 w procesie in\u017cynierii produkt\u00f3w i projektowania \u0142a\u0144cucha dostaw. Je\u015bli specyfikacje powierzchni s\u0105 okre\u015blone zbyt p\u00f3\u017ano (np.: po rozpocz\u0119ciu produkcji seryjnej), mo\u017ce to powodowa\u0107 w konsekwencji wzrost koszt\u00f3w zwi\u0105zanych z selekcj\u0105, prowadzeniem procesu reklamacyjnego, powodowanego niesp\u00f3jnymi wymaganiami w odniesieniu do aspektu wizualnego, co znacznie zwi\u0119ksza koszty jako\u015bci w przedsi\u0119biorstwie. Celem niniejszej publikacji jest ukazanie podej\u015bcia do okre\u015blania specyfikacji powierzchni dekoracyjnych i ukazania ich istoty w procesie identyfikacji i okre\u015blania wymaga\u0144 we wczesnych fazach uruchomieniowych.<\/p>\n<p>Wydanie w j\u0119zyku angielskim.<\/p>","protected":false},"excerpt":{"rendered":"<p class=\"Default\">VDA 16 <b>\u00a0<\/b><span class=\"A0\">Powierzchnie dekoracyjne wyposa\u017cenia i cz\u0119\u015bci funkcyjnych na zewn\u0105trz i wewn\u0105trz pojazd\u00f3w samochodowych, <\/span>wydanie 3. zmienione, 2016<b><\/b><\/p>\n<p>Wydanie w j\u0119zyku angielskim.<\/p>\n<p class=\"translation-block\">The book is available on the client\u2019s request. The waiting time for delivery is up to <strong>30 business days<\/strong>. The order is associated with an additional transport fee from external warehouse in the amount of <strong>130 PLN net.<\/strong><\/p>","protected":false},"featured_media":612,"comment_status":"closed","ping_status":"closed","template":"","meta":[],"product_brand":[],"product_cat":[19,88],"product_tag":[42,56,57],"class_list":{"0":"post-576","1":"product","2":"type-product","3":"status-publish","4":"has-post-thumbnail","6":"product_cat-publikacje-vda","7":"product_cat-angielskojezyczne","8":"product_tag-ppa","9":"product_tag-vda16","10":"product_tag-wyrob","11":"product_shipping_class-nazamowienie","13":"first","14":"onbackorder","15":"taxable","16":"shipping-taxable","17":"purchasable","18":"product-type-simple"},"meta_box":{"wyd_pdf_title":"","wyd_pdf":"","wyd_pdf_title_2":"","wyd_pdf_2":"","show_price_check":"","free_gifts":[],"trans_content_long":"<p>We would like to emphasize that this VDA publication does not constitute a new surface specification for appearance-dependent surface parts.<\/p>\n<p>This VDA publication is rather intended as a communication instrument to support the crucial exchange between suppliers and customers in the manifold supply relations within the various automotive-supply chains with regard to the need to clearly define the characteristic attributes for all appearance-dependent surface characteristics.<\/p>\n<p>Its purpose is, in the absence of clear specifications for the tolerated degree of surface-relevant characteristics for any product category, in or on the automobile, to initiate communication between OEM and supplier. To achieve 100%-quality or zero-defect supplier performance and a corresponding evaluation in the product audit or product approval procedure, it is crucially important to specify all relevant decorative surface characteristics in a reproducible and, to the extent possible, quantifiable manner.\u00a0 This serves to create clarity in the basic conditions both for customers and suppliers with regard to the quality that is to be expected\/implemented.<\/p>\n<p>VDA Publication 16 is also intended to alert to the existence of defect slip-through rates due to physiological causes, particularly for surface inspections that can only be performed at a human-visual level.<\/p>\n","trans_content_short":"<p>VDA 16 - Decorative surfaces of accessories and functional parts in the exterior and interior areas of automobiles, 3rd Edition 2016<\/p>\n<p><strong>English language version<\/strong><\/p>\n<p>The book is available on the client\u2019s request. The waiting time for delivery is up to <strong>30 business days<\/strong>. The order is associated with an additional transport fee from external warehouse in the amount of <strong>130 PLN net.<\/strong><\/p>\n","id_wpisu":"","powiazane_szkolenia":""},"tiered_pricing_type":"fixed","tiered_pricing_fixed_rules":[],"tiered_pricing_product_settings":{"layout":"default","base_unit_name":{"singular":null,"plural":null},"default_variation":null},"tiered_pricing_minimum_quantity":null,"tiered_pricing_roles_data":[],"tiered_pricing_percentage_rules":[],"_links":{"self":[{"href":"https:\/\/wydawnictwo-sqda.pl\/en\/wp-json\/wp\/v2\/product\/576","targetHints":{"allow":["GET"]}}],"collection":[{"href":"https:\/\/wydawnictwo-sqda.pl\/en\/wp-json\/wp\/v2\/product"}],"about":[{"href":"https:\/\/wydawnictwo-sqda.pl\/en\/wp-json\/wp\/v2\/types\/product"}],"replies":[{"embeddable":true,"href":"https:\/\/wydawnictwo-sqda.pl\/en\/wp-json\/wp\/v2\/comments?post=576"}],"wp:featuredmedia":[{"embeddable":true,"href":"https:\/\/wydawnictwo-sqda.pl\/en\/wp-json\/wp\/v2\/media\/612"}],"wp:attachment":[{"href":"https:\/\/wydawnictwo-sqda.pl\/en\/wp-json\/wp\/v2\/media?parent=576"}],"wp:term":[{"taxonomy":"product_brand","embeddable":true,"href":"https:\/\/wydawnictwo-sqda.pl\/en\/wp-json\/wp\/v2\/product_brand?post=576"},{"taxonomy":"product_cat","embeddable":true,"href":"https:\/\/wydawnictwo-sqda.pl\/en\/wp-json\/wp\/v2\/product_cat?post=576"},{"taxonomy":"product_tag","embeddable":true,"href":"https:\/\/wydawnictwo-sqda.pl\/en\/wp-json\/wp\/v2\/product_tag?post=576"}],"curies":[{"name":"wp","href":"https:\/\/api.w.org\/{rel}","templated":true}]}}