{"id":573,"date":"2024-04-29T12:34:41","date_gmt":"2024-04-29T10:34:41","guid":{"rendered":"https:\/\/2024.wydawnictwo-sqda.pl\/?post_type=product&#038;p=573"},"modified":"2024-10-18T16:38:39","modified_gmt":"2024-10-18T14:38:39","slug":"vda-3-2-zuverlassigkeitssicherung-bei-automobilherstellern-und-lieferanten-de","status":"publish","type":"product","link":"https:\/\/wydawnictwo-sqda.pl\/en\/product\/vda-3-2-zuverlassigkeitssicherung-bei-automobilherstellern-und-lieferanten-de\/","title":{"rendered":"VDA 3.2 Zuverl\u00e4ssigkeitssicherung bei Automobilherstellern und Lieferanten (DE)"},"content":{"rendered":"<p>VDA Zapewnienie niezawodno\u015bci u producent\u00f3w przemys\u0142u motoryzacyjnego i dostawc\u00f3w &#8211; metody i narz\u0119dzia niezawodno\u015bci, wydanie 4. poprawione, 2016<\/p>\n<p>Celem wydania podr\u0119cznika \u201eVDA Zapewnienie niezawodno\u015bci u producent\u00f3w przemys\u0142u motoryzacyjnego i dostawc\u00f3w\u201d jest prezentacja praktycznych metod zapewnienia niezawodno\u015bci, kt\u00f3re mog\u0105 by\u0107 wykorzystane zar\u00f3wno przez producent\u00f3w OEM, jak i ich dostawc\u00f3w w \u0142a\u0144cuchu dostaw. Niniejszy tom dzieli si\u0119 na dwie cz\u0119\u015bci, z czego pierwsza opisuje zarz\u0105dzanie i zapewnienie niezawodno\u015bci w fazie projektowania, a druga cz\u0119\u015b\u0107 opisuje systematyczne metody zapewnienia niezawodno\u015bci, poparte praktycznymi przyk\u0142adami zastosowania.<\/p>\n<p>Wersja w j\u0119zyku\u00a0<strong>niemieckim<\/strong>.<\/p>","protected":false},"excerpt":{"rendered":"<p>VDA Zapewnienie niezawodno\u015bci u producent\u00f3w przemys\u0142u motoryzacyjnego i dostawc\u00f3w &#8211; metody i narz\u0119dzia niezawodno\u015bci, wydanie 4. poprawione, 2016<\/p>\n<p>Wersja w j\u0119zyku\u00a0<strong>niemieckim<\/strong>.<\/p>\n<p class=\"translation-block\">The book is available on the client\u2019s request. The waiting time for delivery is up to <strong>30 business days<\/strong>. The order is associated with an additional transport fee from external warehouse in the amount of <strong>130 PLN net.<\/strong><\/p>","protected":false},"featured_media":610,"comment_status":"closed","ping_status":"closed","template":"","meta":[],"product_brand":[],"product_cat":[19,89],"product_tag":[42],"class_list":{"0":"post-573","1":"product","2":"type-product","3":"status-publish","4":"has-post-thumbnail","6":"product_cat-publikacje-vda","7":"product_cat-niemieckojezyczne","8":"product_tag-ppa","9":"product_shipping_class-nazamowienie","11":"first","12":"onbackorder","13":"taxable","14":"shipping-taxable","15":"purchasable","16":"product-type-simple"},"meta_box":{"wyd_pdf_title":"","wyd_pdf":"","wyd_pdf_title_2":"","wyd_pdf_2":"","show_price_check":"","free_gifts":[],"trans_content_long":"<p>VDA 3.2 Reliability assurance by producers and suppliers in the automotive industry \u2013 reliability methods and tools, 4th edition, 2016<\/p>\n<p>The purpose of the manual \u201eVDA Reliability assurance by producers and suppliers in the automotive industry\u201d is to present of practical methos of reliability assurance, which might be used by the OEM\u00a0 and also by the suppliers in the supply chain . This manual is divied into two parts \u2013 the first one describes the management and reliability assurance in the design phase and the second part describes the systematic reliability assurance methods based on the practical examples of usage.<\/p>\n<p>This is a <strong>German<\/strong> version of the VDA 3.2 publication.<\/p>\n","trans_content_short":"<p>VDA 3.2 Reliability assurance by producers and suppliers in the automotive industry \u2013 reliability methods and tools, 4th edition, 2016<\/p>\n<p>This is a <strong>German<\/strong> version of the VDA 3.2 publication.<\/p>\n<p>The book is available on the client\u2019s request. The waiting time for delivery is up to <strong>30 business days<\/strong>. The order is associated with an additional transport fee from external warehouse in the amount of <strong>130 PLN net.<\/strong><\/p>\n","id_wpisu":"","powiazane_szkolenia":""},"tiered_pricing_type":"fixed","tiered_pricing_fixed_rules":[],"tiered_pricing_product_settings":{"layout":"default","base_unit_name":{"singular":null,"plural":null},"default_variation":null},"tiered_pricing_minimum_quantity":null,"tiered_pricing_roles_data":[],"tiered_pricing_percentage_rules":[],"_links":{"self":[{"href":"https:\/\/wydawnictwo-sqda.pl\/en\/wp-json\/wp\/v2\/product\/573","targetHints":{"allow":["GET"]}}],"collection":[{"href":"https:\/\/wydawnictwo-sqda.pl\/en\/wp-json\/wp\/v2\/product"}],"about":[{"href":"https:\/\/wydawnictwo-sqda.pl\/en\/wp-json\/wp\/v2\/types\/product"}],"replies":[{"embeddable":true,"href":"https:\/\/wydawnictwo-sqda.pl\/en\/wp-json\/wp\/v2\/comments?post=573"}],"wp:featuredmedia":[{"embeddable":true,"href":"https:\/\/wydawnictwo-sqda.pl\/en\/wp-json\/wp\/v2\/media\/610"}],"wp:attachment":[{"href":"https:\/\/wydawnictwo-sqda.pl\/en\/wp-json\/wp\/v2\/media?parent=573"}],"wp:term":[{"taxonomy":"product_brand","embeddable":true,"href":"https:\/\/wydawnictwo-sqda.pl\/en\/wp-json\/wp\/v2\/product_brand?post=573"},{"taxonomy":"product_cat","embeddable":true,"href":"https:\/\/wydawnictwo-sqda.pl\/en\/wp-json\/wp\/v2\/product_cat?post=573"},{"taxonomy":"product_tag","embeddable":true,"href":"https:\/\/wydawnictwo-sqda.pl\/en\/wp-json\/wp\/v2\/product_tag?post=573"}],"curies":[{"name":"wp","href":"https:\/\/api.w.org\/{rel}","templated":true}]}}