{"id":572,"date":"2024-04-29T12:34:40","date_gmt":"2024-04-29T10:34:40","guid":{"rendered":"https:\/\/2024.wydawnictwo-sqda.pl\/?post_type=product&#038;p=572"},"modified":"2024-10-18T16:38:40","modified_gmt":"2024-10-18T14:38:40","slug":"vda-19-2-technische-sauberkeit-in-der-montage-de","status":"publish","type":"product","link":"https:\/\/wydawnictwo-sqda.pl\/en\/product\/vda-19-2-technische-sauberkeit-in-der-montage-de\/","title":{"rendered":"VDA 19.2 Technische Sauberkeit in der Montage (DE)"},"content":{"rendered":"<p>The book is available on the client\u2019s request. The waiting time for delivery is up to 30 business days. The order is associated with an additional transport fee from external warehouse in the amount of 130 PLN net.<\/p>\n<p>Specyfika dzia\u0142alno\u015bci przedsi\u0119biorstw, nastawienie na doskonalenie, redukcj\u0119 koszt\u00f3w i osi\u0105ganie zysk\u00f3w, wp\u0142ywa na potrzeb\u0119 dostosowania proces\u00f3w produkcyjnych i kontrolnych do najnowszych osi\u0105gni\u0119\u0107 w bran\u017cy motoryzacyjnej i jej pokrewnych. To zagadnienie jest zwi\u0105zane tak\u017ce z czysto\u015bci\u0105 techniczn\u0105 oraz stabilno\u015bci\u0105 \u015brodowiska pracy, kt\u00f3re sta\u0142y si\u0119 integraln\u0105 cz\u0119\u015bci\u0105 programu jako\u015bci w wielu organizacjach.<\/p>\n<p>Wydanie pierwsze publikacji \u201cVDA 19.2 \u2013 Czysto\u015b\u0107 techniczna w procesach monta\u017cowych\u201d, wprowadza wytyczne dotycz\u0105ce czysto\u015bci podczas realizacji proces\u00f3w monta\u017cowych, podaj\u0105c zarazem zestaw charakterystyk i zasad. W podr\u0119czniku opisane s\u0105 zagadnienia zwi\u0105zane m.in. z:<\/p>\n<ul>\n<li>projektowaniem czysto\u015bci technicznej;<\/li>\n<li>wytycznymi dot. \u015brodowiska;<\/li>\n<li>wytycznymi dot. logistyki;<\/li>\n<li>wytycznymi dot. personelu;<\/li>\n<li>wytycznymi dot. wyposa\u017cenia monta\u017cowego;<\/li>\n<li>okre\u015blaniem czynnik\u00f3w wp\u0142ywaj\u0105cych na czysto\u015b\u0107.<\/li>\n<\/ul>\n<p>Tom zawiera tak\u017ce zestawienie skr\u00f3t\u00f3w oraz symboli dotycz\u0105cych poruszanych zagadnie\u0144, opisuje analiz\u0119 potencja\u0142u oraz zawiera przyk\u0142ady planowania.<\/p>\n<p class=\"translation-block\">German language version.<\/p>","protected":false},"excerpt":{"rendered":"<p>The book is available on the client\u2019s request. The waiting time for delivery is up to 30 business days. The order is associated with an additional transport fee from external warehouse in the amount of 130 PLN net.<\/p>","protected":false},"featured_media":609,"comment_status":"closed","ping_status":"closed","template":"","meta":[],"product_brand":[],"product_cat":[19,89],"product_tag":[41,34,43],"class_list":{"0":"post-572","1":"product","2":"type-product","3":"status-publish","4":"has-post-thumbnail","6":"product_cat-publikacje-vda","7":"product_cat-niemieckojezyczne","8":"product_tag-czystosc","9":"product_tag-proces","10":"product_tag-vda19","11":"product_shipping_class-nazamowienie","13":"first","14":"onbackorder","15":"taxable","16":"shipping-taxable","17":"purchasable","18":"product-type-simple"},"meta_box":{"wyd_pdf_title":"","wyd_pdf":"","wyd_pdf_title_2":"","wyd_pdf_2":"","show_price_check":"","free_gifts":[],"trans_content_long":"<p>Volume 19 Part 2, Technical cleanliness in assembly - Environment, Logistics, Personnel and Assembly Equipment - 1st edition 2010<\/p>\n<p>As clients of the Fraunhofer IPA, members of the MontSa industrial alliance are given the jointly written version of a work paper concerned with cleanliness in assembly in the form of a consolidated final report.<\/p>\n<p>The final report forms the basis of a guideline which is planned to be released by the VDA Quality Management Center (VDA-QMC) as VDA Volume 19.2 with the title \u201cTechnical cleanliness in assembly \u2013 Environment, Logistics, Personnel and Assembly equipment\u201d.<\/p>\n<p>The right to publish the guideline has been transferred to the VDA-QMC by mutual consent of the cooperation partners. No rights exist to claim commission from revenues obtained by the VDA-QMC from distribution of the guideline.<\/p>\n<p>The final report of the MontSa industrial alliance is the property of the participating companies and may be consulted by the companies to clarify internal queries. It is forbidden to publish the final report for commercial purposes.<\/p>\n","trans_content_short":"<p>Volume 19 Part 2, Technical cleanliness in assembly - Environment, Logistics, Personnel and Assembly Equipment - 1st edition 2010<\/p>\n","id_wpisu":"","powiazane_szkolenia":""},"tiered_pricing_type":"fixed","tiered_pricing_fixed_rules":[],"tiered_pricing_product_settings":{"layout":"default","base_unit_name":{"singular":null,"plural":null},"default_variation":null},"tiered_pricing_minimum_quantity":null,"tiered_pricing_roles_data":[],"tiered_pricing_percentage_rules":[],"_links":{"self":[{"href":"https:\/\/wydawnictwo-sqda.pl\/en\/wp-json\/wp\/v2\/product\/572","targetHints":{"allow":["GET"]}}],"collection":[{"href":"https:\/\/wydawnictwo-sqda.pl\/en\/wp-json\/wp\/v2\/product"}],"about":[{"href":"https:\/\/wydawnictwo-sqda.pl\/en\/wp-json\/wp\/v2\/types\/product"}],"replies":[{"embeddable":true,"href":"https:\/\/wydawnictwo-sqda.pl\/en\/wp-json\/wp\/v2\/comments?post=572"}],"wp:featuredmedia":[{"embeddable":true,"href":"https:\/\/wydawnictwo-sqda.pl\/en\/wp-json\/wp\/v2\/media\/609"}],"wp:attachment":[{"href":"https:\/\/wydawnictwo-sqda.pl\/en\/wp-json\/wp\/v2\/media?parent=572"}],"wp:term":[{"taxonomy":"product_brand","embeddable":true,"href":"https:\/\/wydawnictwo-sqda.pl\/en\/wp-json\/wp\/v2\/product_brand?post=572"},{"taxonomy":"product_cat","embeddable":true,"href":"https:\/\/wydawnictwo-sqda.pl\/en\/wp-json\/wp\/v2\/product_cat?post=572"},{"taxonomy":"product_tag","embeddable":true,"href":"https:\/\/wydawnictwo-sqda.pl\/en\/wp-json\/wp\/v2\/product_tag?post=572"}],"curies":[{"name":"wp","href":"https:\/\/api.w.org\/{rel}","templated":true}]}}