{"id":571,"date":"2024-04-29T12:34:40","date_gmt":"2024-04-29T10:34:40","guid":{"rendered":"https:\/\/2024.wydawnictwo-sqda.pl\/?post_type=product&#038;p=571"},"modified":"2026-03-19T14:11:14","modified_gmt":"2026-03-19T13:11:14","slug":"vda-1-udokumentowana-informacja-i-jej-przechowywanie-pl","status":"publish","type":"product","link":"https:\/\/wydawnictwo-sqda.pl\/en\/product\/vda-1-udokumentowana-informacja-i-jej-przechowywanie-pl\/","title":{"rendered":"VDA 1 &#8211; Udokumentowana informacja i jej przechowywanie (PL)"},"content":{"rendered":"<p>Fragment Wprowadzenia do VDA 1:<\/p>\n<p>Od czasu ukazania si\u0119 3. wydania bardzo zmieni\u0142y si\u0119 warunki ramowe. Przedsi\u0119biorstwa\u00a0przemys\u0142u motoryzacyjnego zmagaj\u0105 si\u0119 z ci\u0105gle rosn\u0105cymi wyzwaniami.<\/p>\n<p>Wyroby przemys\u0142u motoryzacyjnego w ci\u0105gu kilku lat, przede wszystkim w zwi\u0105zku\u00a0z elektryfikacj\u0105 i cyfryzacj\u0105, szybko si\u0119 rozwija\u0142y i stawa\u0142y si\u0119 coraz bardziej kompleksowe.\u00a0Zakres dokumentacji, jak r\u00f3wnie\u017c stopie\u0144 jej szczeg\u00f3\u0142owo\u015bci, odpowiednio si\u0119 powi\u0119kszy\u0142y.\u00a0Jednocze\u015bnie obowi\u0105zuj\u0105 oczywi\u015bcie niezmiennie wysokie standardy jako\u015bci.<\/p>\n<p>Informacje i dokumentacja oraz ich przechowywanie, kt\u00f3re le\u017c\u0105 w kontek\u015bcie i obszarze\u00a0problem\u00f3w dotycz\u0105cych wy\u017cej wspomnianych wyzwa\u0144, powinny by\u0107 dlatego ca\u0142o\u015bciowo\u00a0rozpatrywane, wzgl\u0119dnie regulowane. Poniewa\u017c jest to jednak odpowiedzialno\u015b\u0107 w\u0142asna\u00a0ka\u017cdego przedsi\u0119biorstwa, wydanie 4. niniejszego tomu 1 \u201eUdokumentowana informacja\u00a0i jej przechowywanie\u201d koncentruje si\u0119 i ogranicza do opisania post\u0119powania z informacjami\u00a0i dokumentacj\u0105 w ramach cyklu \u017cycia wyrobu. Informacje dotycz\u0105ce zakres\u00f3w\u00a0charakterystyk krytycznych z 3. wydania tomu VDA 1 zosta\u0142y przeniesione do tomu\u00a0\u201ePowstawanie wyrobu: Opis proces\u00f3w charakterystyk specjalnych\u201d (\u201eProduktentstehung:\u00a0Prozessbeschreibung Besonderer Merkmale\u201d).\u00a0Informacje z 3. wydania tomu VDA 1 dotycz\u0105ce miejsc archiwizacji i medi\u00f3w archiwizacyjnych nie zosta\u0142y zmienione.<\/p>\n<p>Niniejsza publikacja powinna by\u0107 rozumiana jako podr\u0119cznik. Jego stosowanie jest dobrowolne. Je\u017celi jednak si\u0119 go stosuje, wzgl\u0119dnie je\u015bli si\u0119 na niego powo\u0142uje, nale\u017cy spe\u0142nia\u0107 opisane wymagania.<\/p>","protected":false},"excerpt":{"rendered":"<p>Przewodnik opisuj\u0105cy nadz\u00f3r i przechowywanie dokumentacji w ramach cyklu \u017cycia wyrobu \u2013 w szczeg\u00f3lno\u015bci jej przyk\u0142adow\u0105 klasyfikacj\u0119.<\/p>\n<p>Wydanie 4. ca\u0142kowicie zmienione, sierpie\u0144 2018<\/p>","protected":false},"featured_media":636,"comment_status":"closed","ping_status":"closed","template":"","meta":[],"product_brand":[],"product_cat":[19,37],"product_tag":[67,46,68],"class_list":{"0":"post-571","1":"product","2":"type-product","3":"status-publish","4":"has-post-thumbnail","6":"product_cat-publikacje-vda","7":"product_cat-polskojezyczne","8":"product_tag-polskie","9":"product_tag-vda","10":"product_tag-vda-1","12":"first","13":"instock","14":"taxable","15":"shipping-taxable","16":"purchasable","17":"product-type-simple"},"meta_box":{"wyd_pdf_title":"","wyd_pdf":"","wyd_pdf_title_2":"","wyd_pdf_2":"","show_price_check":"0","free_gifts":[],"trans_content_long":"<p>Extract from the preface:<\/p>\n<p>Since the publication of the third edition, the framework conditions have changed severely. The enterprises of the automotive industry are facing ever-increasing challenges.\u00a0Within a few years, the products of the automotive industry \u2013 primarily in the course of electrification and digitalization \u2013 underwent fast-paced advances in development, and concurrently have become ever more complex. The scope and depth of documentation have increased accordingly, and high quality standards certainly continue to apply.<\/p>\n<p>Information and documentation and their archiving, which lie within the context and conflict areas of the aforementioned challenges, should therefore be viewed and regulated integrally. But since this is the self-responsibility of the respective enterprise, the fourth edition of this Volume 1 \u201cDocumented Information and Retention\u201d is limited to describing the handling of information and documentation within the framework of the product life cycle.<\/p>\n<p>The critical features listed in VDA volume 1 of the 3rd edition are referenced in VDA \u201cProduct Development: Process description Special Characteristics\u201d.\u00a0The information about archiving locations and media systems from VDA volume 1 of the 3rd edition has not changed.\u00a0The writing is to be understood as guideline. As a guideline, its application is voluntary. But if it is applied or referenced, the described requirements must be met.<\/p>\n","trans_content_short":"<p><span lang=\"EN-US\">Guideline for control and retention of documentation within the framework of the product life cycle \u2013 particularly their classification.<\/span><\/p>\n<p>4th completely revised edition, August 2018<\/p>\n<p>Volume in Polish language<\/p>\n","id_wpisu":"","powiazane_szkolenia":"2383"},"tiered_pricing_type":"fixed","tiered_pricing_fixed_rules":[],"tiered_pricing_product_settings":{"layout":"default","base_unit_name":{"singular":null,"plural":null},"default_variation":null},"tiered_pricing_minimum_quantity":null,"tiered_pricing_roles_data":[],"tiered_pricing_percentage_rules":[],"_links":{"self":[{"href":"https:\/\/wydawnictwo-sqda.pl\/en\/wp-json\/wp\/v2\/product\/571","targetHints":{"allow":["GET"]}}],"collection":[{"href":"https:\/\/wydawnictwo-sqda.pl\/en\/wp-json\/wp\/v2\/product"}],"about":[{"href":"https:\/\/wydawnictwo-sqda.pl\/en\/wp-json\/wp\/v2\/types\/product"}],"replies":[{"embeddable":true,"href":"https:\/\/wydawnictwo-sqda.pl\/en\/wp-json\/wp\/v2\/comments?post=571"}],"wp:featuredmedia":[{"embeddable":true,"href":"https:\/\/wydawnictwo-sqda.pl\/en\/wp-json\/wp\/v2\/media\/636"}],"wp:attachment":[{"href":"https:\/\/wydawnictwo-sqda.pl\/en\/wp-json\/wp\/v2\/media?parent=571"}],"wp:term":[{"taxonomy":"product_brand","embeddable":true,"href":"https:\/\/wydawnictwo-sqda.pl\/en\/wp-json\/wp\/v2\/product_brand?post=571"},{"taxonomy":"product_cat","embeddable":true,"href":"https:\/\/wydawnictwo-sqda.pl\/en\/wp-json\/wp\/v2\/product_cat?post=571"},{"taxonomy":"product_tag","embeddable":true,"href":"https:\/\/wydawnictwo-sqda.pl\/en\/wp-json\/wp\/v2\/product_tag?post=571"}],"curies":[{"name":"wp","href":"https:\/\/api.w.org\/{rel}","templated":true}]}}