{"id":569,"date":"2024-04-29T12:34:40","date_gmt":"2024-04-29T10:34:40","guid":{"rendered":"https:\/\/2024.wydawnictwo-sqda.pl\/?post_type=product&#038;p=569"},"modified":"2026-03-23T14:44:41","modified_gmt":"2026-03-23T13:44:41","slug":"vda-zapewnienie-poziomu-dojrzalosci-nowych-czesci-pl","status":"publish","type":"product","link":"https:\/\/wydawnictwo-sqda.pl\/en\/product\/vda-zapewnienie-poziomu-dojrzalosci-nowych-czesci-pl\/","title":{"rendered":"VDA Zapewnienie poziomu dojrza\u0142o\u015bci nowych cz\u0119\u015bci (PL)"},"content":{"rendered":"<p>VDA Zapewnienie poziomu dojrza\u0142o\u015bci nowych cz\u0119\u015bci \u2013 metody, kryteria pomiaru, dokumentacja, wydanie 3. poprawione, czerwiec 2022.<\/p>\n<p>Tom VDA \u201eZapewnienie poziomu dojrza\u0142o\u015bci nowych cz\u0119\u015bci\u201d skupia si\u0119 na sp\u00f3jnym przedstawieniu poziomu dojrza\u0142o\u015bci w ramach procesu projektowego dla nowych cz\u0119\u015bci w po\u0142\u0105czeniu z ocen\u0105 dojrza\u0142o\u015bci produktu i procesu produkcyjnego w uzgodnionych punktach w czasie procesu rozwoju produktu. Metoda dojrza\u0142o\u015bci mo\u017ce by\u0107 stosowana zar\u00f3wno w relacjach wewn\u0119trznych klient-dostawca (w ramach organizacji, np. korporacji), jak i w relacjach zewn\u0119trznych klient-dostawca (mi\u0119dzy organizacj\u0105 a klientem lub organizacj\u0105 a dostawc\u0105). Istotnym elementem jest zatem uregulowanie wsp\u00f3\u0142pracy na wszystkich etapach \u0142a\u0144cucha dostaw z integracj\u0105 wszystkich zaanga\u017cowanych w projekt. W tym celu w ramach oceny kamieni milowych w projektach definiuje si\u0119 istotne relacje klient-dostawca (nowe projekty, aktualizacje modeli lub zmiany projekt\u00f3w u klienta), w projekcie opisany jest konkretny model wsp\u00f3\u0142pracy, a tym samym zapewniona jest integracja wszystkich uczestnik\u00f3w.<\/p>\n<p>Najbardziej istotne zmiany i dostosowania, kt\u00f3re zosta\u0142y wprowadzone to:<\/p>\n<ul>\n<li>Weryfikacja zestawu kryteri\u00f3w pomiaru w oparciu o informacje zwrotne od u\u017cytkownik\u00f3w zgodnie z procesem ci\u0105g\u0142ego doskonalenia i nowymi wymaganiami<\/li>\n<li>Wprowadzenie kolejnych kryteri\u00f3w pomiaru dla zapewnienia poziomu dojrza\u0142o\u015bci produktu<\/li>\n<li>Integracja kolejnych kryteri\u00f3w pomiarowych i uwag dotycz\u0105cych zapewnienia poziomu dojrza\u0142o\u015bci oprogramowania, w tym wymaga\u0144 w zakresie cyberbezpiecze\u0144stwa motoryzacyjnego<\/li>\n<li>Uzupe\u0142nienie notatek o kryteriach pomiaru uwzgl\u0119dniaj\u0105ce zasady zwinnej wsp\u00f3\u0142pracy pomi\u0119dzy klientem a dostawc\u0105<\/li>\n<li>Zmiana klasyfikacji ryzyka A, B i C, w\u0142\u0105czenie okre\u015blonych tre\u015bci dotycz\u0105cych u\u017cytkowania oprogramowania w poje\u017adzie<\/li>\n<li>Definicja pr\u00f3bek A, B, C, D i przypisanie do poziom\u00f3w dojrza\u0142o\u015bci<\/li>\n<\/ul>\n<p>Wersja w j\u0119zyku <strong>polskim.<\/strong><\/p>","protected":false},"excerpt":{"rendered":"<p>VDA Zapewnienie poziomu dojrza\u0142o\u015bci nowych cz\u0119\u015bci \u2013 metody, kryteria pomiaru, dokumentacja.<\/p>\n<p>Wydanie 3. poprawione, 2022.<\/p>\n<p>Wersja w j\u0119zyku\u00a0<strong>polskim.\u00a0<\/strong><\/p>","protected":false},"featured_media":616,"comment_status":"closed","ping_status":"closed","template":"","meta":[],"product_brand":[],"product_cat":[19,37],"product_tag":[49,48,50,61,51,46],"class_list":{"0":"post-569","1":"product","2":"type-product","3":"status-publish","4":"has-post-thumbnail","6":"product_cat-publikacje-vda","7":"product_cat-polskojezyczne","8":"product_tag-core-tools","9":"product_tag-mla","10":"product_tag-rga","11":"product_tag-top","12":"product_tag-uruchomienie","13":"product_tag-vda","15":"first","16":"instock","17":"featured","18":"taxable","19":"shipping-taxable","20":"purchasable","21":"product-type-simple"},"meta_box":{"wyd_pdf_title":"","wyd_pdf":"","wyd_pdf_title_2":"","wyd_pdf_2":"","show_price_check":"","free_gifts":[],"trans_content_long":"<p>Maturity level assurance for new parts. Methods, measurement criteria, documentation. 3rd, revised edition, June 2022<\/p>\n<p>This VDA publication focuses on a comprehensive and consistent presentation of maturity levels within the framework of progress in a project covering new parts, combined with an assessment of the maturity of the product and manufacturing process at agreed times within the product creation process. The maturity level assurance method can be applied both in internal customer-supplier relationships (within an organization, e.g. groups of companies) and in external customer-supplier relationships (between an organization and its customer or between the organization and its supplier). A significant element is therefore the rules covering cooperation at all stages in the supply chain, with the integration of all those involved in the project. To this end, important customer-supplier relationships are defined within the framework of milestone assessments in projects (new projects, face-lifts or other modification projects initiated by the customer), a concrete cooperation model in the project is described and thus the early, cross-functional integration of all those involved is assured.<\/p>\n<p>The most significant changes and adaptations which have been made are:<\/p>\n<ul>\n<li>Revision of the set of measurement criteria based on user feedback in accordance with a continual improvement process, and new requirements<\/li>\n<li>Introduction of further measurement criteria for product maturity level assurance<\/li>\n<li>Integration of further measurement criteria and notes regarding software maturity level assurance, including requirements with regard to automotive cybersecurity<\/li>\n<li>Additions to the notes on the measurement criteria to include the principles of agile collaboration between the customer and the supplier<\/li>\n<li>Revision of A, B, and C risk classification, inclusion of specific contents pertaining to the use of software in the vehicle<\/li>\n<li>Definition of A-, B-, C-, D-samples and assignment to the maturity levels.<\/li>\n<\/ul>\n<p><strong>REMARK: Polish<\/strong>\u00a0version.<\/p>\n","trans_content_short":"<p>Maturity level assurance for new parts. Methods, measurement criteria, documentation. 3rd, revised edition, June 2022<\/p>\n<p>Polish language version<\/p>\n","id_wpisu":"","powiazane_szkolenia":""},"tiered_pricing_type":"fixed","tiered_pricing_fixed_rules":[],"tiered_pricing_product_settings":{"layout":"default","base_unit_name":{"singular":null,"plural":null},"default_variation":null},"tiered_pricing_minimum_quantity":null,"tiered_pricing_roles_data":[],"tiered_pricing_percentage_rules":[],"_links":{"self":[{"href":"https:\/\/wydawnictwo-sqda.pl\/en\/wp-json\/wp\/v2\/product\/569","targetHints":{"allow":["GET"]}}],"collection":[{"href":"https:\/\/wydawnictwo-sqda.pl\/en\/wp-json\/wp\/v2\/product"}],"about":[{"href":"https:\/\/wydawnictwo-sqda.pl\/en\/wp-json\/wp\/v2\/types\/product"}],"replies":[{"embeddable":true,"href":"https:\/\/wydawnictwo-sqda.pl\/en\/wp-json\/wp\/v2\/comments?post=569"}],"wp:featuredmedia":[{"embeddable":true,"href":"https:\/\/wydawnictwo-sqda.pl\/en\/wp-json\/wp\/v2\/media\/616"}],"wp:attachment":[{"href":"https:\/\/wydawnictwo-sqda.pl\/en\/wp-json\/wp\/v2\/media?parent=569"}],"wp:term":[{"taxonomy":"product_brand","embeddable":true,"href":"https:\/\/wydawnictwo-sqda.pl\/en\/wp-json\/wp\/v2\/product_brand?post=569"},{"taxonomy":"product_cat","embeddable":true,"href":"https:\/\/wydawnictwo-sqda.pl\/en\/wp-json\/wp\/v2\/product_cat?post=569"},{"taxonomy":"product_tag","embeddable":true,"href":"https:\/\/wydawnictwo-sqda.pl\/en\/wp-json\/wp\/v2\/product_tag?post=569"}],"curies":[{"name":"wp","href":"https:\/\/api.w.org\/{rel}","templated":true}]}}