{"id":561,"date":"2024-04-29T12:34:40","date_gmt":"2024-04-29T10:34:40","guid":{"rendered":"https:\/\/2024.wydawnictwo-sqda.pl\/?post_type=product&#038;p=561"},"modified":"2026-03-17T08:57:05","modified_gmt":"2026-03-17T07:57:05","slug":"vda-19-1-inspection-of-technical-cleanliness-en","status":"publish","type":"product","link":"https:\/\/wydawnictwo-sqda.pl\/en\/product\/vda-19-1-inspection-of-technical-cleanliness-en\/","title":{"rendered":"VDA 19.1 Inspection of Technical Cleanliness (EN)"},"content":{"rendered":"<p>Volume 19 Part 1, Inspection of Technical Cleanliness &gt;Particulate Contamination of Functionally Relevant Automotive Components \/ 2nd Revised Edition, March 2015 (former title: VDA volume 19)<\/p>\n<p>The consortium responsible for drawing up the draft of this guideline has also participated as a national working group in compiling the first public edition of the ISO 16232 series. Among other things, the final report differs in the fact that the contents are more detailed and that examples have been included, usually listed either as \u201cComment\u201d or \u201cExample\u201d or with the addition of \u201cInformative\u201d. With a view to the ISO 16232 series, the following subjects have been dealt with either additionally or in more detail.<\/p>\n<p>In understanding the essence of cleanliness and contamination control comes the VDA 19.1 manual, which describes the method of technical cleanliness control in production processes. Volume 19.1. refines the ISO 16232 series by including examples and informative appendices. With respect to the ISO 16232 series, this manual covers the following topics in more detail:<\/p>\n<ul>\n<li>Scope of application and validity<\/li>\n<li>Agreement on cleanliness inspection (informative)<\/li>\n<li>Simplified cleanliness inspection \u2013 monitoring variations (informative)<\/li>\n<li>Selection of inspection method (informative)<\/li>\n<li>Appropriate clean handling of test components<\/li>\n<li>Extraction procedure set up and validation and blank test<\/li>\n<li>Case examples.<\/li>\n<\/ul>\n<p class=\"translation-block\">English language version.<\/p>\n<p>&nbsp;<\/p>","protected":false},"excerpt":{"rendered":"<h3 style=\"text-align: center\">Uwaga!<\/h3>\n<h3 style=\"text-align: center\">Nowa wersja podr\u0119cznika VDA 19.1 (02\/2026) jest obecnie niedost\u0119pna w sprzeda\u017cy.<\/h3>\n<h4 style=\"text-align: center\">Po wcze\u015bniejszym kontakcie z wydawnictwem SQDA istnieje mo\u017cliwo\u015b\u0107 zakupu wydania VDA 19.1 (03\/2015).<\/h4>\n<p>Volume 19 Part 1, Inspection of Technical Cleanliness &gt;Particulate Contamination of Functionally Relevant Automotive Components \/ 2nd Revised Edition, March 2015 (former title: VDA volume 19)<\/p>\n<p>English language version<\/p>\n<p class=\"translation-block\">The book is available on the client\u2019s request. The waiting time for delivery is up to <strong>30 business days<\/strong>. The order is associated with an additional transport fee from external warehouse in the amount of <strong>130 PLN net.<\/strong><\/p>","protected":false},"featured_media":595,"comment_status":"closed","ping_status":"closed","template":"","meta":[],"product_brand":[],"product_cat":[19,88],"product_tag":[41,42,34,43],"class_list":{"0":"post-561","1":"product","2":"type-product","3":"status-publish","4":"has-post-thumbnail","6":"product_cat-publikacje-vda","7":"product_cat-angielskojezyczne","8":"product_tag-czystosc","9":"product_tag-ppa","10":"product_tag-proces","11":"product_tag-vda19","12":"product_shipping_class-nazamowienie","14":"first","15":"outofstock","16":"taxable","17":"shipping-taxable","18":"purchasable","19":"product-type-simple"},"meta_box":{"wyd_pdf_title":"","wyd_pdf":"","wyd_pdf_title_2":"","wyd_pdf_2":"","show_price_check":"0","free_gifts":[],"trans_content_long":"<p>Volume 19 Part 1, Inspection of Technical Cleanliness &gt;Particulate Contamination of Functionally Relevant Automotive Components \/ 2nd Revised Edition, March 2015 (former title: VDA volume 19)<\/p>\n<p>The consortium responsible for drawing up the draft of this guideline has also participated as a national working group in compiling the first public edition of the ISO 16232 series. Among other things, the final report differs in the fact that the contents are more detailed and that examples have been included, usually listed either as \u201cComment\u201d or \u201cExample\u201d or with the addition of \u201cInformative\u201d. With a view to the ISO 16232 series, the following subjects have been dealt with either additionally or in more detail.<\/p>\n<ul>\n<li>Scope of application and validity<\/li>\n<li>Agreement on cleanliness inspection (informative)<\/li>\n<li>Simplified cleanliness inspection \u2013 monitoring variations (informative)<\/li>\n<li>Selection of inspection method (informative)<\/li>\n<li>Appropriate clean handling of test components<\/li>\n<li>Extraction procedure set up and validation and blank test<\/li>\n<li>Case examples.<\/li>\n<\/ul>\n","trans_content_short":"<p>Volume 19 Part 1, Inspection of Technical Cleanliness &gt;Particulate Contamination of Functionally Relevant Automotive Components \/ 2nd Revised Edition, March 2015 (former title: VDA volume 19)<\/p>\n<p><strong>English language version<\/strong>.<\/p>\n<p>The book is available on the client\u2019s request. The waiting time for delivery is up to <strong>30 business days<\/strong>. The order is associated with an additional transport fee from external warehouse in the amount of <strong>130 PLN net.<\/strong><\/p>\n","id_wpisu":"","powiazane_szkolenia":""},"tiered_pricing_type":"fixed","tiered_pricing_fixed_rules":[],"tiered_pricing_product_settings":{"layout":"default","base_unit_name":{"singular":null,"plural":null},"default_variation":null},"tiered_pricing_minimum_quantity":null,"tiered_pricing_roles_data":[],"tiered_pricing_percentage_rules":[],"_links":{"self":[{"href":"https:\/\/wydawnictwo-sqda.pl\/en\/wp-json\/wp\/v2\/product\/561","targetHints":{"allow":["GET"]}}],"collection":[{"href":"https:\/\/wydawnictwo-sqda.pl\/en\/wp-json\/wp\/v2\/product"}],"about":[{"href":"https:\/\/wydawnictwo-sqda.pl\/en\/wp-json\/wp\/v2\/types\/product"}],"replies":[{"embeddable":true,"href":"https:\/\/wydawnictwo-sqda.pl\/en\/wp-json\/wp\/v2\/comments?post=561"}],"wp:featuredmedia":[{"embeddable":true,"href":"https:\/\/wydawnictwo-sqda.pl\/en\/wp-json\/wp\/v2\/media\/595"}],"wp:attachment":[{"href":"https:\/\/wydawnictwo-sqda.pl\/en\/wp-json\/wp\/v2\/media?parent=561"}],"wp:term":[{"taxonomy":"product_brand","embeddable":true,"href":"https:\/\/wydawnictwo-sqda.pl\/en\/wp-json\/wp\/v2\/product_brand?post=561"},{"taxonomy":"product_cat","embeddable":true,"href":"https:\/\/wydawnictwo-sqda.pl\/en\/wp-json\/wp\/v2\/product_cat?post=561"},{"taxonomy":"product_tag","embeddable":true,"href":"https:\/\/wydawnictwo-sqda.pl\/en\/wp-json\/wp\/v2\/product_tag?post=561"}],"curies":[{"name":"wp","href":"https:\/\/api.w.org\/{rel}","templated":true}]}}