{"id":560,"date":"2024-04-29T12:34:40","date_gmt":"2024-04-29T10:34:40","guid":{"rendered":"https:\/\/2024.wydawnictwo-sqda.pl\/?post_type=product&#038;p=560"},"modified":"2026-01-09T13:25:33","modified_gmt":"2026-01-09T12:25:33","slug":"iatf-169492016-zatwierdzone-interpretacje-sipl-e-book","status":"publish","type":"product","link":"https:\/\/wydawnictwo-sqda.pl\/en\/product\/iatf-169492016-zatwierdzone-interpretacje-sipl-e-book\/","title":{"rendered":"IATF 16949:2016 &#8211; Zatwierdzone interpretacje (SI)(PL) \u2013 e-book"},"content":{"rendered":"<p data-olk-copy-source=\"MessageBody\">Zatwierdzone interpretacje do standardu IATF 16949:2016 zawieraj\u0105 zestaw wymaga\u0144, kt\u00f3re zmieniaj\u0105 interpretacje zasady lub wymagania, staj\u0105c si\u0119 nast\u0119pnie podstaw\u0105 ustalenia niezgodno\u015bci. Tym samym sta\u0142y si\u0119 nieroz\u0142\u0105cznym elementem standardu obowi\u0105zuj\u0105cego w bran\u017cy motoryzacyjnej. Zatwierdzone Interpretacje zosta\u0142y ustalone i zatwierdzone przez IATF. O ile nie wskazano inaczej, Zatwierdzone Interpretacje maj\u0105 zastosowanie z chwil\u0105 ich opublikowania.<\/p>\n<p>Zatwierdzone Interpretacje (SI) 1-9 zosta\u0142y wydane po raz pierwszy w pa\u017adzierniku 2017, a nast\u0119pnie by\u0142y kilkukrotnie aktualizowane i rozszerzane o kolejne punkty. Ostatnia rewizja Zatwierdzonych Interpretacji mia\u0142a miejsce 2 listopada 2023 r., podczas kt\u00f3rej zosta\u0142y poprawione i ponownie wydane SI 7 i SI 21, obowi\u0105zuj\u0105ce od 1 grudnia 2023. Natomiast ostatnia aktualizacja zatwierdzonych interpretacji zosta\u0142a przeprowadzona w listopadzie 2024 r.<\/p>","protected":false},"excerpt":{"rendered":"<p>Zatwierdzone interpretacje do Standardu IATF 16949:2016<\/p>\n<p><span data-olk-copy-source=\"MessageBody\">SI (1-26) listopad 2024<\/span><\/p>\n<div class=\"page\" title=\"Page 1\">\n<div class=\"layoutArea\">\n<div class=\"column\">\n<p>Zatwierdzone interpretacje do standardu IATF 16949:2016 wydane w lipcu 2021 roku.<\/p>\n<p>Oryginalna wersja w j\u0119zyku angielskim znajduje si\u0119 na oficjalnej stronie IATF: <a href=\"http:\/\/www.iatfglobaloversight.org\/iatf-169492016\/iatf-169492016-sis\/\">http:\/\/www.iatfglobaloversight.org\/iatf-169492016\/iatf-169492016-sis\/<\/a>.<\/p>\n<\/div>\n<\/div>\n<\/div>","protected":false},"featured_media":611,"comment_status":"closed","ping_status":"closed","template":"","meta":[],"product_brand":[],"product_cat":[20,37,55,91],"product_tag":[],"class_list":{"0":"post-560","1":"product","2":"type-product","3":"status-publish","4":"has-post-thumbnail","6":"product_cat-publikacje-iatf","7":"product_cat-polskojezyczne","8":"product_cat-e-book","9":"product_cat-bezplatne","11":"first","12":"instock","13":"downloadable","14":"virtual","15":"taxable","16":"purchasable","17":"product-type-simple"},"meta_box":{"wyd_pdf_title":"","wyd_pdf":"","wyd_pdf_title_2":"","wyd_pdf_2":"","show_price_check":"0","free_gifts":[],"trans_content_long":"<p data-olk-copy-source=\"MessageBody\">Zatwierdzone interpretacje do standardu IATF 16949:2016 zawieraj\u0105 zestaw wymaga\u0144, kt\u00f3re zmieniaj\u0105 interpretacje zasady lub wymagania, staj\u0105c si\u0119 nast\u0119pnie podstaw\u0105 ustalenia niezgodno\u015bci. Tym samym sta\u0142y si\u0119 nieroz\u0142\u0105cznym elementem standardu obowi\u0105zuj\u0105cego w bran\u017cy motoryzacyjnej. Zatwierdzone Interpretacje zosta\u0142y ustalone i zatwierdzone przez IATF. O ile nie wskazano inaczej, Zatwierdzone Interpretacje maj\u0105 zastosowanie z chwil\u0105 ich opublikowania.<\/p>\n<p>Zatwierdzone Interpretacje (SI) 1-9 zosta\u0142y wydane po raz pierwszy w pa\u017adzierniku 2017, a nast\u0119pnie by\u0142y kilkukrotnie aktualizowane i rozszerzane o kolejne punkty. Ostatnia rewizja Zatwierdzonych Interpretacji mia\u0142a miejsce 2 listopada 2023 r., podczas kt\u00f3rej zosta\u0142y poprawione i ponownie wydane SI 7 i SI 21, obowi\u0105zuj\u0105ce od 1 grudnia 2023. Natomiast ostatnia aktualizacja zatwierdzonych interpretacji zosta\u0142a przeprowadzona w listopadzie 2024 r.<\/p>\n","trans_content_short":"<p>Zatwierdzone interpretacje do Standardu IATF 16949:2016<\/p>\n<p><span data-olk-copy-source=\"MessageBody\">SI (1-26) listopad 2024<\/span><\/p>\n<div class=\"page\" title=\"Page 1\">\n<div class=\"layoutArea\">\n<div class=\"column\">\n<p>Zatwierdzone interpretacje do standardu IATF 16949:2016 wydane w lipcu 2021 roku.<\/p>\n<p>Oryginalna wersja w j\u0119zyku angielskim znajduje si\u0119 na oficjalnej stronie IATF: <a href=\"http:\/\/www.iatfglobaloversight.org\/iatf-169492016\/iatf-169492016-sis\/\">http:\/\/www.iatfglobaloversight.org\/iatf-169492016\/iatf-169492016-sis\/<\/a>.<\/p>\n<\/div>\n<\/div>\n<\/div>\n","id_wpisu":"","powiazane_szkolenia":""},"tiered_pricing_type":"fixed","tiered_pricing_fixed_rules":[],"tiered_pricing_product_settings":{"layout":"default","base_unit_name":{"singular":null,"plural":null},"default_variation":null},"tiered_pricing_minimum_quantity":null,"tiered_pricing_roles_data":[],"tiered_pricing_percentage_rules":[],"_links":{"self":[{"href":"https:\/\/wydawnictwo-sqda.pl\/en\/wp-json\/wp\/v2\/product\/560","targetHints":{"allow":["GET"]}}],"collection":[{"href":"https:\/\/wydawnictwo-sqda.pl\/en\/wp-json\/wp\/v2\/product"}],"about":[{"href":"https:\/\/wydawnictwo-sqda.pl\/en\/wp-json\/wp\/v2\/types\/product"}],"replies":[{"embeddable":true,"href":"https:\/\/wydawnictwo-sqda.pl\/en\/wp-json\/wp\/v2\/comments?post=560"}],"wp:featuredmedia":[{"embeddable":true,"href":"https:\/\/wydawnictwo-sqda.pl\/en\/wp-json\/wp\/v2\/media\/611"}],"wp:attachment":[{"href":"https:\/\/wydawnictwo-sqda.pl\/en\/wp-json\/wp\/v2\/media?parent=560"}],"wp:term":[{"taxonomy":"product_brand","embeddable":true,"href":"https:\/\/wydawnictwo-sqda.pl\/en\/wp-json\/wp\/v2\/product_brand?post=560"},{"taxonomy":"product_cat","embeddable":true,"href":"https:\/\/wydawnictwo-sqda.pl\/en\/wp-json\/wp\/v2\/product_cat?post=560"},{"taxonomy":"product_tag","embeddable":true,"href":"https:\/\/wydawnictwo-sqda.pl\/en\/wp-json\/wp\/v2\/product_tag?post=560"}],"curies":[{"name":"wp","href":"https:\/\/api.w.org\/{rel}","templated":true}]}}