{"id":559,"date":"2024-04-29T12:34:40","date_gmt":"2024-04-29T10:34:40","guid":{"rendered":"https:\/\/2024.wydawnictwo-sqda.pl\/?post_type=product&#038;p=559"},"modified":"2026-04-20T12:01:32","modified_gmt":"2026-04-20T10:01:32","slug":"interpretacja-wymagan-iso-90012015-i-iatf-169492016-pl","status":"publish","type":"product","link":"https:\/\/wydawnictwo-sqda.pl\/en\/product\/interpretacja-wymagan-iso-90012015-i-iatf-169492016-pl\/","title":{"rendered":"Interpretacja wymaga\u0144 ISO 9001:2015 i IATF 16949:2016 (PL)"},"content":{"rendered":"<p>The interpretation of the requirements of ISO 9001:2015 and IATF 16949:2016 constitutes a clear and transparent compendium of knowledge. In one brochure you will find both the interpretation of the requirements of the norm\/standard, examples of good practices and basic definitions with a reference to the source. Additionally, the points of IATF 16949:2016 have been marked, for which Approved Interpretations (so-called \"SI\") have been issued, changing the wording of the requirements and Frequently Asked Questions (so-called \"FAQ\"). The manual is a great source of information both for people who are encountering the requirements of the automotive industry for the first time, and for those who want to consolidate their existing knowledge.<\/p>","protected":false},"excerpt":{"rendered":"<p>Interpretation of the requirements of ISO 9001:2015 and IATF 16949:2016<\/p>\n<p>AUTOMOTIVE: Basics Methods Systems<\/p>\n<p>Second edition 01\/01\/2019<\/p>","protected":false},"featured_media":631,"comment_status":"closed","ping_status":"closed","template":"","meta":[],"product_brand":[],"product_cat":[20,65,37],"product_tag":[33,39,66],"class_list":{"0":"post-559","1":"product","2":"type-product","3":"status-publish","4":"has-post-thumbnail","6":"product_cat-publikacje-iatf","7":"product_cat-publikacje-sqd-alliance","8":"product_cat-polskojezyczne","9":"product_tag-audit","10":"product_tag-system","11":"product_tag-team-prevent","13":"first","14":"instock","15":"taxable","16":"shipping-taxable","17":"purchasable","18":"product-type-simple"},"meta_box":{"wyd_pdf_title":"","wyd_pdf":"","wyd_pdf_title_2":"","wyd_pdf_2":"","show_price_check":"0","free_gifts":[],"trans_content_long":"<p>Interpretacja wymaga\u0144 ISO 9001:2015 i IATF 16949:2016 stanowi jasne i przejrzyste kompendium wiedzy. W jednej broszurze znajd\u0105 Pa\u0144stwo zar\u00f3wno interpretacj\u0119 wymaga\u0144 normy\/standardu, przyk\u0142ady dobrych praktyk jak i podstawowe definicje wraz z odwo\u0142aniem do \u017ar\u00f3d\u0142a. Dodatkowo oznaczono punkty IATF 16949:2016, do kt\u00f3rych wydano Zatwierdzone Interpretacje (tzw. \u201eSI\u201d), zmieniaj\u0105ce brzmienie wymagania oraz Cz\u0119sto Zadawane Pytania (tzw. \u201eFAQ\u201d). Podr\u0119cznik stanowi \u015bwietne \u017ar\u00f3d\u0142o informacji zar\u00f3wno dla os\u00f3b, kt\u00f3re po raz pierwszy stykaj\u0105 si\u0119 z wymaganiami bran\u017cy motoryzacyjnej,\u00a0 jak i\u00a0dla tych, kt\u00f3rzy chc\u0105 ugruntowa\u0107 swoj\u0105 dotychczasow\u0105 wiedz\u0119.<\/p>\n","trans_content_short":"<p>Interpretacja wymaga\u0144 ISO 9001:2015 i IATF 16949:2016<\/p>\n<p>AUTOMOTIVE: Podstawy Metody Systemy<\/p>\n<p>Wydanie drugie 01-01-2019<\/p>\n","id_wpisu":"62325","powiazane_szkolenia":"2112,10429,2212,2517,2529"},"tiered_pricing_type":"fixed","tiered_pricing_fixed_rules":[],"tiered_pricing_product_settings":{"layout":"default","base_unit_name":{"singular":null,"plural":null},"default_variation":null},"tiered_pricing_minimum_quantity":null,"tiered_pricing_roles_data":[],"tiered_pricing_percentage_rules":[],"_links":{"self":[{"href":"https:\/\/wydawnictwo-sqda.pl\/en\/wp-json\/wp\/v2\/product\/559","targetHints":{"allow":["GET"]}}],"collection":[{"href":"https:\/\/wydawnictwo-sqda.pl\/en\/wp-json\/wp\/v2\/product"}],"about":[{"href":"https:\/\/wydawnictwo-sqda.pl\/en\/wp-json\/wp\/v2\/types\/product"}],"replies":[{"embeddable":true,"href":"https:\/\/wydawnictwo-sqda.pl\/en\/wp-json\/wp\/v2\/comments?post=559"}],"wp:featuredmedia":[{"embeddable":true,"href":"https:\/\/wydawnictwo-sqda.pl\/en\/wp-json\/wp\/v2\/media\/631"}],"wp:attachment":[{"href":"https:\/\/wydawnictwo-sqda.pl\/en\/wp-json\/wp\/v2\/media?parent=559"}],"wp:term":[{"taxonomy":"product_brand","embeddable":true,"href":"https:\/\/wydawnictwo-sqda.pl\/en\/wp-json\/wp\/v2\/product_brand?post=559"},{"taxonomy":"product_cat","embeddable":true,"href":"https:\/\/wydawnictwo-sqda.pl\/en\/wp-json\/wp\/v2\/product_cat?post=559"},{"taxonomy":"product_tag","embeddable":true,"href":"https:\/\/wydawnictwo-sqda.pl\/en\/wp-json\/wp\/v2\/product_tag?post=559"}],"curies":[{"name":"wp","href":"https:\/\/api.w.org\/{rel}","templated":true}]}}