{"id":557,"date":"2024-04-29T12:34:40","date_gmt":"2024-04-29T10:34:40","guid":{"rendered":"https:\/\/2024.wydawnictwo-sqda.pl\/?post_type=product&#038;p=557"},"modified":"2026-04-17T12:10:02","modified_gmt":"2026-04-17T10:10:02","slug":"standard-iatf-169492016-pl","status":"publish","type":"product","link":"https:\/\/wydawnictwo-sqda.pl\/en\/product\/standard-iatf-169492016-pl\/","title":{"rendered":"Standard IATF 16949:2016 (PL)"},"content":{"rendered":"<p>Standard systemu zarz\u0105dzania jako\u015bci\u0105 w przemy\u015ble motoryzacyjnym, kt\u00f3ry wraz ze specyficznymi wymaganiami klienta, wymaganiami norm ISO 9001:2015 oraz ISO 9000:2015, definiuje podstawowe wymagania dotycz\u0105ce systemu zarz\u0105dzania jako\u015bci\u0105 w produkcji seryjnej oraz w produkcji cz\u0119\u015bci serwisowych dla przemys\u0142u motoryzacyjnego. Niniejszy standard nie stanowi odr\u0119bnego dokumentu, lecz powinien by\u0107 traktowany jako uzupe\u0142nienie i u\u017cywany wraz z norm\u0105 ISO 9001:2015.<\/p>\n<p>IATF 16949:2016 (wydanie drugie poprawione t\u0142umaczenia na j\u0119zyk polski) to innowacyjny dokument ze wzgl\u0119du na\u00a0siln\u0105 orientacj\u0119 na klienta oraz uj\u0119cie wielu wcze\u015bniejszych specyficznych wymaga\u0144\u00a0klienta w skonsolidowanej formie.<\/p>\n<p>Wydanie drugie poprawione t\u0142umaczenia na j\u0119zyk polski.<\/p>","protected":false},"excerpt":{"rendered":"<p>IATF 16949:2016 (wydanie drugie poprawione t\u0142umaczenia na j\u0119zyk polski) to innowacyjny dokument ze wzgl\u0119du na siln\u0105 orientacj\u0119 na klienta oraz uj\u0119cie wielu wcze\u015bniejszych specyficznych wymaga\u0144 klienta w skonsolidowanej formie.<\/p>","protected":false},"featured_media":594,"comment_status":"closed","ping_status":"closed","template":"","meta":[],"product_brand":[],"product_cat":[20,37],"product_tag":[33,38,39],"class_list":{"0":"post-557","1":"product","2":"type-product","3":"status-publish","4":"has-post-thumbnail","6":"product_cat-publikacje-iatf","7":"product_cat-polskojezyczne","8":"product_tag-audit","9":"product_tag-standard","10":"product_tag-system","12":"first","13":"instock","14":"taxable","15":"shipping-taxable","16":"purchasable","17":"product-type-simple"},"meta_box":{"wyd_pdf_title":"Wykaz najwa\u017cniejszych zmian","wyd_pdf":"https:\/\/2024.wydawnictwo-sqda.pl\/wp-content\/uploads\/2024\/04\/IATF_wyd.2_poprawione_ZMIANY.pdf","wyd_pdf_title_2":"","wyd_pdf_2":"","show_price_check":"0","free_gifts":[],"trans_content_long":"<p>The goal of this Automotive QMS standard is the development of a quality management system that provides for continual improvement, emphasising defect prevention and the reduction of variation and waste in the supply chain.<\/p>\n<p>This Automotive QMS Standard cannot be considered a stand-alone QMS Standard but has to be comprehended as a supplement to and used in conjunction with ISO 9001:2015.<\/p>\n<p>The current ISO\/TS 16949 Technical Specification is auditable until 30 September 2017. Organizations currently certified to the previous version and still current ISO9001:2008 have a maximum (3) years to transition to the new version ISO9001:2015 i.e. 15th September 2018.<\/p>\n<p>Second, corrected edition of Polish translation.<\/p>\n","trans_content_short":"<p>The goal of this Automotive QMS standard is the development of a quality management system that provides for continual improvement, emphasising defect prevention and the reduction of variation and waste in the supply chain.<\/p>\n<p>This Automotive QMS Standard cannot be considered a stand-alone QMS Standard but has to be comprehended as a supplement to and used in conjunction with ISO 9001:2015.<\/p>\n<p>The current ISO\/TS 16949 Technical Specification is auditable until 30 September 2017. Organizations currently certified to the previous version and still current ISO9001:2008 have a maximum (3) years to transition to the new version ISO9001:2015 i.e. 15th September 2018.<\/p>\n","id_wpisu":"44841","powiazane_szkolenia":"2222,65286,2244,2249,2261,2367,2529,2566,2571,2576,2212"},"tiered_pricing_type":"fixed","tiered_pricing_fixed_rules":[],"tiered_pricing_product_settings":{"layout":"default","base_unit_name":{"singular":null,"plural":null},"default_variation":null},"tiered_pricing_minimum_quantity":null,"tiered_pricing_roles_data":[],"tiered_pricing_percentage_rules":[],"_links":{"self":[{"href":"https:\/\/wydawnictwo-sqda.pl\/en\/wp-json\/wp\/v2\/product\/557","targetHints":{"allow":["GET"]}}],"collection":[{"href":"https:\/\/wydawnictwo-sqda.pl\/en\/wp-json\/wp\/v2\/product"}],"about":[{"href":"https:\/\/wydawnictwo-sqda.pl\/en\/wp-json\/wp\/v2\/types\/product"}],"replies":[{"embeddable":true,"href":"https:\/\/wydawnictwo-sqda.pl\/en\/wp-json\/wp\/v2\/comments?post=557"}],"wp:featuredmedia":[{"embeddable":true,"href":"https:\/\/wydawnictwo-sqda.pl\/en\/wp-json\/wp\/v2\/media\/594"}],"wp:attachment":[{"href":"https:\/\/wydawnictwo-sqda.pl\/en\/wp-json\/wp\/v2\/media?parent=557"}],"wp:term":[{"taxonomy":"product_brand","embeddable":true,"href":"https:\/\/wydawnictwo-sqda.pl\/en\/wp-json\/wp\/v2\/product_brand?post=557"},{"taxonomy":"product_cat","embeddable":true,"href":"https:\/\/wydawnictwo-sqda.pl\/en\/wp-json\/wp\/v2\/product_cat?post=557"},{"taxonomy":"product_tag","embeddable":true,"href":"https:\/\/wydawnictwo-sqda.pl\/en\/wp-json\/wp\/v2\/product_tag?post=557"}],"curies":[{"name":"wp","href":"https:\/\/api.w.org\/{rel}","templated":true}]}}