{"id":555,"date":"2024-04-29T12:34:40","date_gmt":"2024-04-29T10:34:40","guid":{"rendered":"https:\/\/2024.wydawnictwo-sqda.pl\/?post_type=product&#038;p=555"},"modified":"2026-03-19T14:11:14","modified_gmt":"2026-03-19T13:11:14","slug":"vda-6-1-audit-systemu-zarzadzania-jakoscia-pl","status":"publish","type":"product","link":"https:\/\/wydawnictwo-sqda.pl\/en\/product\/vda-6-1-audit-systemu-zarzadzania-jakoscia-pl\/","title":{"rendered":"VDA 6.1 &#8211; Audit systemu zarz\u0105dzania jako\u015bci\u0105 (PL)"},"content":{"rendered":"<p>Knowledge about the product and its quality is useful in certifying or auditing and assessing the quality management system. Interactions occurring between the product, process and system may lead to the unification of QMS specific to a given sector. Volume VDA 6.1 supplements the ISO 9000 series with requirements dedicated to the automotive industry.<\/p>\n<p>The questionnaire in the manual is divided into two parts: management and product and process, due to the nature of problems that occur in organizations - they are not always of a purely technical nature, but often organizational and structural.<\/p>\n<p>The VDA Quality Management System Audit volume complements previously published volumes and is used to assess quality management systems in comparable conditions. The goal is to help identify gaps and improve organizational performance.<\/p>","protected":false},"excerpt":{"rendered":"<p>Volume 6 Part 1 \u2013 QM-System audit \u2013 Serial production, 5th edition, December 2016<\/p>\n<p>Volume 6 Part 1 &#8211; QM-System audit &#8211; Serial production, 5th edition, December 2016<\/p>\n<p>Volume in Polish language<\/p>","protected":false},"featured_media":630,"comment_status":"closed","ping_status":"closed","template":"","meta":[],"product_brand":[],"product_cat":[19,37],"product_tag":[33,39,61,63],"class_list":{"0":"post-555","1":"product","2":"type-product","3":"status-publish","4":"has-post-thumbnail","6":"product_cat-publikacje-vda","7":"product_cat-polskojezyczne","8":"product_tag-audit","9":"product_tag-system","10":"product_tag-top","11":"product_tag-vda6-1","13":"first","14":"instock","15":"featured","16":"taxable","17":"shipping-taxable","18":"purchasable","19":"product-type-simple"},"meta_box":{"wyd_pdf_title":"","wyd_pdf":"","wyd_pdf_title_2":"","wyd_pdf_2":"","show_price_check":"0","free_gifts":[],"trans_content_long":"<p>Preface to the 5<sup>th<\/sup> edition:<\/p>\n<p>In the <strong>5<sup>th<\/sup> edition from 2016<\/strong> the essential requirements of ISO 9001:2015 (risk-oriented approach) were taken into account and supplemented, among other things, by the content of the VDA Volume \u201cQuality-Related Costs\u201d. From the <strong>1<sup>st<\/sup><\/strong> <strong>January 2017 <\/strong>this <strong>5<sup>th<\/sup> edition<\/strong> replaces the 4<sup>th<\/sup> edition of the year 2010 (2003). From this date at the latest, all 3<sup>rd<\/sup>-party audits can be carried out according to VDA 6.1 of this edition.<\/p>\n","trans_content_short":"<p>Volume 6 Part 1 - QM-System audit - Serial production, 5th edition, December 2016<\/p>\n<p>Volume in Polish language<\/p>\n","id_wpisu":"15453","powiazane_szkolenia":"38362,17075"},"tiered_pricing_type":"fixed","tiered_pricing_fixed_rules":[],"tiered_pricing_product_settings":{"layout":"default","base_unit_name":{"singular":null,"plural":null},"default_variation":null},"tiered_pricing_minimum_quantity":null,"tiered_pricing_roles_data":[],"tiered_pricing_percentage_rules":[],"_links":{"self":[{"href":"https:\/\/wydawnictwo-sqda.pl\/en\/wp-json\/wp\/v2\/product\/555","targetHints":{"allow":["GET"]}}],"collection":[{"href":"https:\/\/wydawnictwo-sqda.pl\/en\/wp-json\/wp\/v2\/product"}],"about":[{"href":"https:\/\/wydawnictwo-sqda.pl\/en\/wp-json\/wp\/v2\/types\/product"}],"replies":[{"embeddable":true,"href":"https:\/\/wydawnictwo-sqda.pl\/en\/wp-json\/wp\/v2\/comments?post=555"}],"wp:featuredmedia":[{"embeddable":true,"href":"https:\/\/wydawnictwo-sqda.pl\/en\/wp-json\/wp\/v2\/media\/630"}],"wp:attachment":[{"href":"https:\/\/wydawnictwo-sqda.pl\/en\/wp-json\/wp\/v2\/media?parent=555"}],"wp:term":[{"taxonomy":"product_brand","embeddable":true,"href":"https:\/\/wydawnictwo-sqda.pl\/en\/wp-json\/wp\/v2\/product_brand?post=555"},{"taxonomy":"product_cat","embeddable":true,"href":"https:\/\/wydawnictwo-sqda.pl\/en\/wp-json\/wp\/v2\/product_cat?post=555"},{"taxonomy":"product_tag","embeddable":true,"href":"https:\/\/wydawnictwo-sqda.pl\/en\/wp-json\/wp\/v2\/product_tag?post=555"}],"curies":[{"name":"wp","href":"https:\/\/api.w.org\/{rel}","templated":true}]}}