{"id":554,"date":"2024-04-29T12:34:40","date_gmt":"2024-04-29T10:34:40","guid":{"rendered":"https:\/\/2024.wydawnictwo-sqda.pl\/?post_type=product&#038;p=554"},"modified":"2026-04-07T12:55:23","modified_gmt":"2026-04-07T10:55:23","slug":"auditor-procesu-wg-vda-6-3-sciaga-dla-auditorow-pl-2023","status":"publish","type":"product","link":"https:\/\/wydawnictwo-sqda.pl\/en\/product\/auditor-procesu-wg-vda-6-3-sciaga-dla-auditorow-pl-2023\/","title":{"rendered":"Auditor procesu wg VDA 6.3. \u015aci\u0105ga dla auditor\u00f3w (PL) 2023"},"content":{"rendered":"<p>W \u015bci\u0105dze zawarto w zwi\u0119z\u0142ej formie wszystkie pytania tomu VDA6.3. ponad to uj\u0119to w niej podstawowe zasady auditowania, ocen\u0119 pyta\u0144, regu\u0142y degradacji, klasyfikacj\u0119 a tak\u017ce przyporz\u0105dkowanie element\u00f3w procesu do cyklu \u017cycia produktu. \u015aci\u0105ga dla auditor\u00f3w VDA6.3 dzi\u0119ki por\u0119cznemu formatowi, kt\u00f3ry zmie\u015bci si\u0119 nawet do kieszeni spodni czy marynarki, stanowi przydatn\u0105 pomoc w przeprowadzeniu auditu procesu bezpo\u015brednio w zak\u0142adzie w\u0142asnym lub dostawcy.<\/p>\n<p><strong>UWAGA<\/strong>: \u015aci\u0105ga zosta\u0142a opracowana w oparciu o 4. wydanie podr\u0119cznika VDA 6.3 z 2023 roku.<\/p>","protected":false},"excerpt":{"rendered":"<p>Auditor procesu wg VDA 6.3. \u015aci\u0105ga dla auditor\u00f3w<\/p>\n<p><strong>UWAGA<\/strong>: \u015aci\u0105ga zosta\u0142a opracowana w oparciu o 4. wydanie podr\u0119cznika VDA 6.3 z 2023 roku.<\/p>","protected":false},"featured_media":637,"comment_status":"closed","ping_status":"closed","template":"","meta":[],"product_brand":[],"product_cat":[19,65,37],"product_tag":[33,34,69,35],"class_list":{"0":"post-554","1":"product","2":"type-product","3":"status-publish","4":"has-post-thumbnail","6":"product_cat-publikacje-vda","7":"product_cat-publikacje-sqd-alliance","8":"product_cat-polskojezyczne","9":"product_tag-audit","10":"product_tag-proces","11":"product_tag-vda-6-3","12":"product_tag-vda6-3","14":"first","15":"instock","16":"taxable","17":"shipping-taxable","18":"purchasable","19":"product-type-simple"},"meta_box":{"wyd_pdf_title":"Zobacz pr\u00f3bk\u0119","wyd_pdf":"https:\/\/wydawnictwo-sqda.pl\/wp-content\/uploads\/2024\/04\/Sciaga-dla-audytorow-VDA-6.3-probka.pdf","wyd_pdf_title_2":"","wyd_pdf_2":"","show_price_check":"0","free_gifts":[],"trans_content_long":"<p><span class=\"HwtZe\" lang=\"en\"><span class=\"jCAhz ChMk0b\"><span class=\"ryNqvb\">This booklet contains all the questions in volume VDA6.3 in a concise form.<\/span><\/span> M<span class=\"jCAhz ChMk0b\"><span class=\"ryNqvb\">oreover, it includes the basic principles of auditing, assessment of questions, degradation rules, classification and assignment of process elements to the product life cycle.<\/span><\/span> <span class=\"jCAhz ChMk0b\"><span class=\"ryNqvb\">The VDA6.3 Auditor's Guidebook, in a handy format that even fits in a trouser or jacket pocket, is a useful aid for conducting a process audit directly at your own or supplier's facility.<\/span><\/span> <\/span><\/p>\n<p><span class=\"HwtZe\" lang=\"en\"><span class=\"jCAhz ChMk0b\"><span class=\"ryNqvb\"><strong>NOTE:<\/strong> The cheat sheet was developed based on the 4th edition of the VDA 6.3 manual from 2023.<\/span><\/span><\/span><\/p>\n","trans_content_short":"<p>Process auditor acc. to VDA 6.3 - compendium of knowledge for auditors.<\/p>\n<p><span class=\"HwtZe\" lang=\"en\"><span class=\"jCAhz ChMk0b\"><span class=\"ryNqvb\">NOTE: The cheat sheet was developed based on the 4th edition of the VDA 6.3 manual from 2023.<\/span><\/span><\/span><\/p>\n","id_wpisu":"","powiazane_szkolenia":"2290,65299,7144,55275,61598"},"tiered_pricing_type":"fixed","tiered_pricing_fixed_rules":[],"tiered_pricing_product_settings":{"layout":"default","base_unit_name":{"singular":null,"plural":null},"default_variation":null},"tiered_pricing_minimum_quantity":null,"tiered_pricing_roles_data":[],"tiered_pricing_percentage_rules":[],"_links":{"self":[{"href":"https:\/\/wydawnictwo-sqda.pl\/en\/wp-json\/wp\/v2\/product\/554","targetHints":{"allow":["GET"]}}],"collection":[{"href":"https:\/\/wydawnictwo-sqda.pl\/en\/wp-json\/wp\/v2\/product"}],"about":[{"href":"https:\/\/wydawnictwo-sqda.pl\/en\/wp-json\/wp\/v2\/types\/product"}],"replies":[{"embeddable":true,"href":"https:\/\/wydawnictwo-sqda.pl\/en\/wp-json\/wp\/v2\/comments?post=554"}],"wp:featuredmedia":[{"embeddable":true,"href":"https:\/\/wydawnictwo-sqda.pl\/en\/wp-json\/wp\/v2\/media\/637"}],"wp:attachment":[{"href":"https:\/\/wydawnictwo-sqda.pl\/en\/wp-json\/wp\/v2\/media?parent=554"}],"wp:term":[{"taxonomy":"product_brand","embeddable":true,"href":"https:\/\/wydawnictwo-sqda.pl\/en\/wp-json\/wp\/v2\/product_brand?post=554"},{"taxonomy":"product_cat","embeddable":true,"href":"https:\/\/wydawnictwo-sqda.pl\/en\/wp-json\/wp\/v2\/product_cat?post=554"},{"taxonomy":"product_tag","embeddable":true,"href":"https:\/\/wydawnictwo-sqda.pl\/en\/wp-json\/wp\/v2\/product_tag?post=554"}],"curies":[{"name":"wp","href":"https:\/\/api.w.org\/{rel}","templated":true}]}}