{"id":21544,"date":"2026-04-27T13:50:14","date_gmt":"2026-04-27T11:50:14","guid":{"rendered":"https:\/\/wydawnictwo-sqda.pl\/?post_type=product&#038;p=21544"},"modified":"2026-04-28T11:21:15","modified_gmt":"2026-04-28T09:21:15","slug":"good-morning-automotive-numer-6","status":"publish","type":"product","link":"https:\/\/wydawnictwo-sqda.pl\/en\/product\/good-morning-automotive-numer-6\/","title":{"rendered":"Good morning automotive \u2013 numer 6"},"content":{"rendered":"<p>Sz\u00f3ste wydanie Good Morning Automotive to kompleksowe opracowanie aktualnych wyzwa\u0144 i kierunk\u00f3w rozwoju w bran\u017cy motoryzacyjnej, ze szczeg\u00f3lnym uwzgl\u0119dnieniem obszaru zarz\u0105dzania jako\u015bci\u0105, wymaga\u0144 normatywnych oraz transformacji technologicznej.<\/p>\n<p>W numerze przedstawiono m.in. kluczowe za\u0142o\u017cenia nowelizacji normy ISO 9001, zmiany w standardach VDA 19.1 oraz VDA 5.1, a tak\u017ce praktyczne aspekty zarz\u0105dzania specyficznymi wymaganiami klient\u00f3w (CSR). Istotn\u0105 cz\u0119\u015b\u0107 stanowi\u0105 analizy dotycz\u0105ce automatyzacji i robotyzacji proces\u00f3w oraz ich wp\u0142ywu na rozw\u00f3j kompetencji w organizacjach. Uzupe\u0142nieniem jest kontekst rynkowy: ekspansja producent\u00f3w chi\u0144skich w UE oraz trendy determinuj\u0105ce funkcjonowanie sektora w 2026 roku, w tym rosn\u0105ce znaczenie podej\u015bcia cyrkularnego.<\/p>\n<p>Publikacja obejmuje r\u00f3wnie\u017c zagadnienia zwi\u0105zane z budowaniem kultury jako\u015bci (m.in. poprzez mentoring), efektywnym przekazywaniem wymaga\u0144 w \u0142a\u0144cuchu dostaw oraz przegl\u0105d wybranych praktyk bran\u017cowych.<\/p>\n<p>Czasopismo mo\u017ce stanowi\u0107 narz\u0119dzie wspieraj\u0105ce rozw\u00f3j \u015bwiadomo\u015bci jako\u015bciowej w organizacji zar\u00f3wno jako materia\u0142 szkoleniowy, jak i element komunikacji wewn\u0119trznej w obszarze jako\u015bci. Rekomendowane jest do wykorzystania w pracy zespo\u0142\u00f3w jako\u015bciowych, produkcyjnych oraz zarz\u0105dzaj\u0105cych.<\/p>\n<p>Wydanie dost\u0119pne jest bezp\u0142atnie w formie elektronicznej. Istnieje r\u00f3wnie\u017c mo\u017cliwo\u015b\u0107 zakupu wersji papierowej, w tym celu prosimy o <a href=\"https:\/\/wydawnictwo-sqda.pl\/en\/kontakt\/\">kontakt z Wydawnictwem SQDA<\/a>. Cena egzemplarza: 18 z\u0142 netto.<\/p>","protected":false},"excerpt":{"rendered":"<p>Sz\u00f3ste wydanie Good Morning Automotive to kompleksowe opracowanie aktualnych wyzwa\u0144 i kierunk\u00f3w rozwoju w bran\u017cy motoryzacyjnej, ze szczeg\u00f3lnym uwzgl\u0119dnieniem obszaru zarz\u0105dzania jako\u015bci\u0105, wymaga\u0144 normatywnych oraz transformacji technologicznej. W numerze przedstawiono m.in. kluczowe za\u0142o\u017cenia nowelizacji normy ISO 9001, zmiany w standardach VDA 19.1 oraz VDA 5.1, a tak\u017ce praktyczne aspekty zarz\u0105dzania specyficznymi wymaganiami klient\u00f3w (CSR). Istotn\u0105 [&hellip;]<\/p>\n","protected":false},"featured_media":21545,"comment_status":"open","ping_status":"closed","template":"","meta":[],"product_brand":[],"product_cat":[94],"product_tag":[],"class_list":{"0":"post-21544","1":"product","2":"type-product","3":"status-publish","4":"has-post-thumbnail","6":"product_cat-czasopismo","8":"first","9":"instock","10":"downloadable","11":"taxable","12":"shipping-taxable","13":"purchasable","14":"product-type-simple"},"meta_box":{"wyd_pdf_title":"","wyd_pdf":"","wyd_pdf_title_2":"","wyd_pdf_2":"","show_price_check":"0","free_gifts":[],"trans_content_long":"","trans_content_short":"","id_wpisu":"","powiazane_szkolenia":""},"tiered_pricing_type":"fixed","tiered_pricing_fixed_rules":[],"tiered_pricing_product_settings":{"layout":"default","base_unit_name":{"singular":null,"plural":null},"default_variation":null},"tiered_pricing_minimum_quantity":null,"tiered_pricing_roles_data":[],"tiered_pricing_percentage_rules":[],"_links":{"self":[{"href":"https:\/\/wydawnictwo-sqda.pl\/en\/wp-json\/wp\/v2\/product\/21544","targetHints":{"allow":["GET"]}}],"collection":[{"href":"https:\/\/wydawnictwo-sqda.pl\/en\/wp-json\/wp\/v2\/product"}],"about":[{"href":"https:\/\/wydawnictwo-sqda.pl\/en\/wp-json\/wp\/v2\/types\/product"}],"replies":[{"embeddable":true,"href":"https:\/\/wydawnictwo-sqda.pl\/en\/wp-json\/wp\/v2\/comments?post=21544"}],"wp:featuredmedia":[{"embeddable":true,"href":"https:\/\/wydawnictwo-sqda.pl\/en\/wp-json\/wp\/v2\/media\/21545"}],"wp:attachment":[{"href":"https:\/\/wydawnictwo-sqda.pl\/en\/wp-json\/wp\/v2\/media?parent=21544"}],"wp:term":[{"taxonomy":"product_brand","embeddable":true,"href":"https:\/\/wydawnictwo-sqda.pl\/en\/wp-json\/wp\/v2\/product_brand?post=21544"},{"taxonomy":"product_cat","embeddable":true,"href":"https:\/\/wydawnictwo-sqda.pl\/en\/wp-json\/wp\/v2\/product_cat?post=21544"},{"taxonomy":"product_tag","embeddable":true,"href":"https:\/\/wydawnictwo-sqda.pl\/en\/wp-json\/wp\/v2\/product_tag?post=21544"}],"curies":[{"name":"wp","href":"https:\/\/api.w.org\/{rel}","templated":true}]}}