{"id":21219,"date":"2025-11-14T10:19:09","date_gmt":"2025-11-14T09:19:09","guid":{"rendered":"https:\/\/wydawnictwo-sqda.pl\/?post_type=product&#038;p=21219"},"modified":"2026-03-19T14:11:14","modified_gmt":"2026-03-19T13:11:14","slug":"apqp-3-pk-1-dwupak","status":"publish","type":"product","link":"https:\/\/wydawnictwo-sqda.pl\/en\/product\/apqp-3-pk-1-dwupak\/","title":{"rendered":"APQP-3 &#038; PK-1, Dwupak"},"content":{"rendered":"<p>Musisz jak najszybciej zapozna\u0107 si\u0119 z nowym podr\u0119cznikiem APQP oraz samodzielnym podr\u0119cznikiem Plan Kontroli?<br \/>\nZaktualizowany, aby uwzgl\u0119dnia\u0107 rosn\u0105ce wymagania wynikaj\u0105ce z wi\u0119kszej automatyzacji, elektryfikacji oraz coraz szerszej definicji mobilno\u015bci. Zestaw ten zawiera oba podr\u0119czniki w wersji papierowej: APQP &#8211; wydanie 3 oraz Plan Kontroli &#8211; wydanie 1.<\/p>\n<p><span data-olk-copy-source=\"MessageBody\">Wersja papierowa z plikami do pobrania.<\/span><\/p>","protected":false},"excerpt":{"rendered":"<ol start=\"1\" type=\"1\">\n<li class=\"x_MsoListParagraph\"><b data-olk-copy-source=\"MessageBody\">Podr\u0119cznik referencyjny APQP \u2013 Zaawansowane Planowanie Jako\u015bci Wyrobu: Wydanie w polskiej wersji j\u0119zykowej<br \/>\n<\/b><b>Data publikacji:<\/b> marzec 2024<br \/>\n<b>Wersja:\u00a0<\/b>3. Wydanie<br \/>\n<a href=\"https:\/\/wydawnictwo-sqda.pl\/en\/product\/podrecznik-referencyjny-apqp-zaawansowane-planowanie-jakosci-wyrobu\/\">ZOBACZ OPIS<\/a><\/li>\n<li class=\"x_MsoListParagraph\"><b>PLAN KONTROLI: Wydanie w polskiej wersji j\u0119zykowej<\/b><br \/>\n<b>Data publikacji:<\/b>\u00a0marzec 2024<br \/>\n<b>Wersja:<\/b> 1. Wydanie<br \/>\n<a href=\"https:\/\/wydawnictwo-sqda.pl\/en\/product\/aiag-plan-kontroli\/\">ZOBACZ OPIS<\/a><\/li>\n<\/ol>","protected":false},"featured_media":21220,"comment_status":"open","ping_status":"closed","template":"","meta":[],"product_brand":[],"product_cat":[93,37],"product_tag":[],"class_list":{"0":"post-21219","1":"product","2":"type-product","3":"status-publish","4":"has-post-thumbnail","6":"product_cat-publikacje-aiag","7":"product_cat-polskojezyczne","9":"first","10":"instock","11":"taxable","12":"shipping-taxable","13":"purchasable","14":"product-type-simple"},"meta_box":{"wyd_pdf_title":"","wyd_pdf":"","wyd_pdf_title_2":"","wyd_pdf_2":"","show_price_check":"0","free_gifts":[{"filesize":22912,"ID":"20628","name":"SF-Control-Plan-Special-Characteristics-Worksheet-Form.xlsx","path":"\/home\/u232910589\/domains\/wydawnictwo-sqda.pl\/public_html\/wp-content\/uploads\/2025\/01\/SF-Control-Plan-Special-Characteristics-Worksheet-Form.xlsx","url":"https:\/\/wydawnictwo-sqda.pl\/wp-content\/uploads\/2025\/01\/SF-Control-Plan-Special-Characteristics-Worksheet-Form.xlsx","title":"SF Control Plan Special Characteristics Worksheet Form"},{"filesize":48256,"ID":"20626","name":"SF-Control-Plan-Checklist-Form.xlsx","path":"\/home\/u232910589\/domains\/wydawnictwo-sqda.pl\/public_html\/wp-content\/uploads\/2025\/01\/SF-Control-Plan-Checklist-Form.xlsx","url":"https:\/\/wydawnictwo-sqda.pl\/wp-content\/uploads\/2025\/01\/SF-Control-Plan-Checklist-Form.xlsx","title":"SF Control Plan Checklist Form"},{"filesize":60437,"ID":"21334","name":"Plan-Kontroli_PL.xlsx","path":"\/home\/u232910589\/domains\/wydawnictwo-sqda.pl\/public_html\/wp-content\/uploads\/2025\/01\/Plan-Kontroli_PL.xlsx","url":"https:\/\/wydawnictwo-sqda.pl\/wp-content\/uploads\/2025\/01\/Plan-Kontroli_PL.xlsx","title":"Plan Kontroli_PL"},{"filesize":46749,"ID":"21341","name":"Zalacznik-E.xlsx","path":"\/home\/u232910589\/domains\/wydawnictwo-sqda.pl\/public_html\/wp-content\/uploads\/2025\/11\/Zalacznik-E.xlsx","url":"https:\/\/wydawnictwo-sqda.pl\/wp-content\/uploads\/2025\/11\/Zalacznik-E.xlsx","title":"Za\u0142\u0105cznik E"},{"filesize":76361,"ID":"21342","name":"Zalacznik-A.xlsx","path":"\/home\/u232910589\/domains\/wydawnictwo-sqda.pl\/public_html\/wp-content\/uploads\/2025\/11\/Zalacznik-A.xlsx","url":"https:\/\/wydawnictwo-sqda.pl\/wp-content\/uploads\/2025\/11\/Zalacznik-A.xlsx","title":"Za\u0142\u0105cznik A"},{"filesize":86658,"ID":"21343","name":"Zalacznik-B.xlsx","path":"\/home\/u232910589\/domains\/wydawnictwo-sqda.pl\/public_html\/wp-content\/uploads\/2025\/11\/Zalacznik-B.xlsx","url":"https:\/\/wydawnictwo-sqda.pl\/wp-content\/uploads\/2025\/11\/Zalacznik-B.xlsx","title":"Za\u0142\u0105cznik B"},{"filesize":24505,"ID":"21344","name":"Zalacznik-D.xlsx","path":"\/home\/u232910589\/domains\/wydawnictwo-sqda.pl\/public_html\/wp-content\/uploads\/2025\/11\/Zalacznik-D.xlsx","url":"https:\/\/wydawnictwo-sqda.pl\/wp-content\/uploads\/2025\/11\/Zalacznik-D.xlsx","title":"Za\u0142\u0105cznik D"}],"trans_content_long":"","trans_content_short":"","id_wpisu":"","powiazane_szkolenia":""},"tiered_pricing_type":"fixed","tiered_pricing_fixed_rules":[],"tiered_pricing_product_settings":{"layout":"default","base_unit_name":{"singular":null,"plural":null},"default_variation":null},"tiered_pricing_minimum_quantity":null,"tiered_pricing_roles_data":[],"tiered_pricing_percentage_rules":[],"_links":{"self":[{"href":"https:\/\/wydawnictwo-sqda.pl\/en\/wp-json\/wp\/v2\/product\/21219","targetHints":{"allow":["GET"]}}],"collection":[{"href":"https:\/\/wydawnictwo-sqda.pl\/en\/wp-json\/wp\/v2\/product"}],"about":[{"href":"https:\/\/wydawnictwo-sqda.pl\/en\/wp-json\/wp\/v2\/types\/product"}],"replies":[{"embeddable":true,"href":"https:\/\/wydawnictwo-sqda.pl\/en\/wp-json\/wp\/v2\/comments?post=21219"}],"wp:featuredmedia":[{"embeddable":true,"href":"https:\/\/wydawnictwo-sqda.pl\/en\/wp-json\/wp\/v2\/media\/21220"}],"wp:attachment":[{"href":"https:\/\/wydawnictwo-sqda.pl\/en\/wp-json\/wp\/v2\/media?parent=21219"}],"wp:term":[{"taxonomy":"product_brand","embeddable":true,"href":"https:\/\/wydawnictwo-sqda.pl\/en\/wp-json\/wp\/v2\/product_brand?post=21219"},{"taxonomy":"product_cat","embeddable":true,"href":"https:\/\/wydawnictwo-sqda.pl\/en\/wp-json\/wp\/v2\/product_cat?post=21219"},{"taxonomy":"product_tag","embeddable":true,"href":"https:\/\/wydawnictwo-sqda.pl\/en\/wp-json\/wp\/v2\/product_tag?post=21219"}],"curies":[{"name":"wp","href":"https:\/\/api.w.org\/{rel}","templated":true}]}}