{"id":21136,"date":"2025-10-15T11:13:08","date_gmt":"2025-10-15T09:13:08","guid":{"rendered":"https:\/\/wydawnictwo-sqda.pl\/?post_type=product&#038;p=21136"},"modified":"2026-04-16T14:15:10","modified_gmt":"2026-04-16T12:15:10","slug":"przewodnik-dla-auditorow-iatf-16949","status":"publish","type":"product","link":"https:\/\/wydawnictwo-sqda.pl\/en\/product\/przewodnik-dla-auditorow-iatf-16949\/","title":{"rendered":"Przewodnik dla Auditor\u00f3w IATF 16949"},"content":{"rendered":"<p class=\"x_MsoNormal\">Standard systemu zarz\u0105dzania jako\u015bci\u0105 w bran\u017cy motoryzacyjnej IATF 16949, wraz z odpowiednimi specyficznymi wymaganiami klienta z bran\u017cy motoryzacyjnej i wymaganiami ISO 9001, okre\u015bla podstawowe wymagania dotycz\u0105ce Systemu Zarz\u0105dzania Jako\u015bci\u0105 (SZJ) dla produkcji motoryzacyjnej i organizacji produkuj\u0105cych cz\u0119\u015bci zamienne.<\/p>\n<p class=\"x_MsoNormal\">Zasady uzyskania i utrzymania uprawnie\u0144 IATF wydanie<sup>\u00a0<\/sup>6 dla IATF 16949, zwane dalej \u201eZasadami\u201d, nak\u0142adaj\u0105 odpowiedzialno\u015b\u0107 za rozw\u00f3j i utrzymanie kompetencji auditora na jednostk\u0119 certyfikuj\u0105c\u0105 zatrudniaj\u0105c\u0105 lub sponsoruj\u0105c\u0105 auditora, zgodnie z definicj\u0105 zawart\u0105 w Zasadach, wydaniu<sup>\u00a0<\/sup>6, sekcji 4.<\/p>\n<p class=\"x_MsoNormal\">Aby pom\u00f3c jednostkom certyfikuj\u0105cym i innym zainteresowanym stronom, IATF Global Oversight opublikowa\u0142 niniejszy Przewodnik dla auditor\u00f3w IATF.<\/p>\n<p class=\"x_MsoNormal\"><b>Cel<\/b><\/p>\n<p class=\"x_MsoNormal\">Celem Przewodnika jest zdefiniowanie logicznych dzia\u0142a\u0144 i wymaganych kompetencji auditora w procesie auditu IATF 16949, z uwzgl\u0119dnieniem wytycznych zawartych w normie ISO 19011. Przewodnik ma by\u0107 rozumiany w po\u0142\u0105czeniu z Zasadami i nie ma zast\u0119powa\u0107 Zasad ani obejmowa\u0107 wszystkich ich wymaga\u0144.<\/p>\n<p class=\"x_MsoNormal\"><b>Podsumowanie g\u0142\u00f3wnych zmian<\/b><\/p>\n<p class=\"x_MsoNormal\">Niniejsze 5 wydanie Przewodnika dla Auditor\u00f3w zosta\u0142o zaktualizowane w celu dostosowania do 6 wydania Zasad i dodaje now\u0105 sekcj\u0119 dotycz\u0105c\u0105 auditowania zleceniodawc\u00f3w w ramach schematu korporacyjnego.<\/p>\n<p class=\"x_MsoNormal\"><b>Powi\u0105zane odniesienia<\/b><\/p>\n<p class=\"x_MsoNormal\">Aby uzyska\u0107 wi\u0119cej informacji na temat schematu IATF, prosz\u0119 odwiedzi\u0107 i zasubskrybowa\u0107 stron\u0119 internetow\u0105 IATF Global Oversight pod adresem www.iatfglobaloversight.org. W tym miejscu mo\u017cna uzyska\u0107 dost\u0119p do zatwierdzonych interpretacji (SI) i cz\u0119sto zadawanych pyta\u0144 (FAQ) dotycz\u0105cych zar\u00f3wno standardu IATF 16949, jak i Zasad, specyficznych wymaga\u0144 klienta IATF OEM, skr\u00f3conych przewodnik\u00f3w i szczeg\u00f3\u0142owych informacji na temat zatwierdzonych przez IATF jednostek certyfikuj\u0105cych. Dodatkowe przydatne informacje mo\u017cna r\u00f3wnie\u017c znale\u017a\u0107 w normach ISO\/IEC 17021 i ISO 19011.<\/p>\n<p class=\"x_MsoNormal\"><b>Bibliografia<\/b><\/p>\n<p class=\"x_MsoNormal\">Wi\u0119cej informacji na temat systemu IATF mo\u017cna znale\u017a\u0107 i uzyska\u0107 po subskrypcji na stronie\u00a0<a title=\"https:\/\/www.iatfglobaloversight.org\" href=\"https:\/\/www.iatfglobaloversight.org\/\" target=\"_blank\" rel=\"noopener noreferrer\" data-auth=\"NotApplicable\" data-linkindex=\"0\">www.iatfglobaloversight.org<\/a><\/p>\n<p><strong>Jak korzysta\u0107 z Przewodnika<\/strong><\/p>\n<p class=\"x_MsoNormal\">Przewodnik jest podzielony na nast\u0119puj\u0105ce sekcje:<\/p>\n<ul>\n<li class=\"x_MsoNormal\">Sekcja 1 &#8211; Etap 1 &#8211; Ocena gotowo\u015bci<\/li>\n<li class=\"x_MsoNormal\">Sekcja 2 &#8211; Planowanie auditu<\/li>\n<li class=\"x_MsoNormal\">Sekcja 3 &#8211; Audit zak\u0142adu i zarz\u0105dzanie niezgodno\u015bciami<\/li>\n<li class=\"x_MsoNormal\">Sekcja 4 &#8211; Audity w ramach schematu korporacyjnego<\/li>\n<li class=\"x_MsoNormal\">Sekcja 5 &#8211; Podstawowe kryteria kompetencji auditowych<\/li>\n<li class=\"x_MsoNormal\">Sekcja 6 &#8211; Og\u00f3lne kryteria kompetencji auditowych<\/li>\n<\/ul>\n<p>&nbsp;<\/p>\n<p class=\"x_MsoNormal\"><b>Kompetencje<\/b>\u00a0nie s\u0105 wyczerpuj\u0105ce. Przy opracowywaniu kompetencji wykorzystano do\u015bwiadczenia IATF z audit\u00f3w nadzorczych jednostek certyfikuj\u0105cych i audit\u00f3w administracji, szkole\u0144 i oceny auditor\u00f3w, post\u0119powa\u0144 IATF w sprawie zastrze\u017ce\u0144 OEM oraz odpowiedzi na pytania interesariuszy w ramach schematu IATF 16949. Zach\u0119ca si\u0119 Jednostki Certyfikuj\u0105ce do korzystania z niniejszego Przewodnika przy ocenie, rozwijaniu i utrzymywaniu kompetencji swoich auditor\u00f3w oraz jako wk\u0142adu w monitorowanie wynik\u00f3w auditora.<\/p>\n<p class=\"x_MsoNormal\">Chocia\u017c niniejszy Przewodnik zosta\u0142 opracowany przede wszystkim z my\u015bl\u0105 o auditorach trzeciej strony, mo\u017ce by\u0107 r\u00f3wnie\u017c wykorzystywany jako przydatny dokument referencyjny dla auditor\u00f3w pierwszej lub drugiej strony.<\/p>","protected":false},"excerpt":{"rendered":"<p><b data-olk-copy-source=\"MessageBody\">Przewodnik dla Auditor\u00f3w IATF 16949, 5. wydanie, stycze\u0144 2025<\/b><\/p>","protected":false},"featured_media":21135,"comment_status":"closed","ping_status":"closed","template":"","meta":[],"product_brand":[],"product_cat":[20,37],"product_tag":[33,38,39],"class_list":{"0":"post-21136","1":"product","2":"type-product","3":"status-publish","4":"has-post-thumbnail","6":"product_cat-publikacje-iatf","7":"product_cat-polskojezyczne","8":"product_tag-audit","9":"product_tag-standard","10":"product_tag-system","12":"first","13":"instock","14":"taxable","15":"shipping-taxable","16":"purchasable","17":"product-type-simple"},"meta_box":{"wyd_pdf_title":"","wyd_pdf":"","wyd_pdf_title_2":"","wyd_pdf_2":"","show_price_check":"0","free_gifts":[],"trans_content_long":"","trans_content_short":"","id_wpisu":"","powiazane_szkolenia":""},"tiered_pricing_type":"fixed","tiered_pricing_fixed_rules":[],"tiered_pricing_product_settings":{"layout":"default","base_unit_name":{"singular":null,"plural":null},"default_variation":null},"tiered_pricing_minimum_quantity":null,"tiered_pricing_roles_data":[],"tiered_pricing_percentage_rules":[],"_links":{"self":[{"href":"https:\/\/wydawnictwo-sqda.pl\/en\/wp-json\/wp\/v2\/product\/21136","targetHints":{"allow":["GET"]}}],"collection":[{"href":"https:\/\/wydawnictwo-sqda.pl\/en\/wp-json\/wp\/v2\/product"}],"about":[{"href":"https:\/\/wydawnictwo-sqda.pl\/en\/wp-json\/wp\/v2\/types\/product"}],"replies":[{"embeddable":true,"href":"https:\/\/wydawnictwo-sqda.pl\/en\/wp-json\/wp\/v2\/comments?post=21136"}],"wp:featuredmedia":[{"embeddable":true,"href":"https:\/\/wydawnictwo-sqda.pl\/en\/wp-json\/wp\/v2\/media\/21135"}],"wp:attachment":[{"href":"https:\/\/wydawnictwo-sqda.pl\/en\/wp-json\/wp\/v2\/media?parent=21136"}],"wp:term":[{"taxonomy":"product_brand","embeddable":true,"href":"https:\/\/wydawnictwo-sqda.pl\/en\/wp-json\/wp\/v2\/product_brand?post=21136"},{"taxonomy":"product_cat","embeddable":true,"href":"https:\/\/wydawnictwo-sqda.pl\/en\/wp-json\/wp\/v2\/product_cat?post=21136"},{"taxonomy":"product_tag","embeddable":true,"href":"https:\/\/wydawnictwo-sqda.pl\/en\/wp-json\/wp\/v2\/product_tag?post=21136"}],"curies":[{"name":"wp","href":"https:\/\/api.w.org\/{rel}","templated":true}]}}