{"id":21093,"date":"2025-11-02T13:44:22","date_gmt":"2025-11-02T12:44:22","guid":{"rendered":"https:\/\/wydawnictwo-sqda.pl\/?post_type=product&#038;p=21093"},"modified":"2026-03-20T08:10:26","modified_gmt":"2026-03-20T07:10:26","slug":"good-morning-automotive-numer-5","status":"publish","type":"product","link":"https:\/\/wydawnictwo-sqda.pl\/en\/product\/good-morning-automotive-numer-5\/","title":{"rendered":"Good morning automotive \u2013 numer 5"},"content":{"rendered":"<p class=\"x_MsoNormal\" data-olk-copy-source=\"MessageBody\">Good morning automotive \u2013 najnowsze wydanie ju\u017c dost\u0119pne!<\/p>\n<p class=\"x_MsoNormal\">Z rado\u015bci\u0105 prezentujemy kolejne wydanie bran\u017cowego czasopisma Good morning automotive. GMA to magazyn, w kt\u00f3rym eksperci z wieloletnim do\u015bwiadczeniem dziel\u0105 si\u0119 wiedz\u0105, trendami i sprawdzonymi praktykami. To lektura dla mened\u017cer\u00f3w, lider\u00f3w i pracownik\u00f3w bran\u017cy, kt\u00f3rzy chc\u0105 poszerza\u0107 horyzonty i by\u0107 na bie\u017c\u0105co z tym, co najwa\u017cniejsze.<\/p>\n<p class=\"x_MsoNormal\"><strong>Co znajdziesz w tym numerze?<\/strong><\/p>\n<ul type=\"disc\">\n<li class=\"x_MsoNormal\">Od Syreny do Multijet\u00f3w, czyli 70 lat motoryzacji w Bielsku-Bia\u0142ej &#8211; opowie\u015b\u0107 o polskim Detroit.<\/li>\n<li class=\"x_MsoNormal\">Wywiad: W Toyota Motor Manufacturing Poland ka\u017cdy jest wa\u017cny \u2013 o kulturze pracy w fabryce Toyoty i wpieraniu inicjatyw lokalnej spo\u0142eczno\u015bci.<\/li>\n<li class=\"x_MsoNormal\">Podr\u0119cznik VDA 5 \u2013 co warto wiedzie\u0107 na temat nowych wytycznych?<\/li>\n<li class=\"x_MsoNormal\">Jak dba\u0107 o zdrowie pracownik\u00f3w i dlaczego warto zbudowa\u0107 potencja\u0142 zdrowotny w firmie?<\/li>\n<li class=\"x_MsoNormal\">Jak zarz\u0105dza\u0107 procesami w bran\u017cy motoryzacyjnej? VDA 4 \u201eZapewnienie jako\u015bci na mapie proces\u00f3w\u201d \u2013 cz\u0119\u015b\u0107 3 podr\u0119cznika<\/li>\n<li class=\"x_MsoNormal\">VDA 6.8 jako skuteczne narz\u0119dzie do zarz\u0105dzania \u0142a\u0144cuchem dostaw.<\/li>\n<li class=\"x_MsoNormal\">Kiedy stosowa\u0107 VDA 6.3, a kiedy VDA 6.7? \u2013 praktyczne wskaz\u00f3wki.<\/li>\n<li class=\"x_MsoNormal\">AI w motoryzacji \u2013 od czego si\u0119 zacz\u0119\u0142o i dok\u0105d to zmierza?<\/li>\n<li class=\"x_MsoNormal\">Nowe trendy w stylistyce i ergonomii wn\u0119trz \u2013 jak zmieniaj\u0105 si\u0119 kabiny samochodowe w dobie digitalizacji i elektryfikacji.<\/li>\n<li class=\"x_MsoNormal\">Czy wiesz, \u017ce\u2026? \u2013 ciekawostki z bran\u017cy motoryzacyjnej.<\/li>\n<\/ul>\n<p class=\"x_MsoNormal\">Good morning automotive to doskona\u0142e narz\u0119dzie wspieraj\u0105ce rozw\u00f3j, spotkania zespo\u0142owe oraz codzienn\u0105 inspiracj\u0119 w miejscu pracy.<\/p>\n<p class=\"x_MsoNormal\">Zapraszamy do lektury i wsp\u00f3lnego poszerzania wiedzy na tematy zwi\u0105zane z bran\u017c\u0105 motoryzacyjn\u0105!<\/p>\n<p class=\"x_MsoNormal\"><strong>Oferta specjalna dla firm<\/strong><\/p>\n<p>Je\u015bli chcesz w prosty i anga\u017cuj\u0105cy spos\u00f3b <strong>rozwija\u0107 wiedz\u0119 zespo\u0142u oraz budowa\u0107 kultur\u0119 jako\u015bci w organizacji<\/strong> &#8211; wersja papierowa naszego czasopisma to idealne rozwi\u0105zanie!<\/p>\n<p>Nasze czasopismo to nie tylko lektura, ale tak\u017ce <strong>narz\u0119dzie do dzielenia si\u0119 wiedz\u0105, inspirowania pracownik\u00f3w i wspierania rozwoju kompetencji<\/strong> w obszarze automotive.<\/p>\n<p>Je\u015bli jeste\u015b zainteresowany zakupem <strong>wersji papierowej<\/strong> &#8211; skontaktuj si\u0119 z nami.<\/p>\n<p>Cena jednego egzemplarza wynosi 18 z\u0142, natomiast przy zam\u00f3wieniu powy\u017cej 30 sztuk obowi\u0105zuje cena promocyjna &#8211; 12 z\u0142 za egzemplarz.<\/p>","protected":false},"excerpt":{"rendered":"<p>Good morning automotive \u2013 najnowsze wydanie ju\u017c dost\u0119pne! Z rado\u015bci\u0105 prezentujemy kolejne wydanie bran\u017cowego czasopisma Good morning automotive. GMA to magazyn, w kt\u00f3rym eksperci z wieloletnim do\u015bwiadczeniem dziel\u0105 si\u0119 wiedz\u0105, trendami i sprawdzonymi praktykami. To lektura dla mened\u017cer\u00f3w, lider\u00f3w i pracownik\u00f3w bran\u017cy, kt\u00f3rzy chc\u0105 poszerza\u0107 horyzonty i by\u0107 na bie\u017c\u0105co z tym, co najwa\u017cniejsze. Co [&hellip;]<\/p>\n","protected":false},"featured_media":21094,"comment_status":"open","ping_status":"closed","template":"","meta":[],"product_brand":[],"product_cat":[94],"product_tag":[],"class_list":{"0":"post-21093","1":"product","2":"type-product","3":"status-publish","4":"has-post-thumbnail","6":"product_cat-czasopismo","8":"first","9":"instock","10":"taxable","11":"shipping-taxable","12":"purchasable","13":"product-type-simple"},"meta_box":{"wyd_pdf_title":"","wyd_pdf":"","wyd_pdf_title_2":"","wyd_pdf_2":"","show_price_check":"0","free_gifts":[],"trans_content_long":"","trans_content_short":"","id_wpisu":"","powiazane_szkolenia":""},"tiered_pricing_type":"fixed","tiered_pricing_fixed_rules":[],"tiered_pricing_product_settings":{"layout":"default","base_unit_name":{"singular":null,"plural":null},"default_variation":null},"tiered_pricing_minimum_quantity":null,"tiered_pricing_roles_data":[],"tiered_pricing_percentage_rules":[],"_links":{"self":[{"href":"https:\/\/wydawnictwo-sqda.pl\/en\/wp-json\/wp\/v2\/product\/21093","targetHints":{"allow":["GET"]}}],"collection":[{"href":"https:\/\/wydawnictwo-sqda.pl\/en\/wp-json\/wp\/v2\/product"}],"about":[{"href":"https:\/\/wydawnictwo-sqda.pl\/en\/wp-json\/wp\/v2\/types\/product"}],"replies":[{"embeddable":true,"href":"https:\/\/wydawnictwo-sqda.pl\/en\/wp-json\/wp\/v2\/comments?post=21093"}],"wp:featuredmedia":[{"embeddable":true,"href":"https:\/\/wydawnictwo-sqda.pl\/en\/wp-json\/wp\/v2\/media\/21094"}],"wp:attachment":[{"href":"https:\/\/wydawnictwo-sqda.pl\/en\/wp-json\/wp\/v2\/media?parent=21093"}],"wp:term":[{"taxonomy":"product_brand","embeddable":true,"href":"https:\/\/wydawnictwo-sqda.pl\/en\/wp-json\/wp\/v2\/product_brand?post=21093"},{"taxonomy":"product_cat","embeddable":true,"href":"https:\/\/wydawnictwo-sqda.pl\/en\/wp-json\/wp\/v2\/product_cat?post=21093"},{"taxonomy":"product_tag","embeddable":true,"href":"https:\/\/wydawnictwo-sqda.pl\/en\/wp-json\/wp\/v2\/product_tag?post=21093"}],"curies":[{"name":"wp","href":"https:\/\/api.w.org\/{rel}","templated":true}]}}