{"id":20950,"date":"2025-08-25T14:13:59","date_gmt":"2025-08-25T12:13:59","guid":{"rendered":"https:\/\/wydawnictwo-sqda.pl\/?post_type=product&#038;p=20950"},"modified":"2026-04-10T12:35:36","modified_gmt":"2026-04-10T10:35:36","slug":"aiag-plan-kontroli","status":"publish","type":"product","link":"https:\/\/wydawnictwo-sqda.pl\/en\/product\/aiag-plan-kontroli\/","title":{"rendered":"AIAG Plan kontroli"},"content":{"rendered":"<p data-olk-copy-source=\"MessageBody\">Podr\u0119cznik\u00a0<i>Plan kontroli\u00a0<\/i>(1. wydanie) jest ustandaryzowaniem najlepszych praktyk i ich opracowywaniu, stosowaniu i doskonaleniu. Dzi\u0119ki temu organizacje mog\u0105:<\/p>\n<ul type=\"disc\">\n<li>m\u00f3wi\u0107 wsp\u00f3lnym j\u0119zykiem w komunikacji z klientami i dostawcami,<\/li>\n<li>upro\u015bci\u0107 i uporz\u0105dkowa\u0107 plany kontroli,<\/li>\n<li>skuteczniej wizualizowa\u0107 oraz potwierdza\u0107 kontrol\u0119 wyrobu i procesu \u2013 zw\u0142aszcza w obszarze charakterystyk specjalnych.<\/li>\n<\/ul>\n<p>Podr\u0119cznik wspiera wymagania IATF 16949 oraz specyficzne wymagania klient\u00f3w, a sam plan kontroli stanowi kluczowy element APQP (Advanced Product Quality Planning) \u2013 od fazy prototypu, przez przedseryjn\u0105, a\u017c po produkcj\u0119 seryjn\u0105.<\/p>\n<p>W najnowszej edycji znalaz\u0142y si\u0119 m.in.:<\/p>\n<ul type=\"disc\">\n<li>wprowadzenie wymogu \u201eSafe Launch\u201d w fazach planu kontroli,<\/li>\n<li>przyk\u0142ady opracowywania plan\u00f3w dla wysoko zautomatyzowanych proces\u00f3w produkcyjnych,<\/li>\n<li>wytyczne dotycz\u0105ce wykorzystania oprogramowania do tworzenia i zarz\u0105dzania planami kontroli,<\/li>\n<li>zaktualizowane przyk\u0142ady, tabele, formularze i listy kontrolne wspieraj\u0105ce u\u017cytkownik\u00f3w.<\/li>\n<\/ul>","protected":false},"excerpt":{"rendered":"<p><b data-olk-copy-source=\"MessageBody\">Polish language version<\/b><br \/>\n<b>Data publikacji:<\/b>\u00a0marzec 2024<br \/>\n<b>Wersja:<\/b>\u00a01. wydanie<\/p>","protected":false},"featured_media":20951,"comment_status":"open","ping_status":"closed","template":"","meta":[],"product_brand":[],"product_cat":[93,37],"product_tag":[],"class_list":{"0":"post-20950","1":"product","2":"type-product","3":"status-publish","4":"has-post-thumbnail","6":"product_cat-publikacje-aiag","7":"product_cat-polskojezyczne","9":"first","10":"instock","11":"taxable","12":"shipping-taxable","13":"purchasable","14":"product-type-simple"},"meta_box":{"wyd_pdf_title":"","wyd_pdf":"","wyd_pdf_title_2":"","wyd_pdf_2":"","show_price_check":"0","free_gifts":[{"filesize":48256,"ID":"20626","name":"SF-Control-Plan-Checklist-Form.xlsx","path":"\/home\/u232910589\/domains\/wydawnictwo-sqda.pl\/public_html\/wp-content\/uploads\/2025\/01\/SF-Control-Plan-Checklist-Form.xlsx","url":"https:\/\/wydawnictwo-sqda.pl\/wp-content\/uploads\/2025\/01\/SF-Control-Plan-Checklist-Form.xlsx","title":"SF Control Plan Checklist Form"},{"filesize":22912,"ID":"20628","name":"SF-Control-Plan-Special-Characteristics-Worksheet-Form.xlsx","path":"\/home\/u232910589\/domains\/wydawnictwo-sqda.pl\/public_html\/wp-content\/uploads\/2025\/01\/SF-Control-Plan-Special-Characteristics-Worksheet-Form.xlsx","url":"https:\/\/wydawnictwo-sqda.pl\/wp-content\/uploads\/2025\/01\/SF-Control-Plan-Special-Characteristics-Worksheet-Form.xlsx","title":"SF Control Plan Special Characteristics Worksheet Form"},{"filesize":60437,"ID":"21334","name":"Plan-Kontroli_PL.xlsx","path":"\/home\/u232910589\/domains\/wydawnictwo-sqda.pl\/public_html\/wp-content\/uploads\/2025\/01\/Plan-Kontroli_PL.xlsx","url":"https:\/\/wydawnictwo-sqda.pl\/wp-content\/uploads\/2025\/01\/Plan-Kontroli_PL.xlsx","title":"Plan Kontroli_PL"}],"trans_content_long":"<p data-olk-copy-source=\"MessageBody\">Podr\u0119cznik\u00a0<i>Plan kontroli\u00a0<\/i>(1. wydanie) jest ustandaryzowaniem najlepszych praktyk i ich opracowywaniu, stosowaniu i doskonaleniu. Dzi\u0119ki temu organizacje mog\u0105:<\/p>\n<ul type=\"disc\">\n<li>m\u00f3wi\u0107 wsp\u00f3lnym j\u0119zykiem w komunikacji z klientami i dostawcami,<\/li>\n<li>upro\u015bci\u0107 i uporz\u0105dkowa\u0107 plany kontroli,<\/li>\n<li>skuteczniej wizualizowa\u0107 oraz potwierdza\u0107 kontrol\u0119 wyrobu i procesu \u2013 zw\u0142aszcza w obszarze charakterystyk specjalnych.<\/li>\n<\/ul>\n<p>Podr\u0119cznik wspiera wymagania IATF 16949 oraz specyficzne wymagania klient\u00f3w, a sam plan kontroli stanowi kluczowy element APQP (Advanced Product Quality Planning) \u2013 od fazy prototypu, przez przedseryjn\u0105, a\u017c po produkcj\u0119 seryjn\u0105.<\/p>\n<p>W najnowszej edycji znalaz\u0142y si\u0119 m.in.:<\/p>\n<ul type=\"disc\">\n<li>wprowadzenie wymogu \u201eSafe Launch\u201d w fazach planu kontroli,<\/li>\n<li>przyk\u0142ady opracowywania plan\u00f3w dla wysoko zautomatyzowanych proces\u00f3w produkcyjnych,<\/li>\n<li>wytyczne dotycz\u0105ce wykorzystania oprogramowania do tworzenia i zarz\u0105dzania planami kontroli,<\/li>\n<li>zaktualizowane przyk\u0142ady, tabele, formularze i listy kontrolne wspieraj\u0105ce u\u017cytkownik\u00f3w.<\/li>\n<\/ul>\n","trans_content_short":"<p><b data-olk-copy-source=\"MessageBody\">Wydanie w polskiej wersji j\u0119zykowej<\/b><br \/>\n<b>Data publikacji:<\/b>\u00a0marzec 2024<br \/>\n<b>Wersja:<\/b>\u00a01. wydanie<\/p>\n","id_wpisu":"","powiazane_szkolenia":""},"tiered_pricing_type":"fixed","tiered_pricing_fixed_rules":[],"tiered_pricing_product_settings":{"layout":"default","base_unit_name":{"singular":null,"plural":null},"default_variation":null},"tiered_pricing_minimum_quantity":null,"tiered_pricing_roles_data":[],"tiered_pricing_percentage_rules":[],"_links":{"self":[{"href":"https:\/\/wydawnictwo-sqda.pl\/en\/wp-json\/wp\/v2\/product\/20950","targetHints":{"allow":["GET"]}}],"collection":[{"href":"https:\/\/wydawnictwo-sqda.pl\/en\/wp-json\/wp\/v2\/product"}],"about":[{"href":"https:\/\/wydawnictwo-sqda.pl\/en\/wp-json\/wp\/v2\/types\/product"}],"replies":[{"embeddable":true,"href":"https:\/\/wydawnictwo-sqda.pl\/en\/wp-json\/wp\/v2\/comments?post=20950"}],"wp:featuredmedia":[{"embeddable":true,"href":"https:\/\/wydawnictwo-sqda.pl\/en\/wp-json\/wp\/v2\/media\/20951"}],"wp:attachment":[{"href":"https:\/\/wydawnictwo-sqda.pl\/en\/wp-json\/wp\/v2\/media?parent=20950"}],"wp:term":[{"taxonomy":"product_brand","embeddable":true,"href":"https:\/\/wydawnictwo-sqda.pl\/en\/wp-json\/wp\/v2\/product_brand?post=20950"},{"taxonomy":"product_cat","embeddable":true,"href":"https:\/\/wydawnictwo-sqda.pl\/en\/wp-json\/wp\/v2\/product_cat?post=20950"},{"taxonomy":"product_tag","embeddable":true,"href":"https:\/\/wydawnictwo-sqda.pl\/en\/wp-json\/wp\/v2\/product_tag?post=20950"}],"curies":[{"name":"wp","href":"https:\/\/api.w.org\/{rel}","templated":true}]}}