{"id":20828,"date":"2021-12-04T13:05:59","date_gmt":"2021-12-04T12:05:59","guid":{"rendered":"https:\/\/wydawnictwo-sqda.pl\/?post_type=product&#038;p=20828"},"modified":"2025-07-04T13:08:37","modified_gmt":"2025-07-04T11:08:37","slug":"przemysl-motoryzacyjny-wykaz-stosowanych-skrotow-branzowych-pl-ebook","status":"publish","type":"product","link":"https:\/\/wydawnictwo-sqda.pl\/en\/product\/przemysl-motoryzacyjny-wykaz-stosowanych-skrotow-branzowych-pl-ebook\/","title":{"rendered":"Przemys\u0142 motoryzacyjny &#8211; wykaz stosowanych skr\u00f3t\u00f3w bran\u017cowych (PL) &#8211; ebook"},"content":{"rendered":"<p>&#8222;Przemys\u0142 motoryzacyjny &#8211; wykaz stosowanych skr\u00f3t\u00f3w bran\u017cowych\u201d to kr\u00f3tki, przydatny w ka\u017cdym zak\u0142adzie bran\u017cy samochodowej spis akronim\u00f3w, z jakimi na co dzie\u0144 ma si\u0119 do czynienia. Tabelaryczne zestawienie, rozwini\u0119cie skr\u00f3tu w j\u0119zyku oryginalnym wraz z t\u0142umaczeniem na j\u0119zyk polski przyda si\u0119 nie tylko pocz\u0105tkuj\u0105cemu in\u017cynierowi, ale tak\u017ce ka\u017cdemu pracownikowi, kt\u00f3ry w swojej pracy korzysta ze specyficznych wymaga\u0144 i formularzy klient\u00f3w, czy te\u017c podr\u0119cznik\u00f3w referencyjnych i wielu innych. \u0179r\u00f3d\u0142em do stworzenia niniejszego wykazu by\u0142y m.in.: norma ISO 9000:2015, ISO 9001:2015, IATF 16949:2016, podr\u0119czniki referencyjne AIAG oraz VDA itd.<\/p>","protected":false},"excerpt":{"rendered":"<p>&#8222;Przemys\u0142 motoryzacyjny &#8211; wykaz stosowanych skr\u00f3t\u00f3w bran\u017cowych\u201d to kr\u00f3tki, przydatny w ka\u017cdym zak\u0142adzie bran\u017cy samochodowej spis akronim\u00f3w, z jakimi na co dzie\u0144 ma si\u0119 do czynienia. Tabelaryczne zestawienie, rozwini\u0119cie skr\u00f3tu w j\u0119zyku oryginalnym wraz z t\u0142umaczeniem na j\u0119zyk polski przyda si\u0119 nie tylko pocz\u0105tkuj\u0105cemu in\u017cynierowi, ale tak\u017ce ka\u017cdemu pracownikowi, kt\u00f3ry w swojej pracy korzysta ze [&hellip;]<\/p>\n","protected":false},"featured_media":20830,"comment_status":"open","ping_status":"closed","template":"","meta":[],"product_brand":[],"product_cat":[65,37,55,91],"product_tag":[],"class_list":{"0":"post-20828","1":"product","2":"type-product","3":"status-publish","4":"has-post-thumbnail","6":"product_cat-publikacje-sqd-alliance","7":"product_cat-polskojezyczne","8":"product_cat-e-book","9":"product_cat-bezplatne","11":"first","12":"instock","13":"downloadable","14":"virtual","15":"taxable","16":"purchasable","17":"product-type-simple"},"meta_box":{"wyd_pdf_title":"","wyd_pdf":"","wyd_pdf_title_2":"","wyd_pdf_2":"","show_price_check":"0","free_gifts":[],"trans_content_long":"","trans_content_short":"","id_wpisu":"","powiazane_szkolenia":""},"tiered_pricing_type":"fixed","tiered_pricing_fixed_rules":[],"tiered_pricing_product_settings":{"layout":"default","base_unit_name":{"singular":null,"plural":null},"default_variation":null},"tiered_pricing_minimum_quantity":null,"tiered_pricing_roles_data":[],"tiered_pricing_percentage_rules":[],"_links":{"self":[{"href":"https:\/\/wydawnictwo-sqda.pl\/en\/wp-json\/wp\/v2\/product\/20828","targetHints":{"allow":["GET"]}}],"collection":[{"href":"https:\/\/wydawnictwo-sqda.pl\/en\/wp-json\/wp\/v2\/product"}],"about":[{"href":"https:\/\/wydawnictwo-sqda.pl\/en\/wp-json\/wp\/v2\/types\/product"}],"replies":[{"embeddable":true,"href":"https:\/\/wydawnictwo-sqda.pl\/en\/wp-json\/wp\/v2\/comments?post=20828"}],"wp:featuredmedia":[{"embeddable":true,"href":"https:\/\/wydawnictwo-sqda.pl\/en\/wp-json\/wp\/v2\/media\/20830"}],"wp:attachment":[{"href":"https:\/\/wydawnictwo-sqda.pl\/en\/wp-json\/wp\/v2\/media?parent=20828"}],"wp:term":[{"taxonomy":"product_brand","embeddable":true,"href":"https:\/\/wydawnictwo-sqda.pl\/en\/wp-json\/wp\/v2\/product_brand?post=20828"},{"taxonomy":"product_cat","embeddable":true,"href":"https:\/\/wydawnictwo-sqda.pl\/en\/wp-json\/wp\/v2\/product_cat?post=20828"},{"taxonomy":"product_tag","embeddable":true,"href":"https:\/\/wydawnictwo-sqda.pl\/en\/wp-json\/wp\/v2\/product_tag?post=20828"}],"curies":[{"name":"wp","href":"https:\/\/api.w.org\/{rel}","templated":true}]}}