{"id":20821,"date":"2022-02-07T12:48:26","date_gmt":"2022-02-07T11:48:26","guid":{"rendered":"https:\/\/wydawnictwo-sqda.pl\/?post_type=product&#038;p=20821"},"modified":"2025-07-04T12:53:14","modified_gmt":"2025-07-04T10:53:14","slug":"faq-z-vda-6-32023-kawa-na-lawe","status":"publish","type":"product","link":"https:\/\/wydawnictwo-sqda.pl\/en\/product\/faq-z-vda-6-32023-kawa-na-lawe\/","title":{"rendered":"FAQ z VDA 6.3:2023 \u2013 KAWA NA \u0141AW\u0118"},"content":{"rendered":"<p>Zach\u0119camy do zapoznania si\u0119 z FAQ z VDA 6.3:2023 \u2013 KAWA NA \u0141AW\u0118. To seria pyta\u0144 i odpowiedzi dot. r\u00f3\u017cnych kwestii zwi\u0105zanych z uprawnieniami, mo\u017cliwo\u015bciami przeprowadzania audit\u00f3w, zmianami w wymaganiach dla auditor\u00f3w itd.<\/p>\n<p>O czym m.in. dowiesz si\u0119, czytaj\u0105c ten informator?<\/p>\n<ul>\n<li>Czy moje uprawnienia s\u0105 zamro\u017cone do momentu przej\u015bcia szkolenia aktualizacyjnego (ID 333)?<\/li>\n<li>Czy aplikacja VDA Analysis Tool zostanie dostosowana do wytycznych podr\u0119cznika VDA 6.3:2023?<\/li>\n<li>Kiedy spodziewana jest publikacja polskiej wersji j\u0119zykowej VDA 6.3:2023?<\/li>\n<\/ul>\n<p>\u2026i wiele ciekawostek!<\/p>","protected":false},"excerpt":{"rendered":"<p>Zach\u0119camy do zapoznania si\u0119 z FAQ z VDA 6.3:2023 \u2013 KAWA NA \u0141AW\u0118. To seria pyta\u0144 i odpowiedzi dot. r\u00f3\u017cnych kwestii zwi\u0105zanych z uprawnieniami, mo\u017cliwo\u015bciami przeprowadzania audit\u00f3w, zmianami w wymaganiach dla auditor\u00f3w itd. O czym m.in. dowiesz si\u0119, czytaj\u0105c ten informator? Czy moje uprawnienia s\u0105 zamro\u017cone do momentu przej\u015bcia szkolenia aktualizacyjnego (ID 333)? Czy aplikacja [&hellip;]<\/p>\n","protected":false},"featured_media":20823,"comment_status":"open","ping_status":"closed","template":"","meta":[],"product_brand":[],"product_cat":[65,37],"product_tag":[],"class_list":{"0":"post-20821","1":"product","2":"type-product","3":"status-publish","4":"has-post-thumbnail","6":"product_cat-publikacje-sqd-alliance","7":"product_cat-polskojezyczne","9":"first","10":"instock","11":"downloadable","12":"virtual","13":"taxable","14":"purchasable","15":"product-type-simple"},"meta_box":{"wyd_pdf_title":"","wyd_pdf":"","wyd_pdf_title_2":"","wyd_pdf_2":"","show_price_check":"0","free_gifts":[],"trans_content_long":"","trans_content_short":"","id_wpisu":"","powiazane_szkolenia":""},"tiered_pricing_type":"fixed","tiered_pricing_fixed_rules":[],"tiered_pricing_product_settings":{"layout":"default","base_unit_name":{"singular":null,"plural":null},"default_variation":null},"tiered_pricing_minimum_quantity":null,"tiered_pricing_roles_data":[],"tiered_pricing_percentage_rules":[],"_links":{"self":[{"href":"https:\/\/wydawnictwo-sqda.pl\/en\/wp-json\/wp\/v2\/product\/20821","targetHints":{"allow":["GET"]}}],"collection":[{"href":"https:\/\/wydawnictwo-sqda.pl\/en\/wp-json\/wp\/v2\/product"}],"about":[{"href":"https:\/\/wydawnictwo-sqda.pl\/en\/wp-json\/wp\/v2\/types\/product"}],"replies":[{"embeddable":true,"href":"https:\/\/wydawnictwo-sqda.pl\/en\/wp-json\/wp\/v2\/comments?post=20821"}],"wp:featuredmedia":[{"embeddable":true,"href":"https:\/\/wydawnictwo-sqda.pl\/en\/wp-json\/wp\/v2\/media\/20823"}],"wp:attachment":[{"href":"https:\/\/wydawnictwo-sqda.pl\/en\/wp-json\/wp\/v2\/media?parent=20821"}],"wp:term":[{"taxonomy":"product_brand","embeddable":true,"href":"https:\/\/wydawnictwo-sqda.pl\/en\/wp-json\/wp\/v2\/product_brand?post=20821"},{"taxonomy":"product_cat","embeddable":true,"href":"https:\/\/wydawnictwo-sqda.pl\/en\/wp-json\/wp\/v2\/product_cat?post=20821"},{"taxonomy":"product_tag","embeddable":true,"href":"https:\/\/wydawnictwo-sqda.pl\/en\/wp-json\/wp\/v2\/product_tag?post=20821"}],"curies":[{"name":"wp","href":"https:\/\/api.w.org\/{rel}","templated":true}]}}