{"id":20783,"date":"2025-06-25T14:28:20","date_gmt":"2025-06-25T12:28:20","guid":{"rendered":"https:\/\/wydawnictwo-sqda.pl\/?post_type=product&#038;p=20783"},"modified":"2025-06-25T14:31:29","modified_gmt":"2025-06-25T12:31:29","slug":"vda-6-8-prozessaudit-supply-chain","status":"publish","type":"product","link":"https:\/\/wydawnictwo-sqda.pl\/en\/product\/vda-6-8-prozessaudit-supply-chain\/","title":{"rendered":"VDA 6.8 &#8211; Prozessaudit Supply Chain"},"content":{"rendered":"<p>VDA 6.8 jest mi\u0119dzynarodowym standardem jako\u015bciowym maj\u0105cym na celu redukcj\u0119 ryzyk w ca\u0142ym \u0142a\u0144cuchu dostaw. S\u0142u\u017cy on standaryzacji, stabilizacji, optymalizacji i zabezpieczeniu proces\u00f3w logistycznych.<\/p>\n<p>Projektuj\u0105c ten tom uwzgl\u0119dnione zosta\u0142y specyficzne wymagania klient\u00f3w OEM, dostawc\u00f3w i us\u0142ugodawc\u00f3w logistycznych.<\/p>\n<p>VDA 6.8 wype\u0142nia luk\u0119, kt\u00f3ra powsta\u0142a po usuni\u0119ciu pyta\u0144 zwi\u0105zanych z us\u0142ugami (rozdzia\u0142 8) w VDA 6.3. Uwzgl\u0119dnione zosta\u0142y m.in. aktualne aspekty takie jak bezpiecze\u0144stwo informacji i wymagania ESG.<\/p>\n<p>Uwzgl\u0119dnione zosta\u0142y tak\u017ce wymagania z Global MMOG\/LE co sprawia, \u017ce VDA 6.8 i Global MMOG\/LE s\u0105 por\u00f3wnywalne pod wzgl\u0119dem tre\u015bci.<\/p>\n<p>Tom ten wpisuje si\u0119 w rodzin\u0119 VDA 6.x oraz koncentruje si\u0119 na \u0142a\u0144cuchu dostaw.<\/p>\n<p>Najwa\u017cniejszymi cechami VDA 6.8 s\u0105:<\/p>\n<ul type=\"disc\">\n<li>wyra\u017ana koncentracja na procesach \u0142a\u0144cucha dostaw<\/li>\n<li>zastosowanie systematyki \u017c\u00f3\u0142wia dla ca\u0142ego katalogu pyta\u0144<\/li>\n<li>ustrukturyzowane post\u0119powanie podczas analizy proces\u00f3w<\/li>\n<li>zastosowanie uznanej systematyki oceny<\/li>\n<li>wyznaczenie \u015bcie\u017cki krytycznej, w tym jasne regu\u0142y degradacji<\/li>\n<li>identyfikacja szczeg\u00f3lnych ryzyk w \u0142a\u0144cuchu dostaw<br \/>\n(tzw. *-pytania, tzn. pytania z gwiazdk\u0105)<\/li>\n<li>jednoznaczna prezentacja wynik\u00f3w oceny procesu (A, B lub C)<\/li>\n<li>globalna por\u00f3wnywalno\u015b\u0107 wynik\u00f3w dla proces\u00f3w \u0142a\u0144cucha dostaw<\/li>\n<li>analiza potencja\u0142u w celu oceny przydatno\u015bci nowych dostawc\u00f3w\/us\u0142ugodawc\u00f3w przed nominacj\u0105<\/li>\n<li>udost\u0119pnienie samooceny w celu oceny wewn\u0119trznej i wymiany z klientami<\/li>\n<\/ul>","protected":false},"excerpt":{"rendered":"<p><b><span data-olk-copy-source=\"MessageBody\">VDA 6.8 Audit procesu \u0142a\u0144cucha dostaw, <\/span><\/b><\/p>\n<p><b><span data-olk-copy-source=\"MessageBody\">Wydanie. 1, grudzie\u0144 2024<\/span><\/b><\/p>\n<p class=\"translation-block\">German language version.<\/p>\n<p class=\"translation-block\">The book is available on the client\u2019s request. The waiting time for delivery is up to 30 business days. The order is associated with an additional transport fee from external warehouse in the amount of 130 PLN net.<\/p>","protected":false},"featured_media":20784,"comment_status":"closed","ping_status":"closed","template":"","meta":[],"product_brand":[],"product_cat":[19,89],"product_tag":[],"class_list":{"0":"post-20783","1":"product","2":"type-product","3":"status-publish","4":"has-post-thumbnail","6":"product_cat-publikacje-vda","7":"product_cat-niemieckojezyczne","8":"product_shipping_class-nazamowienie","10":"first","11":"onbackorder","12":"taxable","13":"shipping-taxable","14":"purchasable","15":"product-type-simple"},"meta_box":{"wyd_pdf_title":"","wyd_pdf":"","wyd_pdf_title_2":"","wyd_pdf_2":"","show_price_check":"0","free_gifts":[],"trans_content_long":"<p>VDA 6.8 jest mi\u0119dzynarodowym standardem jako\u015bciowym maj\u0105cym na celu redukcj\u0119 ryzyk w ca\u0142ym \u0142a\u0144cuchu dostaw. S\u0142u\u017cy on standaryzacji, stabilizacji, optymalizacji i zabezpieczeniu proces\u00f3w logistycznych.<\/p>\n<p>Projektuj\u0105c ten tom uwzgl\u0119dnione zosta\u0142y specyficzne wymagania klient\u00f3w OEM, dostawc\u00f3w i us\u0142ugodawc\u00f3w logistycznych.<\/p>\n<p>VDA 6.8 wype\u0142nia luk\u0119, kt\u00f3ra powsta\u0142a po usuni\u0119ciu pyta\u0144 zwi\u0105zanych z us\u0142ugami (rozdzia\u0142 8) w VDA 6.3. Uwzgl\u0119dnione zosta\u0142y m.in. aktualne aspekty takie jak bezpiecze\u0144stwo informacji i wymagania ESG.<\/p>\n<p>Uwzgl\u0119dnione zosta\u0142y tak\u017ce wymagania z Global MMOG\/LE co sprawia, \u017ce VDA 6.8 i Global MMOG\/LE s\u0105 por\u00f3wnywalne pod wzgl\u0119dem tre\u015bci.<\/p>\n<p>Tom ten wpisuje si\u0119 w rodzin\u0119 VDA 6.x oraz koncentruje si\u0119 na \u0142a\u0144cuchu dostaw.<\/p>\n<p>Najwa\u017cniejszymi cechami VDA 6.8 s\u0105:<\/p>\n<ul type=\"disc\">\n<li>wyra\u017ana koncentracja na procesach \u0142a\u0144cucha dostaw<\/li>\n<li>zastosowanie systematyki \u017c\u00f3\u0142wia dla ca\u0142ego katalogu pyta\u0144<\/li>\n<li>ustrukturyzowane post\u0119powanie podczas analizy proces\u00f3w<\/li>\n<li>zastosowanie uznanej systematyki oceny<\/li>\n<li>wyznaczenie \u015bcie\u017cki krytycznej, w tym jasne regu\u0142y degradacji<\/li>\n<li>identyfikacja szczeg\u00f3lnych ryzyk w \u0142a\u0144cuchu dostaw<br \/>\n(tzw. *-pytania, tzn. pytania z gwiazdk\u0105)<\/li>\n<li>jednoznaczna prezentacja wynik\u00f3w oceny procesu (A, B lub C)<\/li>\n<li>globalna por\u00f3wnywalno\u015b\u0107 wynik\u00f3w dla proces\u00f3w \u0142a\u0144cucha dostaw<\/li>\n<li>analiza potencja\u0142u w celu oceny przydatno\u015bci nowych dostawc\u00f3w\/us\u0142ugodawc\u00f3w przed nominacj\u0105<\/li>\n<li>udost\u0119pnienie samooceny w celu oceny wewn\u0119trznej i wymiany z klientami<\/li>\n<\/ul>\n","trans_content_short":"<p><b><span data-olk-copy-source=\"MessageBody\">VDA 6.8 Audit procesu \u0142a\u0144cucha dostaw, <\/span><\/b><\/p>\n<p><b><span data-olk-copy-source=\"MessageBody\">Wydanie. 1, grudzie\u0144 2024<\/span><\/b><\/p>\n<p>Wersja w j\u0119zyku niemieckim<strong>.<\/strong><\/p>\n<p>Ksi\u0105\u017cka jest dost\u0119pna na zam\u00f3wienie klienta. Czas oczekiwania na dostaw\u0119 wynosi <strong>do 30 dni roboczych<\/strong>. Zam\u00f3wienie wi\u0105\u017ce si\u0119 z dodatkow\u0105 op\u0142at\u0105 transportow\u0105 z magazynu zagranicznego w wysoko\u015bci <strong>130 PLN netto<\/strong>.<\/p>\n","id_wpisu":"","powiazane_szkolenia":""},"tiered_pricing_type":"fixed","tiered_pricing_fixed_rules":[],"tiered_pricing_product_settings":{"layout":"default","base_unit_name":{"singular":null,"plural":null},"default_variation":null},"tiered_pricing_minimum_quantity":null,"tiered_pricing_roles_data":[],"tiered_pricing_percentage_rules":[],"_links":{"self":[{"href":"https:\/\/wydawnictwo-sqda.pl\/en\/wp-json\/wp\/v2\/product\/20783","targetHints":{"allow":["GET"]}}],"collection":[{"href":"https:\/\/wydawnictwo-sqda.pl\/en\/wp-json\/wp\/v2\/product"}],"about":[{"href":"https:\/\/wydawnictwo-sqda.pl\/en\/wp-json\/wp\/v2\/types\/product"}],"replies":[{"embeddable":true,"href":"https:\/\/wydawnictwo-sqda.pl\/en\/wp-json\/wp\/v2\/comments?post=20783"}],"wp:featuredmedia":[{"embeddable":true,"href":"https:\/\/wydawnictwo-sqda.pl\/en\/wp-json\/wp\/v2\/media\/20784"}],"wp:attachment":[{"href":"https:\/\/wydawnictwo-sqda.pl\/en\/wp-json\/wp\/v2\/media?parent=20783"}],"wp:term":[{"taxonomy":"product_brand","embeddable":true,"href":"https:\/\/wydawnictwo-sqda.pl\/en\/wp-json\/wp\/v2\/product_brand?post=20783"},{"taxonomy":"product_cat","embeddable":true,"href":"https:\/\/wydawnictwo-sqda.pl\/en\/wp-json\/wp\/v2\/product_cat?post=20783"},{"taxonomy":"product_tag","embeddable":true,"href":"https:\/\/wydawnictwo-sqda.pl\/en\/wp-json\/wp\/v2\/product_tag?post=20783"}],"curies":[{"name":"wp","href":"https:\/\/api.w.org\/{rel}","templated":true}]}}