{"id":20671,"date":"2025-05-16T08:58:58","date_gmt":"2025-05-16T06:58:58","guid":{"rendered":"https:\/\/wydawnictwo-sqda.pl\/?post_type=product&#038;p=20671"},"modified":"2026-04-09T10:08:07","modified_gmt":"2026-04-09T08:08:07","slug":"podrecznik-referencyjny-apqp-zaawansowane-planowanie-jakosci-wyrobu","status":"publish","type":"product","link":"https:\/\/wydawnictwo-sqda.pl\/en\/product\/podrecznik-referencyjny-apqp-zaawansowane-planowanie-jakosci-wyrobu\/","title":{"rendered":"Podr\u0119cznik referencyjny APQP \u2013 Zaawansowane Planowanie Jako\u015bci Wyrobu"},"content":{"rendered":"<p data-olk-copy-source=\"MessageBody\">Podr\u0119cznik APQP (Advanced Product Quality Planning) to kluczowe narz\u0119dzie stosowane w bran\u017cy motoryzacyjnej, wspieraj\u0105ce skuteczne zarz\u0105dzanie jako\u015bci\u0105 na wszystkich etapach cyklu \u017cycia wyrobu \u2013 od koncepcji, przez projektowanie, a\u017c po uruchomienie produkcji seryjnej.<\/p>\n<p>Opracowany i aktualizowany przez AIAG (Automotive Industry Action Group) dokument zawiera kompleksowe wytyczne dotycz\u0105ce planowania, monitorowania i kontrolowania proces\u00f3w produkcyjnych, tak aby spe\u0142nia\u0107 wymagania jako\u015bciowe klient\u00f3w oraz bran\u017cowe standardy.<\/p>\n<p>Zastosowanie metodyki APQP pozwala:<\/p>\n<ul>\n<li>\u00a0 skutecznie zarz\u0105dza\u0107 projektami w organizacji,<\/li>\n<li>\u00a0 minimalizowa\u0107 ryzyko wyst\u0119powania niezgodno\u015bci w procesie i produkcie,<\/li>\n<li>\u00a0 dostarcza\u0107 wyroby o wysokiej i powtarzalnej jako\u015bci.<\/li>\n<\/ul>\n<p>Trzecie wydanie podr\u0119cznika, opublikowane w marcu 2024 roku, zosta\u0142o oficjalnie przet\u0142umaczone przez Wydawnictwo SQDA na j\u0119zyk polski na licencji AIAG. Stanowi nieocenione \u017ar\u00f3d\u0142o wiedzy dla in\u017cynier\u00f3w jako\u015bci, kierownik\u00f3w projekt\u00f3w oraz wszystkich os\u00f3b zaanga\u017cowanych w rozw\u00f3j nowych wyrob\u00f3w w przemy\u015ble motoryzacyjnym.<\/p>","protected":false},"excerpt":{"rendered":"<p><span data-olk-copy-source=\"MessageBody\">Wydanie trzecie, marzec 2024<\/span><\/p>","protected":false},"featured_media":20673,"comment_status":"open","ping_status":"closed","template":"","meta":[],"product_brand":[],"product_cat":[37,93],"product_tag":[],"class_list":{"0":"post-20671","1":"product","2":"type-product","3":"status-publish","4":"has-post-thumbnail","6":"product_cat-polskojezyczne","7":"product_cat-publikacje-aiag","9":"first","10":"instock","11":"taxable","12":"shipping-taxable","13":"purchasable","14":"product-type-simple"},"meta_box":{"wyd_pdf_title":"","wyd_pdf":"","wyd_pdf_title_2":"","wyd_pdf_2":"","show_price_check":"0","free_gifts":[{"filesize":24505,"ID":"21344","name":"Zalacznik-D.xlsx","path":"\/home\/u232910589\/domains\/wydawnictwo-sqda.pl\/public_html\/wp-content\/uploads\/2025\/11\/Zalacznik-D.xlsx","url":"https:\/\/wydawnictwo-sqda.pl\/wp-content\/uploads\/2025\/11\/Zalacznik-D.xlsx","title":"Za\u0142\u0105cznik D"},{"filesize":86658,"ID":"21343","name":"Zalacznik-B.xlsx","path":"\/home\/u232910589\/domains\/wydawnictwo-sqda.pl\/public_html\/wp-content\/uploads\/2025\/11\/Zalacznik-B.xlsx","url":"https:\/\/wydawnictwo-sqda.pl\/wp-content\/uploads\/2025\/11\/Zalacznik-B.xlsx","title":"Za\u0142\u0105cznik B"},{"filesize":76361,"ID":"21342","name":"Zalacznik-A.xlsx","path":"\/home\/u232910589\/domains\/wydawnictwo-sqda.pl\/public_html\/wp-content\/uploads\/2025\/11\/Zalacznik-A.xlsx","url":"https:\/\/wydawnictwo-sqda.pl\/wp-content\/uploads\/2025\/11\/Zalacznik-A.xlsx","title":"Za\u0142\u0105cznik A"},{"filesize":46749,"ID":"21341","name":"Zalacznik-E.xlsx","path":"\/home\/u232910589\/domains\/wydawnictwo-sqda.pl\/public_html\/wp-content\/uploads\/2025\/11\/Zalacznik-E.xlsx","url":"https:\/\/wydawnictwo-sqda.pl\/wp-content\/uploads\/2025\/11\/Zalacznik-E.xlsx","title":"Za\u0142\u0105cznik E"}],"trans_content_long":"<p>The APQP (Advanced Product Quality Planning) manual is a key tool used in the automotive industry to support effective quality management at all stages of the product life cycle \u2013 from concept and design to series production.<\/p>\n<p>Developed and updated by the AIAG (Automotive Industry Action Group), the document provides comprehensive guidelines for planning, monitoring, and controlling manufacturing processes to meet customer quality requirements and industry standards.<\/p>\n<p>The application of the APQP methodology allows you to:<\/p>\n<ul>\n<li>effectively manage projects within your organization,<\/li>\n<li>minimize the risk of process and product non-conformities,<\/li>\n<li>deliver products of high and consistent quality.<\/li>\n<\/ul>\n<p>The third edition of the manual, published in March 2024, has been officially translated into Polish by SQDA Publishing under license from AIAG. It is an invaluable source of knowledge for quality engineers, project managers, and all those involved in the development of new products in the automotive industry.<\/p>\n","trans_content_short":"<p>Third edition, March 2024<\/p>\n","id_wpisu":"","powiazane_szkolenia":""},"tiered_pricing_type":"fixed","tiered_pricing_fixed_rules":[],"tiered_pricing_product_settings":{"layout":"default","base_unit_name":{"singular":null,"plural":null},"default_variation":null},"tiered_pricing_minimum_quantity":null,"tiered_pricing_roles_data":[],"tiered_pricing_percentage_rules":[],"_links":{"self":[{"href":"https:\/\/wydawnictwo-sqda.pl\/en\/wp-json\/wp\/v2\/product\/20671","targetHints":{"allow":["GET"]}}],"collection":[{"href":"https:\/\/wydawnictwo-sqda.pl\/en\/wp-json\/wp\/v2\/product"}],"about":[{"href":"https:\/\/wydawnictwo-sqda.pl\/en\/wp-json\/wp\/v2\/types\/product"}],"replies":[{"embeddable":true,"href":"https:\/\/wydawnictwo-sqda.pl\/en\/wp-json\/wp\/v2\/comments?post=20671"}],"wp:featuredmedia":[{"embeddable":true,"href":"https:\/\/wydawnictwo-sqda.pl\/en\/wp-json\/wp\/v2\/media\/20673"}],"wp:attachment":[{"href":"https:\/\/wydawnictwo-sqda.pl\/en\/wp-json\/wp\/v2\/media?parent=20671"}],"wp:term":[{"taxonomy":"product_brand","embeddable":true,"href":"https:\/\/wydawnictwo-sqda.pl\/en\/wp-json\/wp\/v2\/product_brand?post=20671"},{"taxonomy":"product_cat","embeddable":true,"href":"https:\/\/wydawnictwo-sqda.pl\/en\/wp-json\/wp\/v2\/product_cat?post=20671"},{"taxonomy":"product_tag","embeddable":true,"href":"https:\/\/wydawnictwo-sqda.pl\/en\/wp-json\/wp\/v2\/product_tag?post=20671"}],"curies":[{"name":"wp","href":"https:\/\/api.w.org\/{rel}","templated":true}]}}