{"id":20644,"date":"2025-05-08T15:51:07","date_gmt":"2025-05-08T13:51:07","guid":{"rendered":"https:\/\/wydawnictwo-sqda.pl\/?post_type=product&#038;p=20644"},"modified":"2025-05-09T09:28:12","modified_gmt":"2025-05-09T07:28:12","slug":"good-morning-automotive-numer-4","status":"publish","type":"product","link":"https:\/\/wydawnictwo-sqda.pl\/en\/product\/good-morning-automotive-numer-4\/","title":{"rendered":"Good morning automotive \u2013 numer 4"},"content":{"rendered":"<p class=\"x_MsoNormal\" data-olk-copy-source=\"MessageBody\">Z rado\u015bci\u0105 prezentujemy najnowsze wydanie bran\u017cowego czasopisma\u00a0<i>Good morning automotive<\/i>, b\u0119d\u0105cego kontynuacj\u0105 magazynu SQDA Events. Nowa szata graficzna, \u015bwie\u017ca energia i jeszcze wi\u0119cej praktycznych tre\u015bci!<\/p>\n<p class=\"x_MsoNormal\"><b>Co znajdziesz w tym numerze?<\/b><\/p>\n<ul type=\"disc\">\n<li class=\"x_MsoNormal\">Podr\u0119cznik APQP w polskim t\u0142umaczeniu \u2013 jakie zmiany wprowadza najnowsza wersja?<\/li>\n<li class=\"x_MsoNormal\">Norma ISO 50001 \u2013 jak i po co anga\u017cowa\u0107 kierownictwo w procesy zwi\u0105zane z efektywnym wykorzystaniem energii?<\/li>\n<li class=\"x_MsoNormal\">Nowo\u015bci wydawnicze AIAG i VDA<\/li>\n<li class=\"x_MsoNormal\">Dyrektywa CSDDD \u2013 kto i kiedy musi dostosowa\u0107 si\u0119 do nowych obowi\u0105zk\u00f3w?<\/li>\n<li class=\"x_MsoNormal\">Wymagania ESG \u2013 G jak \u0142ad korporacyjny i zarz\u0105dzanie korporacyjne<\/li>\n<\/ul>\n<p class=\"x_MsoNormal\"><i>Good morning automotive<\/i>\u00a0to bezp\u0142atny magazyn dost\u0119pny w wersji elektronicznej. Mo\u017cna go r\u00f3wnie\u017c drukowa\u0107 i wykorzystywa\u0107 w wersji papierowej w firmach \u2013 to doskona\u0142e narz\u0119dzie do dzielenia si\u0119 wiedz\u0105. Idealnie sprawdzi si\u0119 podczas szkole\u0144, spotka\u0144 zespo\u0142owych oraz jako codzienna inspiracja w miejscu pracy.<\/p>\n<p class=\"x_MsoNormal\">Zapraszamy do lektury i wsp\u00f3lnego poszerzania wiedzy na tematy zwi\u0105zane z bran\u017c\u0105 motoryzacyjn\u0105.<\/p>","protected":false},"excerpt":{"rendered":"<p>Z rado\u015bci\u0105 prezentujemy najnowsze wydanie bran\u017cowego czasopisma\u00a0Good morning automotive, b\u0119d\u0105cego kontynuacj\u0105 magazynu SQDA Events. Nowa szata graficzna, \u015bwie\u017ca energia i jeszcze wi\u0119cej praktycznych tre\u015bci! Co znajdziesz w tym numerze? Podr\u0119cznik APQP w polskim t\u0142umaczeniu \u2013 jakie zmiany wprowadza najnowsza wersja? Norma ISO 50001 \u2013 jak i po co anga\u017cowa\u0107 kierownictwo w procesy zwi\u0105zane z efektywnym [&hellip;]<\/p>\n","protected":false},"featured_media":20645,"comment_status":"open","ping_status":"closed","template":"","meta":[],"product_brand":[],"product_cat":[94],"product_tag":[],"class_list":{"0":"post-20644","1":"product","2":"type-product","3":"status-publish","4":"has-post-thumbnail","6":"product_cat-czasopismo","8":"first","9":"instock","10":"downloadable","11":"virtual","12":"taxable","13":"purchasable","14":"product-type-simple"},"meta_box":{"wyd_pdf_title":"","wyd_pdf":"","wyd_pdf_title_2":"","wyd_pdf_2":"","show_price_check":"0","free_gifts":[],"trans_content_long":"","trans_content_short":"","id_wpisu":"","powiazane_szkolenia":""},"tiered_pricing_type":"fixed","tiered_pricing_fixed_rules":[],"tiered_pricing_product_settings":{"layout":"default","base_unit_name":{"singular":null,"plural":null},"default_variation":null},"tiered_pricing_minimum_quantity":null,"tiered_pricing_roles_data":[],"tiered_pricing_percentage_rules":[],"_links":{"self":[{"href":"https:\/\/wydawnictwo-sqda.pl\/en\/wp-json\/wp\/v2\/product\/20644","targetHints":{"allow":["GET"]}}],"collection":[{"href":"https:\/\/wydawnictwo-sqda.pl\/en\/wp-json\/wp\/v2\/product"}],"about":[{"href":"https:\/\/wydawnictwo-sqda.pl\/en\/wp-json\/wp\/v2\/types\/product"}],"replies":[{"embeddable":true,"href":"https:\/\/wydawnictwo-sqda.pl\/en\/wp-json\/wp\/v2\/comments?post=20644"}],"wp:featuredmedia":[{"embeddable":true,"href":"https:\/\/wydawnictwo-sqda.pl\/en\/wp-json\/wp\/v2\/media\/20645"}],"wp:attachment":[{"href":"https:\/\/wydawnictwo-sqda.pl\/en\/wp-json\/wp\/v2\/media?parent=20644"}],"wp:term":[{"taxonomy":"product_brand","embeddable":true,"href":"https:\/\/wydawnictwo-sqda.pl\/en\/wp-json\/wp\/v2\/product_brand?post=20644"},{"taxonomy":"product_cat","embeddable":true,"href":"https:\/\/wydawnictwo-sqda.pl\/en\/wp-json\/wp\/v2\/product_cat?post=20644"},{"taxonomy":"product_tag","embeddable":true,"href":"https:\/\/wydawnictwo-sqda.pl\/en\/wp-json\/wp\/v2\/product_tag?post=20644"}],"curies":[{"name":"wp","href":"https:\/\/api.w.org\/{rel}","templated":true}]}}