{"id":20546,"date":"2025-04-09T09:58:49","date_gmt":"2025-04-09T07:58:49","guid":{"rendered":"https:\/\/wydawnictwo-sqda.pl\/?post_type=product&#038;p=20546"},"modified":"2026-03-19T14:11:14","modified_gmt":"2026-03-19T13:11:14","slug":"struktura-wymagan-branzy-motoryzacyjnej-dotyczaca-zarzadzania-jakoscia-podstawy-mini-przewodnik-oraz-dwujezyczny-wykaz-skrotow","status":"publish","type":"product","link":"https:\/\/wydawnictwo-sqda.pl\/en\/product\/struktura-wymagan-branzy-motoryzacyjnej-dotyczaca-zarzadzania-jakoscia-podstawy-mini-przewodnik-oraz-dwujezyczny-wykaz-skrotow\/","title":{"rendered":"Struktura wymaga\u0144 bran\u017cy motoryzacyjnej dotycz\u0105ca zarz\u0105dzania jako\u015bci\u0105 \u2013 podstawy. Mini przewodnik oraz dwuj\u0119zyczny wykaz skr\u00f3t\u00f3w."},"content":{"rendered":"<p>Przedstawiamy Pa\u0144stwu broszur\u0119 w formie mini przewodnika, kt\u00f3ry w przyst\u0119pny spos\u00f3b wprowadza w podstawowe zagadnienia jako\u015bciowe w bran\u017cy motoryzacyjnej. To idealne narz\u0119dzie dla os\u00f3b rozpoczynaj\u0105cych prac\u0119 na stanowiskach zwi\u0105zanych z jako\u015bci\u0105 oraz dla tych, kt\u00f3rzy chc\u0105 szerzy\u0107 wiedz\u0119 na temat kluczowych wymaga\u0144 jako\u015bciowych.<\/p>\n<p>Mini przewodnik omawia najwa\u017cniejsze standardy i metody stosowane w zarz\u0105dzaniu jako\u015bci\u0105 w motoryzacji, w tym:<\/p>\n<ul>\n<li>IATF oraz Standard IATF 16949,<\/li>\n<li>Organizacje bran\u017cowe: AIAG i VDA,<\/li>\n<li>Kluczowe metody jako\u015bci,<\/li>\n<li>Specyficzne wymagania klient\u00f3w (CSR).<\/li>\n<\/ul>\n<p>Zawiera ona r\u00f3wnie\u017c dwuj\u0119zyczny wykaz skr\u00f3t\u00f3w bran\u017cowych, kt\u00f3ry u\u0142atwia zrozumienie terminologii u\u017cywanej w automotive.<\/p>\n<p>Dzi\u0119ki swojemu kompaktowemu formatowi, broszura doskonale sprawdzi si\u0119 jako pomocne narz\u0119dzie podczas audit\u00f3w, na stanowisku pracy czy w codziennej pracy.<\/p>\n<p>Zach\u0119camy do zapoznania si\u0119 z naszym mini przewodnikiem i wzbogacenia swojej wiedzy w zakresie jako\u015bci w bran\u017cy automotive!<\/p>","protected":false},"excerpt":{"rendered":"<p>Przedstawiamy Pa\u0144stwu broszur\u0119 w formie mini przewodnika, kt\u00f3ry w przyst\u0119pny spos\u00f3b wprowadza w podstawowe zagadnienia jako\u015bciowe w bran\u017cy motoryzacyjnej. To idealne narz\u0119dzie dla os\u00f3b rozpoczynaj\u0105cych prac\u0119 na stanowiskach zwi\u0105zanych z jako\u015bci\u0105 oraz dla tych, kt\u00f3rzy chc\u0105 szerzy\u0107 wiedz\u0119 na temat kluczowych wymaga\u0144 jako\u015bciowych. Mini przewodnik omawia najwa\u017cniejsze standardy i metody stosowane w zarz\u0105dzaniu jako\u015bci\u0105 w [&hellip;]<\/p>\n","protected":false},"featured_media":20574,"comment_status":"open","ping_status":"closed","template":"","meta":[],"product_brand":[],"product_cat":[37,65],"product_tag":[],"class_list":{"0":"post-20546","1":"product","2":"type-product","3":"status-publish","4":"has-post-thumbnail","6":"product_cat-polskojezyczne","7":"product_cat-publikacje-sqd-alliance","9":"first","10":"instock","11":"taxable","12":"shipping-taxable","13":"purchasable","14":"product-type-simple"},"meta_box":{"wyd_pdf_title":"","wyd_pdf":"","wyd_pdf_title_2":"","wyd_pdf_2":"","show_price_check":"0","free_gifts":[],"trans_content_long":"","trans_content_short":"","id_wpisu":"","powiazane_szkolenia":""},"tiered_pricing_type":"fixed","tiered_pricing_fixed_rules":[],"tiered_pricing_product_settings":{"layout":"default","base_unit_name":{"singular":null,"plural":null},"default_variation":null},"tiered_pricing_minimum_quantity":null,"tiered_pricing_roles_data":[],"tiered_pricing_percentage_rules":[],"_links":{"self":[{"href":"https:\/\/wydawnictwo-sqda.pl\/en\/wp-json\/wp\/v2\/product\/20546","targetHints":{"allow":["GET"]}}],"collection":[{"href":"https:\/\/wydawnictwo-sqda.pl\/en\/wp-json\/wp\/v2\/product"}],"about":[{"href":"https:\/\/wydawnictwo-sqda.pl\/en\/wp-json\/wp\/v2\/types\/product"}],"replies":[{"embeddable":true,"href":"https:\/\/wydawnictwo-sqda.pl\/en\/wp-json\/wp\/v2\/comments?post=20546"}],"wp:featuredmedia":[{"embeddable":true,"href":"https:\/\/wydawnictwo-sqda.pl\/en\/wp-json\/wp\/v2\/media\/20574"}],"wp:attachment":[{"href":"https:\/\/wydawnictwo-sqda.pl\/en\/wp-json\/wp\/v2\/media?parent=20546"}],"wp:term":[{"taxonomy":"product_brand","embeddable":true,"href":"https:\/\/wydawnictwo-sqda.pl\/en\/wp-json\/wp\/v2\/product_brand?post=20546"},{"taxonomy":"product_cat","embeddable":true,"href":"https:\/\/wydawnictwo-sqda.pl\/en\/wp-json\/wp\/v2\/product_cat?post=20546"},{"taxonomy":"product_tag","embeddable":true,"href":"https:\/\/wydawnictwo-sqda.pl\/en\/wp-json\/wp\/v2\/product_tag?post=20546"}],"curies":[{"name":"wp","href":"https:\/\/api.w.org\/{rel}","templated":true}]}}