{"id":20420,"date":"2025-02-20T11:34:02","date_gmt":"2025-02-20T10:34:02","guid":{"rendered":"https:\/\/wydawnictwo-sqda.pl\/?post_type=product&#038;p=20420"},"modified":"2025-02-20T11:34:02","modified_gmt":"2025-02-20T10:34:02","slug":"zarzadzanie-kampaniami-nawrotowymi-przy-zastosowaniu-aktualizacji-bezprzewodowych-ota-over-the-air","status":"publish","type":"product","link":"https:\/\/wydawnictwo-sqda.pl\/en\/product\/zarzadzanie-kampaniami-nawrotowymi-przy-zastosowaniu-aktualizacji-bezprzewodowych-ota-over-the-air\/","title":{"rendered":"Zarz\u0105dzanie kampaniami nawrotowymi przy zastosowaniu aktualizacji bezprzewodowych OTA (over-the-air)"},"content":{"rendered":"<p>W niniejszym tomie VDA opisano zalecenia dotycz\u0105ce zarz\u0105dzania kampaniami nawrotowymi wyrob\u00f3w przy u\u017cyciu aktualizacji OTA, kt\u00f3re maj\u0105 na celu zapewnienie bezpiecze\u0144stwa i zgodno\u015bci wyrobu w przypadku niezgodno\u015bci wyrob\u00f3w w pojazdach.<br \/>\nZalecenia te mog\u0105 by\u0107 stosowane przez producent\u00f3w pojazd\u00f3w, dostawc\u00f3w i us\u0142ugodawc\u00f3w, kt\u00f3rzy s\u0105 zaanga\u017cowani w ten proces. Opisy proces\u00f3w uzupe\u0142niono przyk\u0142adami zastosowa\u0144. Celem tego tomu jest ustanowienie jednolitej w ca\u0142ej bran\u017cy podstawy komunikacji i wsp\u00f3lnego zrozumienia minimalnych wymaga\u0144 dotycz\u0105cych wdro\u017cenia zarz\u0105dzania kampaniami nawrotowymi za pomoc\u0105 aktualizacji OTA.<\/p>\n<p>Obecnie trwa proces wcielania publikacji VDA OTA do tomu 'VDA Integralno\u015b\u0107 wyrobu&#8217; jako jego sz\u00f3sty rozdzia\u0142.<\/p>","protected":false},"excerpt":{"rendered":"<p>Zarz\u0105dzanie kampaniami nawrotowymi przy zastosowaniu aktualizacji bezprzewodowych OTA (over-the-air)<\/p>\n<p>Polska wersja j\u0119zykowa<\/p>\n<p>Wydanie pierwsze, lipiec 2020<\/p>","protected":false},"featured_media":20422,"comment_status":"open","ping_status":"closed","template":"","meta":[],"product_brand":[],"product_cat":[37,19,55],"product_tag":[],"class_list":{"0":"post-20420","1":"product","2":"type-product","3":"status-publish","4":"has-post-thumbnail","6":"product_cat-polskojezyczne","7":"product_cat-publikacje-vda","8":"product_cat-e-book","10":"first","11":"instock","12":"downloadable","13":"virtual","14":"taxable","15":"purchasable","16":"product-type-simple"},"meta_box":{"wyd_pdf_title":"","wyd_pdf":"","wyd_pdf_title_2":"","wyd_pdf_2":"","show_price_check":"0","free_gifts":[],"trans_content_long":"","trans_content_short":"","id_wpisu":"","powiazane_szkolenia":""},"tiered_pricing_type":"fixed","tiered_pricing_fixed_rules":[],"tiered_pricing_product_settings":{"layout":"default","base_unit_name":{"singular":null,"plural":null},"default_variation":null},"tiered_pricing_minimum_quantity":null,"tiered_pricing_roles_data":[],"tiered_pricing_percentage_rules":[],"_links":{"self":[{"href":"https:\/\/wydawnictwo-sqda.pl\/en\/wp-json\/wp\/v2\/product\/20420","targetHints":{"allow":["GET"]}}],"collection":[{"href":"https:\/\/wydawnictwo-sqda.pl\/en\/wp-json\/wp\/v2\/product"}],"about":[{"href":"https:\/\/wydawnictwo-sqda.pl\/en\/wp-json\/wp\/v2\/types\/product"}],"replies":[{"embeddable":true,"href":"https:\/\/wydawnictwo-sqda.pl\/en\/wp-json\/wp\/v2\/comments?post=20420"}],"wp:featuredmedia":[{"embeddable":true,"href":"https:\/\/wydawnictwo-sqda.pl\/en\/wp-json\/wp\/v2\/media\/20422"}],"wp:attachment":[{"href":"https:\/\/wydawnictwo-sqda.pl\/en\/wp-json\/wp\/v2\/media?parent=20420"}],"wp:term":[{"taxonomy":"product_brand","embeddable":true,"href":"https:\/\/wydawnictwo-sqda.pl\/en\/wp-json\/wp\/v2\/product_brand?post=20420"},{"taxonomy":"product_cat","embeddable":true,"href":"https:\/\/wydawnictwo-sqda.pl\/en\/wp-json\/wp\/v2\/product_cat?post=20420"},{"taxonomy":"product_tag","embeddable":true,"href":"https:\/\/wydawnictwo-sqda.pl\/en\/wp-json\/wp\/v2\/product_tag?post=20420"}],"curies":[{"name":"wp","href":"https:\/\/api.w.org\/{rel}","templated":true}]}}