{"id":20395,"date":"2025-02-13T08:27:05","date_gmt":"2025-02-13T07:27:05","guid":{"rendered":"https:\/\/wydawnictwo-sqda.pl\/?post_type=product&#038;p=20395"},"modified":"2026-04-10T12:20:15","modified_gmt":"2026-04-10T10:20:15","slug":"vda-5-procesy-pomiarowe-i-kontrolne","status":"publish","type":"product","link":"https:\/\/wydawnictwo-sqda.pl\/en\/product\/vda-5-procesy-pomiarowe-i-kontrolne\/","title":{"rendered":"VDA 5 Procesy pomiarowe i kontrolne"},"content":{"rendered":"<p class=\"x_MsoNormal\">Po ponad dekadzie nadszed\u0142 czas na gruntown\u0105 rewizj\u0119 podr\u0119cznika referencyjnego dotycz\u0105cego przydatno\u015bci proces\u00f3w pomiarowych i kontrolnych. Aby osi\u0105gn\u0105\u0107 lepsz\u0105 stosowalno\u015b\u0107 standardu w praktyce i lepsze zrozumienie metodyki przez u\u017cytkownika, skupiono si\u0119 na stworzeniu trzeciego wydania tomu VDA 5, z nowym tytu\u0142em: \u201eProcesy pomiarowe i kontrolne, przydatno\u015b\u0107, planowanie i zarz\u0105dzanie\u201d. VDA Tom 5 zosta\u0142 ca\u0142kowicie poprawiony przez VDA QMC\u00a0 i zaktualizowany o wskaz\u00f3wki dotycz\u0105ce wprowadzonych zmian w stosunku do wydania z 2011 roku. Aktualne zmiany w normach i post\u0119p techniczny zosta\u0142y uwzgl\u0119dnione w niniejszym wydaniu (\u2026)<\/p>\n<p class=\"x_MsoNormal\">W trzecim wydaniu dodano nast\u0119puj\u0105ce aspekty:<\/p>\n<ul type=\"disc\">\n<li class=\"x_MsoNormal\">Sprecyzowanie poj\u0119\u0107 i definicji na podstawie VIM i ISO 3534-1<\/li>\n<li class=\"x_MsoNormal\">Przejrzysto\u015b\u0107 w procesie od planowania systemu pomiarowego do przydatno\u015bci proces\u00f3w pomiarowych i kontrolnych<\/li>\n<li class=\"x_MsoNormal\">Strategie harmonizacji z AIAG Core Tool MSA (wydanie czwarte)<\/li>\n<li class=\"x_MsoNormal\">Zalecenia dotycz\u0105ce zam\u00f3wie\u0144 system\u00f3w pomiarowych (np. specyfikacje istotnych warunk\u00f3w zam\u00f3wienia)<\/li>\n<li class=\"x_MsoNormal\">Mo\u017cliwo\u015b\u0107 przenoszenia dowod\u00f3w przydatno\u015bci<\/li>\n<li class=\"x_MsoNormal\">Post\u0119powanie z nieodpowiednimi systemami\/procesami pomiarowymi<\/li>\n<li class=\"x_MsoNormal\">Post\u0119powanie z ma\u0142ymi tolerancjami (\u201eDok\u0142adne tolerancje\u201d, skr\u00f3t \u201eFT\u201d, regulacja FT)<\/li>\n<li class=\"x_MsoNormal\">Post\u0119powanie w przypadku niewystarczaj\u0105cej liczebno\u015bci pr\u00f3by w badaniach \u201esystemu pomiarowego\u201d i \u201eprocesu pomiarowego\u201d<\/li>\n<li class=\"x_MsoNormal\">Post\u0119powanie w przypadku ma\u0142ych serii w produkcji przedseryjnej i partii produkcyjnych w rozwoju i produkcji<\/li>\n<li class=\"x_MsoNormal\">Uwzgl\u0119dnienie i ocena bie\u017c\u0105cej przydatno\u015bci poprzez pomiary stabilno\u015bci<\/li>\n<\/ul>\n<p class=\"x_MsoNormal\">Metody obliczania niepewno\u015bci pomiarowej pozostawiono w du\u017cej mierze bez zmian, z wyj\u0105tkiem korekt wska\u017anik\u00f3w i obliczania liniowo\u015bci. Obliczenia uzupe\u0142niono o ma\u0142e tolerancje, tolerancje jednostronne oraz procedury oblicze\u0144 atrybutywnych<\/p>\n<p class=\"x_MsoNormal\">[\u2026] por\u00f3wnanie tytu\u0142\u00f3w rozdzia\u0142\u00f3w starych i nowych wymaga\u0144 normy EN ISO 9001 wskazuje na znacz\u0105ce r\u00f3\u017cnice w zakresie post\u0119powania z \u015brodkami kontrolno-pomiarowymi. Poprzednio poprzestano jedynie na \u201enadzorze nad wyposa\u017ceniem do monitorowania i pomiar\u00f3w\u201d, a od 2015 roku ISO 9001 m\u00f3wi o \u201ezasobach do monitorowania i pomiar\u00f3w\u201d. To pokazuje wyra\u017anie, \u017ce nie chodzi tylko o sprz\u0119t monitoruj\u0105cy i pomiarowy, ale o wszystkie niezb\u0119dne zasoby, od warunk\u00f3w przestrzennych, przez odpowiednio przeszkolony personel, odpowiednie \u015brodki kontrolne, sprz\u0119t pomiarowy wraz z oprogramowaniem, po niezb\u0119dne pomoce i metody, kt\u00f3re maj\u0105 wp\u0142yw na uzyskanie wa\u017cnych i wiarygodnych wynik\u00f3w monitorowania i pomiar\u00f3w. Wszystko to musi odpowiada\u0107 celowi zgodno\u015bci wyrob\u00f3w, a tak\u017ce us\u0142ug, tj. nale\u017cy zapewni\u0107, aby klientowi dostarcza\u0107 tylko zagwarantowan\u0105 jako\u015b\u0107.<\/p>\n","protected":false},"excerpt":{"rendered":"<p>VDA 5 Procesy pomiarowe i kontrolne.<\/p>\n<p>Wydanie trzecie, poprawione, lipiec 2021<\/p>\n<p><strong>Wersja w j\u0119zyku polskim.<\/strong><\/p>","protected":false},"featured_media":20399,"comment_status":"open","ping_status":"closed","template":"","meta":[],"product_brand":[],"product_cat":[19,37],"product_tag":[],"class_list":{"0":"post-20395","1":"product","2":"type-product","3":"status-publish","4":"has-post-thumbnail","6":"product_cat-publikacje-vda","7":"product_cat-polskojezyczne","9":"first","10":"instock","11":"taxable","12":"shipping-taxable","13":"purchasable","14":"product-type-simple"},"meta_box":{"wyd_pdf_title":"","wyd_pdf":"","wyd_pdf_title_2":"","wyd_pdf_2":"","show_price_check":"0","free_gifts":[],"trans_content_long":"<p class=\"x_MsoNormal\">Po ponad dekadzie nadszed\u0142 czas na gruntown\u0105 rewizj\u0119 podr\u0119cznika referencyjnego dotycz\u0105cego przydatno\u015bci proces\u00f3w pomiarowych i kontrolnych. Aby osi\u0105gn\u0105\u0107 lepsz\u0105 stosowalno\u015b\u0107 standardu w praktyce i lepsze zrozumienie metodyki przez u\u017cytkownika, skupiono si\u0119 na stworzeniu trzeciego wydania tomu VDA 5, z nowym tytu\u0142em: \u201eProcesy pomiarowe i kontrolne, przydatno\u015b\u0107, planowanie i zarz\u0105dzanie\u201d. VDA Tom 5 zosta\u0142 ca\u0142kowicie poprawiony przez VDA QMC\u00a0 i zaktualizowany o wskaz\u00f3wki dotycz\u0105ce wprowadzonych zmian w stosunku do wydania z 2011 roku. Aktualne zmiany w normach i post\u0119p techniczny zosta\u0142y uwzgl\u0119dnione w niniejszym wydaniu (\u2026)<\/p>\n<p class=\"x_MsoNormal\">W trzecim wydaniu dodano nast\u0119puj\u0105ce aspekty:<\/p>\n<ul type=\"disc\">\n<li class=\"x_MsoNormal\">Sprecyzowanie poj\u0119\u0107 i definicji na podstawie VIM i ISO 3534-1<\/li>\n<li class=\"x_MsoNormal\">Przejrzysto\u015b\u0107 w procesie od planowania systemu pomiarowego do przydatno\u015bci proces\u00f3w pomiarowych i kontrolnych<\/li>\n<li class=\"x_MsoNormal\">Strategie harmonizacji z AIAG Core Tool MSA (wydanie czwarte)<\/li>\n<li class=\"x_MsoNormal\">Zalecenia dotycz\u0105ce zam\u00f3wie\u0144 system\u00f3w pomiarowych (np. specyfikacje istotnych warunk\u00f3w zam\u00f3wienia)<\/li>\n<li class=\"x_MsoNormal\">Mo\u017cliwo\u015b\u0107 przenoszenia dowod\u00f3w przydatno\u015bci<\/li>\n<li class=\"x_MsoNormal\">Post\u0119powanie z nieodpowiednimi systemami\/procesami pomiarowymi<\/li>\n<li class=\"x_MsoNormal\">Post\u0119powanie z ma\u0142ymi tolerancjami (\u201eDok\u0142adne tolerancje\u201d, skr\u00f3t \u201eFT\u201d, regulacja FT)<\/li>\n<li class=\"x_MsoNormal\">Post\u0119powanie w przypadku niewystarczaj\u0105cej liczebno\u015bci pr\u00f3by w badaniach \u201esystemu pomiarowego\u201d i \u201eprocesu pomiarowego\u201d<\/li>\n<li class=\"x_MsoNormal\">Post\u0119powanie w przypadku ma\u0142ych serii w produkcji przedseryjnej i partii produkcyjnych w rozwoju i produkcji<\/li>\n<li class=\"x_MsoNormal\">Uwzgl\u0119dnienie i ocena bie\u017c\u0105cej przydatno\u015bci poprzez pomiary stabilno\u015bci<\/li>\n<\/ul>\n<p class=\"x_MsoNormal\">Metody obliczania niepewno\u015bci pomiarowej pozostawiono w du\u017cej mierze bez zmian, z wyj\u0105tkiem korekt wska\u017anik\u00f3w i obliczania liniowo\u015bci. Obliczenia uzupe\u0142niono o ma\u0142e tolerancje, tolerancje jednostronne oraz procedury oblicze\u0144 atrybutywnych<\/p>\n<p class=\"x_MsoNormal\">[\u2026] por\u00f3wnanie tytu\u0142\u00f3w rozdzia\u0142\u00f3w starych i nowych wymaga\u0144 normy EN ISO 9001 wskazuje na znacz\u0105ce r\u00f3\u017cnice w zakresie post\u0119powania z \u015brodkami kontrolno-pomiarowymi. Poprzednio poprzestano jedynie na \u201enadzorze nad wyposa\u017ceniem do monitorowania i pomiar\u00f3w\u201d, a od 2015 roku ISO 9001 m\u00f3wi o \u201ezasobach do monitorowania i pomiar\u00f3w\u201d. To pokazuje wyra\u017anie, \u017ce nie chodzi tylko o sprz\u0119t monitoruj\u0105cy i pomiarowy, ale o wszystkie niezb\u0119dne zasoby, od warunk\u00f3w przestrzennych, przez odpowiednio przeszkolony personel, odpowiednie \u015brodki kontrolne, sprz\u0119t pomiarowy wraz z oprogramowaniem, po niezb\u0119dne pomoce i metody, kt\u00f3re maj\u0105 wp\u0142yw na uzyskanie wa\u017cnych i wiarygodnych wynik\u00f3w monitorowania i pomiar\u00f3w. Wszystko to musi odpowiada\u0107 celowi zgodno\u015bci wyrob\u00f3w, a tak\u017ce us\u0142ug, tj. nale\u017cy zapewni\u0107, aby klientowi dostarcza\u0107 tylko zagwarantowan\u0105 jako\u015b\u0107.<\/p>\n","trans_content_short":"<p>VDA 5 Procesy pomiarowe i kontrolne.<\/p>\n<p>Wydanie trzecie, poprawione, lipiec 2021<\/p>\n<p><strong>Wersja w j\u0119zyku polskim.<\/strong><\/p>\n","id_wpisu":"","powiazane_szkolenia":""},"tiered_pricing_type":"fixed","tiered_pricing_fixed_rules":[],"tiered_pricing_product_settings":{"layout":"default","base_unit_name":{"singular":null,"plural":null},"default_variation":null},"tiered_pricing_minimum_quantity":null,"tiered_pricing_roles_data":[],"tiered_pricing_percentage_rules":[],"_links":{"self":[{"href":"https:\/\/wydawnictwo-sqda.pl\/en\/wp-json\/wp\/v2\/product\/20395","targetHints":{"allow":["GET"]}}],"collection":[{"href":"https:\/\/wydawnictwo-sqda.pl\/en\/wp-json\/wp\/v2\/product"}],"about":[{"href":"https:\/\/wydawnictwo-sqda.pl\/en\/wp-json\/wp\/v2\/types\/product"}],"replies":[{"embeddable":true,"href":"https:\/\/wydawnictwo-sqda.pl\/en\/wp-json\/wp\/v2\/comments?post=20395"}],"wp:featuredmedia":[{"embeddable":true,"href":"https:\/\/wydawnictwo-sqda.pl\/en\/wp-json\/wp\/v2\/media\/20399"}],"wp:attachment":[{"href":"https:\/\/wydawnictwo-sqda.pl\/en\/wp-json\/wp\/v2\/media?parent=20395"}],"wp:term":[{"taxonomy":"product_brand","embeddable":true,"href":"https:\/\/wydawnictwo-sqda.pl\/en\/wp-json\/wp\/v2\/product_brand?post=20395"},{"taxonomy":"product_cat","embeddable":true,"href":"https:\/\/wydawnictwo-sqda.pl\/en\/wp-json\/wp\/v2\/product_cat?post=20395"},{"taxonomy":"product_tag","embeddable":true,"href":"https:\/\/wydawnictwo-sqda.pl\/en\/wp-json\/wp\/v2\/product_tag?post=20395"}],"curies":[{"name":"wp","href":"https:\/\/api.w.org\/{rel}","templated":true}]}}