{"id":20342,"date":"2025-02-03T08:00:45","date_gmt":"2025-02-03T07:00:45","guid":{"rendered":"https:\/\/wydawnictwo-sqda.pl\/?post_type=product&#038;p=20342"},"modified":"2025-02-03T08:07:58","modified_gmt":"2025-02-03T07:07:58","slug":"vda-5-1-ruckgefuhrte-inline-messtechnik","status":"publish","type":"product","link":"https:\/\/wydawnictwo-sqda.pl\/en\/product\/vda-5-1-ruckgefuhrte-inline-messtechnik\/","title":{"rendered":"VDA 5.1 R\u00fcckgef\u00fchrte Inline-Messtechnik"},"content":{"rendered":"<p data-olk-copy-source=\"MessageBody\">Podr\u0119cznik\u00a0<b>VDA 5.1 \u201eSp\u00f3jna technika pomiarowa w linii produkcyjnej\u201d<\/b>\u00a0to uzupe\u0142nienie g\u0142\u00f3wnego przewodnika VDA 5, kt\u00f3ry skupia si\u0119 na procesach pomiarowych i kontrolnych w przemy\u015ble motoryzacyjnym. Drugie wydanie VDA 5.1 zosta\u0142o dostosowane do aktualnych trend\u00f3w, takich jak rosn\u0105ce znaczenie pomiar\u00f3w w linii produkcyjnej (ang. inline), kt\u00f3re coraz cz\u0119\u015bciej zast\u0119puj\u0105 tradycyjne metody pomiar\u00f3w w laboratorium pomiarowym (ang. offline).<b><\/b><\/p>\n<p>Dokument obejmuje kompleksowe podej\u015bcie do zarz\u0105dzania procesem kontroli za pomoc\u0105 o\u015bmiostopniowego modelu, zaczynaj\u0105c od planowania procesu pomiarowego, przez badanie odbiorcze, badanie przydatno\u015bci systemu i procesu pomiarowego, a\u017c po zarz\u0105dzanie ich przydatno\u015bci\u0105 na przestrzeni ca\u0142ego cyklu \u017cycia (dow\u00f3d ci\u0105g\u0142ej przydatno\u015bci, reakcj\u0119 na nadzwyczajne zdarzenia, badanie okresowe i kontrol\u0119 po zako\u0144czeniu u\u017cytkowania).<\/p>\n<p>Podr\u0119cznik zawiera:<\/p>\n<ul type=\"disc\">\n<li>Normy i definicje, w tym przyk\u0142ady integracji system\u00f3w pomiarowych inline z procesem produkcyjnym.<\/li>\n<li>Metody oceny przydatno\u015bci system\u00f3w i proces\u00f3w pomiarowych inline, ze szczeg\u00f3lnym uwzgl\u0119dnieniem wp\u0142ywu temperatury<\/li>\n<li>Wytyczne dotycz\u0105ce bada\u0144 odbiorczych i okresowych.<\/li>\n<\/ul>\n<p aria-hidden=\"true\">\n<p>Celem podr\u0119cznika VDA 5.1 jest opisanie metody wykazywania przydatno\u015bci system\u00f3w i proces\u00f3w pomiarowych w oparciu o VDA 5 z uwzgl\u0119dnieniem specjalnych warunk\u00f3w u\u017cytkowania stacji pomiarowych w linii produkcyjnej.<\/p>","protected":false},"excerpt":{"rendered":"<p><span data-olk-copy-source=\"MessageBody\">Wydanie w niemieckiej wersji j\u0119zykowej.<\/span><\/p>\n<p><span data-olk-copy-source=\"MessageBody\">Wydanie drugie 2. Marzec 2024<\/span><\/p>","protected":false},"featured_media":20343,"comment_status":"closed","ping_status":"closed","template":"","meta":[],"product_brand":[],"product_cat":[19,89],"product_tag":[],"class_list":{"0":"post-20342","1":"product","2":"type-product","3":"status-publish","4":"has-post-thumbnail","6":"product_cat-publikacje-vda","7":"product_cat-niemieckojezyczne","8":"product_shipping_class-nazamowienie","10":"first","11":"onbackorder","12":"taxable","13":"shipping-taxable","14":"purchasable","15":"product-type-simple"},"meta_box":{"wyd_pdf_title":"","wyd_pdf":"","wyd_pdf_title_2":"","wyd_pdf_2":"","show_price_check":"0","free_gifts":[],"trans_content_long":"","trans_content_short":"","id_wpisu":"","powiazane_szkolenia":""},"tiered_pricing_type":"fixed","tiered_pricing_fixed_rules":[],"tiered_pricing_product_settings":{"layout":"default","base_unit_name":{"singular":null,"plural":null},"default_variation":null},"tiered_pricing_minimum_quantity":null,"tiered_pricing_roles_data":[],"tiered_pricing_percentage_rules":[],"_links":{"self":[{"href":"https:\/\/wydawnictwo-sqda.pl\/en\/wp-json\/wp\/v2\/product\/20342","targetHints":{"allow":["GET"]}}],"collection":[{"href":"https:\/\/wydawnictwo-sqda.pl\/en\/wp-json\/wp\/v2\/product"}],"about":[{"href":"https:\/\/wydawnictwo-sqda.pl\/en\/wp-json\/wp\/v2\/types\/product"}],"replies":[{"embeddable":true,"href":"https:\/\/wydawnictwo-sqda.pl\/en\/wp-json\/wp\/v2\/comments?post=20342"}],"wp:featuredmedia":[{"embeddable":true,"href":"https:\/\/wydawnictwo-sqda.pl\/en\/wp-json\/wp\/v2\/media\/20343"}],"wp:attachment":[{"href":"https:\/\/wydawnictwo-sqda.pl\/en\/wp-json\/wp\/v2\/media?parent=20342"}],"wp:term":[{"taxonomy":"product_brand","embeddable":true,"href":"https:\/\/wydawnictwo-sqda.pl\/en\/wp-json\/wp\/v2\/product_brand?post=20342"},{"taxonomy":"product_cat","embeddable":true,"href":"https:\/\/wydawnictwo-sqda.pl\/en\/wp-json\/wp\/v2\/product_cat?post=20342"},{"taxonomy":"product_tag","embeddable":true,"href":"https:\/\/wydawnictwo-sqda.pl\/en\/wp-json\/wp\/v2\/product_tag?post=20342"}],"curies":[{"name":"wp","href":"https:\/\/api.w.org\/{rel}","templated":true}]}}