{"id":20074,"date":"2024-11-26T08:08:52","date_gmt":"2024-11-26T07:08:52","guid":{"rendered":"https:\/\/wydawnictwo-sqda.pl\/?post_type=product&#038;p=20074"},"modified":"2025-03-03T08:26:42","modified_gmt":"2025-03-03T07:26:42","slug":"sqda-events-jakosc-w-dzialaniu-zostalo-wydane-z-okazji-swiatowych-dni-jakosci-numer-03","status":"publish","type":"product","link":"https:\/\/wydawnictwo-sqda.pl\/en\/product\/sqda-events-jakosc-w-dzialaniu-zostalo-wydane-z-okazji-swiatowych-dni-jakosci-numer-03\/","title":{"rendered":"SQDA Events: Jako\u015b\u0107 w Dzia\u0142aniu zosta\u0142o wydane z okazji \u015awiatowych Dni Jako\u015bci. Numer 03"},"content":{"rendered":"<p>Trzecie wydanie magazynu SQDA Events: Jako\u015b\u0107 w Dzia\u0142aniu zosta\u0142o wydane z okazji \u015awiatowych Dni Jako\u015bci.<\/p>\n<p>W tym numerze znajdziecie wyj\u0105tkowe tre\u015bci przygotowane przez naszych ekspert\u00f3w:<\/p>\n<ul>\n<li>Wytyczne i wymagania w zakresie integralno\u015bci wyrobu \u2013 dowiedz si\u0119, jakie zmiany przynosi nowy \u201ePlan Kontroli\u201d i jak mog\u0105 one wp\u0142yn\u0105\u0107 na procesy w Twojej organizacji.<\/li>\n<li>VDA 4 Cz\u0119\u015b\u0107 3: Metody \u2013 opis o czym mowa w podr\u0119czniku VDA.<\/li>\n<li>Ewolucja bran\u017cy motoryzacyjnej: Od przesz\u0142o\u015bci do przysz\u0142o\u015bci z AI \u2013 fascynuj\u0105ce spojrzenie na rol\u0119 sztucznej inteligencji w transformacji przemys\u0142u automotive.<\/li>\n<li>Jak SQD Alliance wspiera rozw\u00f3j kompetencji pracownik\u00f3w poprzez E-learning Jako\u015bciowy \u2013 poznaj nowoczesne metody kszta\u0142cenia, kt\u00f3re pomog\u0105 Ci w spieraniu rozwoju pracownik\u00f3w.<\/li>\n<\/ul>\n<p>Magazyn dost\u0119pny jest w formie e-booka, kt\u00f3ry mo\u017cesz pobra\u0107 za darmo i korzysta\u0107 z wiedzy oraz do\u015bwiadczenia naszych specjalist\u00f3w.<\/p>\n<p>Zapraszamy do lektury i wsp\u00f3lnego poszerzania wiedzy na tematy zwi\u0105zane z bran\u017c\u0105 automotive.<\/p>","protected":false},"excerpt":{"rendered":"<p>Trzecie wydanie magazynu SQDA Events: Jako\u015b\u0107 w Dzia\u0142aniu zosta\u0142o wydane z okazji \u015awiatowych Dni Jako\u015bci. W tym numerze znajdziecie wyj\u0105tkowe tre\u015bci przygotowane przez naszych ekspert\u00f3w: Wytyczne i wymagania w zakresie integralno\u015bci wyrobu \u2013 dowiedz si\u0119, jakie zmiany przynosi nowy \u201ePlan Kontroli\u201d i jak mog\u0105 one wp\u0142yn\u0105\u0107 na procesy w Twojej organizacji. VDA 4 Cz\u0119\u015b\u0107 3: [&hellip;]<\/p>\n","protected":false},"featured_media":20075,"comment_status":"open","ping_status":"closed","template":"","meta":[],"product_brand":[],"product_cat":[94],"product_tag":[],"class_list":{"0":"post-20074","1":"product","2":"type-product","3":"status-publish","4":"has-post-thumbnail","6":"product_cat-czasopismo","8":"first","9":"instock","10":"downloadable","11":"virtual","12":"taxable","13":"purchasable","14":"product-type-simple"},"meta_box":{"wyd_pdf_title":"","wyd_pdf":"","wyd_pdf_title_2":"","wyd_pdf_2":"","show_price_check":"0","free_gifts":[],"trans_content_long":"<p>The third edition of the SQDA Events: Quality in Action magazine was published on the occasion of the World Quality Days.<\/p>\n<p>In this issue you will find unique content prepared by our experts:<\/p>\n<p>Guidelines and requirements for product integrity - find out what changes the new \"Control Plan\" brings and how they can affect the processes in your organization.<br \/>\nVDA 4 Part 3: Methods - a description of what is mentioned in the VDA manual.<br \/>\nEvolution of the automotive industry: From the past to the future with AI - a fascinating look at the role of artificial intelligence in the transformation of the automotive industry.<br \/>\nHow SQD Alliance supports the development of employee competences through Quality E-learning - learn about modern education methods that will help you support the development of employees.<\/p>\n<p>The magazine is available as an e-book, which you can download for free and use the knowledge and experience of our specialists.<\/p>\n<p>We invite you to read and expand your knowledge on topics related to the automotive industry together.<\/p>\n","trans_content_short":"","id_wpisu":"","powiazane_szkolenia":""},"tiered_pricing_type":"fixed","tiered_pricing_fixed_rules":[],"tiered_pricing_product_settings":{"layout":"default","base_unit_name":{"singular":null,"plural":null},"default_variation":null},"tiered_pricing_minimum_quantity":null,"tiered_pricing_roles_data":[],"tiered_pricing_percentage_rules":[],"_links":{"self":[{"href":"https:\/\/wydawnictwo-sqda.pl\/en\/wp-json\/wp\/v2\/product\/20074","targetHints":{"allow":["GET"]}}],"collection":[{"href":"https:\/\/wydawnictwo-sqda.pl\/en\/wp-json\/wp\/v2\/product"}],"about":[{"href":"https:\/\/wydawnictwo-sqda.pl\/en\/wp-json\/wp\/v2\/types\/product"}],"replies":[{"embeddable":true,"href":"https:\/\/wydawnictwo-sqda.pl\/en\/wp-json\/wp\/v2\/comments?post=20074"}],"wp:featuredmedia":[{"embeddable":true,"href":"https:\/\/wydawnictwo-sqda.pl\/en\/wp-json\/wp\/v2\/media\/20075"}],"wp:attachment":[{"href":"https:\/\/wydawnictwo-sqda.pl\/en\/wp-json\/wp\/v2\/media?parent=20074"}],"wp:term":[{"taxonomy":"product_brand","embeddable":true,"href":"https:\/\/wydawnictwo-sqda.pl\/en\/wp-json\/wp\/v2\/product_brand?post=20074"},{"taxonomy":"product_cat","embeddable":true,"href":"https:\/\/wydawnictwo-sqda.pl\/en\/wp-json\/wp\/v2\/product_cat?post=20074"},{"taxonomy":"product_tag","embeddable":true,"href":"https:\/\/wydawnictwo-sqda.pl\/en\/wp-json\/wp\/v2\/product_tag?post=20074"}],"curies":[{"name":"wp","href":"https:\/\/api.w.org\/{rel}","templated":true}]}}